{"id":925,"date":"2016-02-13T11:24:43","date_gmt":"2016-02-13T11:24:43","guid":{"rendered":"http:\/\/www.magvas.hu\/?page_id=925"},"modified":"2021-05-22T16:02:58","modified_gmt":"2021-05-22T16:02:58","slug":"zold-rozs","status":"publish","type":"page","link":"https:\/\/magvas.hu\/index.php\/tavaszi-vetomagok\/zold-rozs\/","title":{"rendered":"Z\u00f6ld rozs"},"content":{"rendered":"<p><a href=\"https:\/\/magvas.hu\/index.php\/tavaszi-vetomagok\/szalas-tomegtakarmanyok\/zold-rozs\/zoldrozs-szakmai-informaciok\/\" rel=\"attachment wp-att-1103\"><img loading=\"lazy\" decoding=\"async\" class=\"alignnone wp-image-1103 size-full\" src=\"https:\/\/magvas.hu\/wp-content\/uploads\/2016\/02\/fajtaleirasok-1.jpg\" alt=\"fajtaleirasok\" width=\"400\" height=\"150\" srcset=\"https:\/\/magvas.hu\/wp-content\/uploads\/2016\/02\/fajtaleirasok-1.jpg 400w, https:\/\/magvas.hu\/wp-content\/uploads\/2016\/02\/fajtaleirasok-1-300x113.jpg 300w\" sizes=\"auto, (max-width: 400px) 100vw, 400px\" \/><\/a><\/p>\n<p>Z\u00f6ld rozs vet\u0151mag fajt\u00e1i \u00e9s \u00e1rai<\/p>\n\n<table id=\"tablepress-34\" class=\"tablepress tablepress-id-34\">\n<thead>\n<tr class=\"row-1\">\n\t<th class=\"column-1\">faj<\/th><th class=\"column-2\">fajta<\/th><th class=\"column-3\">megjegyz\u00e9s 1<\/th><th class=\"column-4\">kiszerel\u00e9si egys\u00e9g<\/th><th class=\"column-5\">cs\u00e1v\u00e1z\u00e1s<\/th><th class=\"column-6\">mennyis\u00e9g\/zs\u00e1k<\/th><th class=\"column-7\">nett\u00f3 telepi \u00e1r<\/th><th class=\"column-8\">megye<\/th>\n<\/tr>\n<\/thead>\n<tbody class=\"row-striping row-hover\">\n<tr class=\"row-2\">\n\t<td class=\"column-1\">z\u00f6ld rozs<\/td><td class=\"column-2\">Bonfire<\/td><td class=\"column-3\">holland<\/td><td class=\"column-4\">kg<\/td><td class=\"column-5\">nem<\/td><td class=\"column-6\">bb<\/td><td class=\"column-7\">211.76<\/td><td class=\"column-8\">Gy\u0151r-Moson-Sopron<\/td>\n<\/tr>\n<\/tbody>\n<\/table>\n<!-- #tablepress-34 from cache -->\n","protected":false},"excerpt":{"rendered":"<p>Z\u00f6ld rozs vet\u0151mag fajt\u00e1i \u00e9s \u00e1rai<\/p>\n","protected":false},"author":2,"featured_media":0,"parent":43,"menu_order":0,"comment_status":"closed","ping_status":"closed","template":"","meta":{"footnotes":""},"class_list":["post-925","page","type-page","status-publish","hentry"],"post_mailing_queue_ids":[],"_links":{"self":[{"href":"https:\/\/magvas.hu\/index.php\/wp-json\/wp\/v2\/pages\/925","targetHints":{"allow":["GET"]}}],"collection":[{"href":"https:\/\/magvas.hu\/index.php\/wp-json\/wp\/v2\/pages"}],"about":[{"href":"https:\/\/magvas.hu\/index.php\/wp-json\/wp\/v2\/types\/page"}],"author":[{"embeddable":true,"href":"https:\/\/magvas.hu\/index.php\/wp-json\/wp\/v2\/users\/2"}],"replies":[{"embeddable":true,"href":"https:\/\/magvas.hu\/index.php\/wp-json\/wp\/v2\/comments?post=925"}],"version-history":[{"count":3,"href":"https:\/\/magvas.hu\/index.php\/wp-json\/wp\/v2\/pages\/925\/revisions"}],"predecessor-version":[{"id":4007,"href":"https:\/\/magvas.hu\/index.php\/wp-json\/wp\/v2\/pages\/925\/revisions\/4007"}],"up":[{"embeddable":true,"href":"https:\/\/magvas.hu\/index.php\/wp-json\/wp\/v2\/pages\/43"}],"wp:attachment":[{"href":"https:\/\/magvas.hu\/index.php\/wp-json\/wp\/v2\/media?parent=925"}],"curies":[{"name":"wp","href":"https:\/\/api.w.org\/{rel}","templated":true}]}}