{"id":869,"date":"2016-02-12T20:59:03","date_gmt":"2016-02-12T20:59:03","guid":{"rendered":"http:\/\/www.magvas.hu\/?page_id=869"},"modified":"2021-05-22T15:58:31","modified_gmt":"2021-05-22T15:58:31","slug":"takarmanyrepce","status":"publish","type":"page","link":"https:\/\/magvas.hu\/index.php\/tavaszi-vetomagok\/mezelo-es-zoldtragya-novenyek\/takarmanyrepce\/","title":{"rendered":"Takarm\u00e1nyrepce"},"content":{"rendered":"<p><a href=\"https:\/\/magvas.hu\/index.php\/tavaszi-vetomagok\/mezelo-es-zoldtragya-novenyek\/takarmanyrepce\/takarmanyrepce-szakmai-informaciok\/\" rel=\"attachment wp-att-1103\"><img loading=\"lazy\" decoding=\"async\" class=\"alignnone wp-image-1103 size-full\" src=\"https:\/\/magvas.hu\/wp-content\/uploads\/2016\/02\/fajtaleirasok-1.jpg\" alt=\"fajtaleirasok\" width=\"400\" height=\"150\" srcset=\"https:\/\/magvas.hu\/wp-content\/uploads\/2016\/02\/fajtaleirasok-1.jpg 400w, https:\/\/magvas.hu\/wp-content\/uploads\/2016\/02\/fajtaleirasok-1-300x113.jpg 300w\" sizes=\"auto, (max-width: 400px) 100vw, 400px\" \/><\/a><\/p>\n<p>Takarm\u00e1nyrepce vet\u0151mag fajt\u00e1k \u00e9s \u00e1rak<\/p>\n\n<table id=\"tablepress-76\" class=\"tablepress tablepress-id-76\">\n<thead>\n<tr class=\"row-1\">\n\t<th class=\"column-1\">fajta<\/th><th class=\"column-2\">fajtak\u00e9pvisel\u0151<\/th><th class=\"column-3\">kiszerel\u00e9si egys\u00e9g<\/th><th class=\"column-4\">cs\u00e1v\u00e1z\u00e1s<\/th><th class=\"column-5\">mennyis\u00e9g\/zs\u00e1k<\/th><th class=\"column-6\">nett\u00f3 telepi \u00e1r<\/th><th class=\"column-7\">megye<\/th>\n<\/tr>\n<\/thead>\n<tbody class=\"row-striping row-hover\">\n<tr class=\"row-2\">\n\t<td class=\"column-1\">Akela<\/td><td class=\"column-2\">Pannon-mag<\/td><td class=\"column-3\">kg<\/td><td class=\"column-4\">nem<\/td><td class=\"column-5\">25 kg<\/td><td class=\"column-6\">770.59<\/td><td class=\"column-7\">Gy\u0151r-Moson-Sopron<\/td>\n<\/tr>\n<tr class=\"row-3\">\n\t<td class=\"column-1\">Akela<\/td><td class=\"column-2\">Pannon-mag<\/td><td class=\"column-3\">kg<\/td><td class=\"column-4\">nem<\/td><td class=\"column-5\">25 kg<\/td><td class=\"column-6\">1000<\/td><td class=\"column-7\">Fej\u00e9r<\/td>\n<\/tr>\n<tr class=\"row-4\">\n\t<td class=\"column-1\">Mosa<\/td><td class=\"column-2\">Pannon-mag<\/td><td class=\"column-3\">kg<\/td><td class=\"column-4\">nem<\/td><td class=\"column-5\">25 kg<\/td><td class=\"column-6\">770.59<\/td><td class=\"column-7\">Gy\u0151r-Moson-Sopron<\/td>\n<\/tr>\n<tr class=\"row-5\">\n\t<td class=\"column-1\">Mosa<\/td><td class=\"column-2\">Pannon-mag<\/td><td class=\"column-3\">kg<\/td><td class=\"column-4\">nem<\/td><td class=\"column-5\">25 kg<\/td><td class=\"column-6\">1000<\/td><td class=\"column-7\">Fej\u00e9r<\/td>\n<\/tr>\n<tr class=\"row-6\">\n\t<td class=\"column-1\">Petranova<\/td><td class=\"column-2\">Lajtamag<\/td><td class=\"column-3\">kg<\/td><td class=\"column-4\">nem<\/td><td class=\"column-5\">25 kg<\/td><td class=\"column-6\">576.47<\/td><td class=\"column-7\">Gy\u0151r-Moson-Sopron<\/td>\n<\/tr>\n<tr class=\"row-7\">\n\t<td class=\"column-1\">Prestige<\/td><td class=\"column-2\"><\/td><td class=\"column-3\">kg<\/td><td class=\"column-4\">nem<\/td><td class=\"column-5\">25 kg<\/td><td class=\"column-6\">882.35<\/td><td class=\"column-7\">Gy\u0151r-Moson-Sopron<\/td>\n<\/tr>\n<\/tbody>\n<\/table>\n<!-- #tablepress-76 from cache -->\n","protected":false},"excerpt":{"rendered":"<p>Takarm\u00e1nyrepce vet\u0151mag fajt\u00e1k \u00e9s \u00e1rak<\/p>\n","protected":false},"author":2,"featured_media":0,"parent":403,"menu_order":0,"comment_status":"closed","ping_status":"closed","template":"","meta":{"footnotes":""},"class_list":["post-869","page","type-page","status-publish","hentry"],"post_mailing_queue_ids":[],"_links":{"self":[{"href":"https:\/\/magvas.hu\/index.php\/wp-json\/wp\/v2\/pages\/869","targetHints":{"allow":["GET"]}}],"collection":[{"href":"https:\/\/magvas.hu\/index.php\/wp-json\/wp\/v2\/pages"}],"about":[{"href":"https:\/\/magvas.hu\/index.php\/wp-json\/wp\/v2\/types\/page"}],"author":[{"embeddable":true,"href":"https:\/\/magvas.hu\/index.php\/wp-json\/wp\/v2\/users\/2"}],"replies":[{"embeddable":true,"href":"https:\/\/magvas.hu\/index.php\/wp-json\/wp\/v2\/comments?post=869"}],"version-history":[{"count":3,"href":"https:\/\/magvas.hu\/index.php\/wp-json\/wp\/v2\/pages\/869\/revisions"}],"predecessor-version":[{"id":4002,"href":"https:\/\/magvas.hu\/index.php\/wp-json\/wp\/v2\/pages\/869\/revisions\/4002"}],"up":[{"embeddable":true,"href":"https:\/\/magvas.hu\/index.php\/wp-json\/wp\/v2\/pages\/403"}],"wp:attachment":[{"href":"https:\/\/magvas.hu\/index.php\/wp-json\/wp\/v2\/media?parent=869"}],"curies":[{"name":"wp","href":"https:\/\/api.w.org\/{rel}","templated":true}]}}