{"id":673,"date":"2016-02-09T19:41:26","date_gmt":"2016-02-09T19:41:26","guid":{"rendered":"http:\/\/www.magvas.hu\/?page_id=673"},"modified":"2025-01-30T21:36:42","modified_gmt":"2025-01-30T21:36:42","slug":"zoldtragya-keverek","status":"publish","type":"page","link":"https:\/\/magvas.hu\/index.php\/tavaszi-vetomagok\/mezelo-es-zoldtragya-novenyek\/zoldtragya-keverek\/","title":{"rendered":"Z\u00f6ldtr\u00e1gya kever\u00e9k"},"content":{"rendered":"<p><a href=\"https:\/\/magvas.hu\/index.php\/tavaszi-vetomagok\/mezelo-es-zoldtragya-novenyek\/zoldtragya-keverek\/zoldtragya-keverek-szakmai-informaciok\/\" rel=\"attachment wp-att-1103\"><img loading=\"lazy\" decoding=\"async\" class=\"alignnone size-full wp-image-1103\" src=\"https:\/\/magvas.hu\/wp-content\/uploads\/2016\/02\/fajtaleirasok-1.jpg\" alt=\"fajtaleirasok\" width=\"400\" height=\"150\" srcset=\"https:\/\/magvas.hu\/wp-content\/uploads\/2016\/02\/fajtaleirasok-1.jpg 400w, https:\/\/magvas.hu\/wp-content\/uploads\/2016\/02\/fajtaleirasok-1-300x113.jpg 300w\" sizes=\"auto, (max-width: 400px) 100vw, 400px\" \/><\/a><\/p>\n\n<table id=\"tablepress-77\" class=\"tablepress tablepress-id-77\">\n<thead>\n<tr class=\"row-1\">\n\t<th class=\"column-1\"><strong>Fajta\/n\u00e9v<\/strong><\/th><th class=\"column-2\"><strong>Kiszerel\u00e9s<\/strong><\/th><th class=\"column-3\"><strong>V\u00e1rmegye<\/strong><\/th><th class=\"column-4\"><strong>Nett\u00f3 v\u00e9gfelhaszn\u00e1l\u00f3i \u00e1r<\/strong><\/th>\n<\/tr>\n<\/thead>\n<tbody class=\"row-striping row-hover\">\n<tr class=\"row-2\">\n\t<td class=\"column-1\">Lilla<\/td><td class=\"column-2\">20<\/td><td class=\"column-3\">Gy\u0151r-Moson-Sopron<\/td><td class=\"column-4\">1483 Ft<\/td>\n<\/tr>\n<tr class=\"row-3\">\n\t<td class=\"column-1\">Anabella<\/td><td class=\"column-2\">20<\/td><td class=\"column-3\">J\u00e1sz-Nagykun-Szolnok<\/td><td class=\"column-4\">1667 Ft<\/td>\n<\/tr>\n<tr class=\"row-4\">\n\t<td class=\"column-1\">Lilla<\/td><td class=\"column-2\">20<\/td><td class=\"column-3\">Gy\u0151r-Moson-Sopron<\/td><td class=\"column-4\">1389 Ft<\/td>\n<\/tr>\n<tr class=\"row-5\">\n\t<td class=\"column-1\">Liza<\/td><td class=\"column-2\">25<\/td><td class=\"column-3\">Pest<\/td><td class=\"column-4\">1724 Ft<\/td>\n<\/tr>\n<tr class=\"row-6\">\n\t<td class=\"column-1\">Luxurial<\/td><td class=\"column-2\">1000<\/td><td class=\"column-3\">J\u00e1sz-Nagykun-Szolnok<\/td><td class=\"column-4\">374 Ft<\/td>\n<\/tr>\n<tr class=\"row-7\">\n\t<td class=\"column-1\">Luxurial<\/td><td class=\"column-2\">25\/1000<\/td><td class=\"column-3\">Gy\u0151r-Moson-Sopron<\/td><td class=\"column-4\">408 Ft<\/td>\n<\/tr>\n<tr class=\"row-8\">\n\t<td class=\"column-1\">Luxurial<\/td><td class=\"column-2\">25<\/td><td class=\"column-3\">Gy\u0151r-Moson-Sopron<\/td><td class=\"column-4\">483 Ft<\/td>\n<\/tr>\n<tr class=\"row-9\">\n\t<td class=\"column-1\">28% b\u00edborhere, 13% lucerna, 30% fac\u00e9lia, 4% must\u00e1r, 6% poh\u00e1nka, 6% olajretek, 7% v\u00f6r\u00f6shere, 6% pannon b\u00fckk\u00f6ny<\/td><td class=\"column-2\">25<\/td><td class=\"column-3\">Fej\u00e9r<\/td><td class=\"column-4\">1695 Ft<\/td>\n<\/tr>\n<tr class=\"row-10\">\n\t<td class=\"column-1\">20 % b\u00edborhere, 5 % alexandriai here, 20 % fac\u00e9lia, 40 % poh\u00e1nka, 10 % must\u00e1r, 5 % n\u00e9germag<\/td><td class=\"column-2\">10<\/td><td class=\"column-3\">Gy\u0151r-Moson-Sopron<\/td><td class=\"column-4\">1057 Ft<\/td>\n<\/tr>\n<tr class=\"row-11\">\n\t<td class=\"column-1\">20% b\u00edborhere, 20% fac\u00e9lia, 40% poh\u00e1nka, 10% must\u00e1r 5% alexandriai here, 5% napraforg\u00f3<\/td><td class=\"column-2\">10<\/td><td class=\"column-3\">Pest<\/td><td class=\"column-4\">hamarosan<\/td>\n<\/tr>\n<tr class=\"row-12\">\n\t<td class=\"column-1\">alexandriai here 7 %, baltacim 15 %, b\u00edborhere 10 %,<br \/>\nfeh\u00e9rhere 5 %, fac\u00e9lia 5 %, lucerna 12 %, must\u00e1r 2%,<br \/>\nv\u00f6r\u00f6shere 20 %, \u00e9vel\u0151rozs 3 %, poh\u00e1nka 15 %, r\u00e9ti kom\u00f3csin 3 %, szarvaskerep 3 %<\/td><td class=\"column-2\">10<\/td><td class=\"column-3\">Gy\u0151r-Moson-Sopron<\/td><td class=\"column-4\">1805 Ft<\/td>\n<\/tr>\n<tr class=\"row-13\">\n\t<td class=\"column-1\">20% poh\u00e1nka, 17% baltac\u00edm, 15% fac\u00e9lia, 13% v\u00f6r\u00f6shere, 10% lucerna, 10% b\u00edborhere, 5% feh\u00e9rhere, 5% must\u00e1r, 5% alexandriai here<\/td><td class=\"column-2\">10<\/td><td class=\"column-3\">Pest<\/td><td class=\"column-4\">hamarosan<\/td>\n<\/tr>\n<tr class=\"row-14\">\n\t<td class=\"column-1\">24% Poh\u00e1nka\/Fagopyrum esculentum 18% Vicia sativa\/Tavaszi b\u00fckk\u00f6ny 15% Lupinus albus\/Feh\u00e9rvir\u00e1g\u00fa csillagf\u00fcrt 10% Trifolium incarnatum\/B\u00edborhere 5% Phacelia tanacetifolia\/Fac\u00e9lia 10% Raphanus sativus\/Olajretek 2% Linum usitatissimum\/Len 6% Sinapis alba\/Must\u00e1r 10% Vicia pannonica\/Pannon b\u00fckk\u00f6ny<\/td><td class=\"column-2\">25<\/td><td class=\"column-3\">Gy\u0151r-Moson Sopron<\/td><td class=\"column-4\">684 Ft<\/td>\n<\/tr>\n<tr class=\"row-15\">\n\t<td class=\"column-1\">4% Trifolium pratense\/V\u00f6r\u00f6s here, 6% Medicago sativa\/Lucerna, 10% Trifolium incarnatum\/B\u00edborhere, 20% Vicia sativa \/Tavaszi b\u00fckk\u00f6ny,  5% Phacelia tanacetifolia\/Fac\u00e9lia, 30% Fagopyrum esculentum\/Hajdina, 20% Onobrichys viciaefolia\/Baltacim, 5% Sinapis alba\/Must\u00e1r  <\/td><td class=\"column-2\">25<\/td><td class=\"column-3\">Gy\u0151r-Moson Sopron<\/td><td class=\"column-4\">937 Ft<\/td>\n<\/tr>\n<tr class=\"row-16\">\n\t<td class=\"column-1\">Mino early\/Structurator<\/td><td class=\"column-2\">25<\/td><td class=\"column-3\">Gy\u0151r-Moson-Sopron<\/td><td class=\"column-4\">1634 Ft<\/td>\n<\/tr>\n<tr class=\"row-17\">\n\t<td class=\"column-1\">Mino early<\/td><td class=\"column-2\">25<\/td><td class=\"column-3\">Gy\u0151r-Moson-Sopron<\/td><td class=\"column-4\">1667 Ft<\/td>\n<\/tr>\n<tr class=\"row-18\">\n\t<td class=\"column-1\">Bea<\/td><td class=\"column-2\">25\/1000<\/td><td class=\"column-3\">Gy\u0151r-Moson-Sopron<\/td><td class=\"column-4\">701 Ft<\/td>\n<\/tr>\n<tr class=\"row-19\">\n\t<td class=\"column-1\">Marci<\/td><td class=\"column-2\">25<\/td><td class=\"column-3\">Gy\u0151r-Moson-Sopron<\/td><td class=\"column-4\">730 Ft<\/td>\n<\/tr>\n<tr class=\"row-20\">\n\t<td class=\"column-1\">Barka<\/td><td class=\"column-2\">25<\/td><td class=\"column-3\">Pest<\/td><td class=\"column-4\">730 Ft<\/td>\n<\/tr>\n<tr class=\"row-21\">\n\t<td class=\"column-1\">kereskedelmi f\u00e9mz\u00e1rolt<\/td><td class=\"column-2\">10<\/td><td class=\"column-3\">Gy\u0151r-Moson-Sopron<\/td><td class=\"column-4\">1023 Ft<\/td>\n<\/tr>\n<tr class=\"row-22\">\n\t<td class=\"column-1\">Kereskedelmi, f\u00e9mz\u00e1rolt<\/td><td class=\"column-2\">10<\/td><td class=\"column-3\">Gy\u0151r-Moson-Sopron<\/td><td class=\"column-4\">1069 Ft<\/td>\n<\/tr>\n<tr class=\"row-23\">\n\t<td class=\"column-1\">Iris<\/td><td class=\"column-2\">25<\/td><td class=\"column-3\">J\u00e1sz-Nagykun-Szolnok<\/td><td class=\"column-4\">908 Ft<\/td>\n<\/tr>\n<tr class=\"row-24\">\n\t<td class=\"column-1\">Dora<\/td><td class=\"column-2\">25\/1000<\/td><td class=\"column-3\">Gy\u0151r-Moson-Sopron<\/td><td class=\"column-4\">885 Ft<\/td>\n<\/tr>\n<tr class=\"row-25\">\n\t<td class=\"column-1\">Anna<\/td><td class=\"column-2\">25<\/td><td class=\"column-3\">Gy\u0151r-Moson-Sopron<\/td><td class=\"column-4\">862 Ft<\/td>\n<\/tr>\n<tr class=\"row-26\">\n\t<td class=\"column-1\">65 % Medicago sativa\/ Lucerna, 5 % Trifolium pratense\/ V\u00f6r\u00f6shere, 25 % Trifolium incarnatum\/ B\u00edborhere, 5 % Trifolim repens\/ Feh\u00e9r here Vet\u00e9sid\u0151: m\u00e1rcius-\u00e1prilis 15.\/ augusztus10-szeptember 30 Mennyis\u00e9g: 25-30 kg\/ha <\/td><td class=\"column-2\">25<\/td><td class=\"column-3\">Gy\u0151r-Moson Sopron<\/td><td class=\"column-4\">2287 Ft<\/td>\n<\/tr>\n<tr class=\"row-27\">\n\t<td class=\"column-1\">70% Medicago sativa\/Lucerna,<br \/>\n15% Tr\u00edfoliunv pratense\/V\u00f6r\u00f6s here,<br \/>\n5% Trifolium repens\/Feh\u00e9r here,<br \/>\n10% Trifolium incarnatum\/B\u013aborhere<br \/>\n<\/td><td class=\"column-2\">25<\/td><td class=\"column-3\">Gy\u0151r-Moson Sopron<\/td><td class=\"column-4\">2552 Ft<\/td>\n<\/tr>\n<tr class=\"row-28\">\n\t<td class=\"column-1\">Hajnalka<\/td><td class=\"column-2\">25<\/td><td class=\"column-3\">Pest<\/td><td class=\"column-4\">632 Ft<\/td>\n<\/tr>\n<tr class=\"row-29\">\n\t<td class=\"column-1\">Hajnalka<\/td><td class=\"column-2\">25<\/td><td class=\"column-3\">Gy\u0151r-Moson-Sopron<\/td><td class=\"column-4\">454 Ft<\/td>\n<\/tr>\n<tr class=\"row-30\">\n\t<td class=\"column-1\">Hajnalka<\/td><td class=\"column-2\">25<\/td><td class=\"column-3\">Gy\u0151r-Moson-Sopron<\/td><td class=\"column-4\">529 Ft<\/td>\n<\/tr>\n<tr class=\"row-31\">\n\t<td class=\"column-1\">Kismagv\u00fa<\/td><td class=\"column-2\">25\/1000<\/td><td class=\"column-3\">J\u00e1sz-Nagykun-Szolnok<\/td><td class=\"column-4\">678 Ft<\/td>\n<\/tr>\n<tr class=\"row-32\">\n\t<td class=\"column-1\">Fontan<\/td><td class=\"column-2\">25<\/td><td class=\"column-3\">Gy\u0151r-Moson-Sopron<\/td><td class=\"column-4\">879 Ft<\/td>\n<\/tr>\n<tr class=\"row-33\">\n\t<td class=\"column-1\">Horp\u00e1csi lila<\/td><td class=\"column-2\">25<\/td><td class=\"column-3\">Kom\u00e1rom-Esztergom<\/td><td class=\"column-4\">2941 Ft<\/td>\n<\/tr>\n<tr class=\"row-34\">\n\t<td class=\"column-1\">15% lucerna (Medicago sativa), 5% szarvaskerep (Lotus corniculatus), 5% v\u00f6r\u00f6shere (Trifolium pratense), 5% feh\u00e9rhere (Trifolium repens), 5% poh\u00e1nka (Fagopyrum esculentum), 10% tavaszi b\u00fckk\u00f6ny (Vicia sativa), 10% baltac\u00edm (Onobrychis viciaefolia), 10% olajretek (Raphanus sativus), 10% r\u00e9ti kom\u00f3csin (Phleum pratense),<br \/>\n5% csom\u00f3s eb\u00edr (Dactylis glomerata),<br \/>\n5% v\u00f6r\u00f6scsenkesz (Festuca rubra), 10 % must\u00e1r (Sinapis alba) <\/td><td class=\"column-2\">25<\/td><td class=\"column-3\">Pest<\/td><td class=\"column-4\">1667 Ft<\/td>\n<\/tr>\n<tr class=\"row-35\">\n\t<td class=\"column-1\">20 % v\u00f6r\u00f6shere, 15% poh\u00e1nka, 15% baltacim, 12% lucerna, 10% b\u00edborhere, 7% alexandriai here, 5% feh\u00e9rhere, 5% fac\u00e9lia, 3% szarvaskerep, 3% \u00e9vel\u0151 rozs, 3% r\u00e9ti kom\u00f3csin, 2% must\u00e1r<\/td><td class=\"column-2\">10<\/td><td class=\"column-3\">Gy\u0151r-Moson-Sopron<\/td><td class=\"column-4\">2023 Ft<\/td>\n<\/tr>\n<tr class=\"row-36\">\n\t<td class=\"column-1\">10 %olaszperje (Lolium multiflorum), 10% v\u00f6r\u00f6scsenkesz (Festuca rubra), 10% r\u00e9ti kom\u00f3csin (Phleum pratense), 10% tavaszi b\u00fckk\u00f6ny (Vicia sativa), 15% b\u00edborhere (Trifolium incarnatum), 15% lucerna (Medicago sativa), 10% baltacim (Onobrychis viciaefolia), 5% feh\u00e9rhere (Trifolium repens), 5%<br \/>\nv\u00f6r\u00f6shere (Trifolium pratense),  5% must\u00e1r (Sinapis alba) , 5%<br \/>\nPoh\u00e1nka (Fagopyrum esculentum)<\/td><td class=\"column-2\">25<\/td><td class=\"column-3\">Pest<\/td><td class=\"column-4\">1379 Ft<\/td>\n<\/tr>\n<tr class=\"row-37\">\n\t<td class=\"column-1\">Varda<\/td><td class=\"column-2\">1000<\/td><td class=\"column-3\">Gy\u0151r-Moson-Sopron<\/td><td class=\"column-4\">259 Ft<\/td>\n<\/tr>\n<tr class=\"row-38\">\n\t<td class=\"column-1\">70 % must\u00e1r, 30 % olajretek<\/td><td class=\"column-2\">25<\/td><td class=\"column-3\">Gy\u0151r-Moson-Sopron<\/td><td class=\"column-4\">885 Ft<\/td>\n<\/tr>\n<tr class=\"row-39\">\n\t<td class=\"column-1\">10 % fac\u00e9lia, 30 % b\u00edborhere, 60 % poh\u00e1nka<\/td><td class=\"column-2\">25<\/td><td class=\"column-3\">Gy\u0151r-Moson-Sopron<\/td><td class=\"column-4\">793 Ft<\/td>\n<\/tr>\n<tr class=\"row-40\">\n\t<td class=\"column-1\">70 % z\u00f6ldrozs, 30 % must\u00e1r<\/td><td class=\"column-2\">25<\/td><td class=\"column-3\">Gy\u0151r-Moson-Sopron<\/td><td class=\"column-4\">483 Ft<\/td>\n<\/tr>\n<tr class=\"row-41\">\n\t<td class=\"column-1\">60 % homoki zab, 30 % alexandriai here, 10 % must\u00e1r<\/td><td class=\"column-2\">25<\/td><td class=\"column-3\">Gy\u0151r-Moson-Sopron<\/td><td class=\"column-4\">931 Ft<\/td>\n<\/tr>\n<tr class=\"row-42\">\n\t<td class=\"column-1\">10% melior\u00e1ci\u00f3s retek, 30% takarm\u00e1nybors\u00f3,  29% homoki zab, 31% tavaszi b\u00fckk\u00f6ny<\/td><td class=\"column-2\">25<\/td><td class=\"column-3\">Gy\u0151r-Moson-Sopron<\/td><td class=\"column-4\">586 Ft<\/td>\n<\/tr>\n<tr class=\"row-43\">\n\t<td class=\"column-1\">10% fac\u00e9lia, 30% b\u00edborhere, 60% tavaszi b\u00fckk\u00f6ny<\/td><td class=\"column-2\">25<\/td><td class=\"column-3\">Gy\u0151r-Moson-Sopron<\/td><td class=\"column-4\">845 Ft<\/td>\n<\/tr>\n<tr class=\"row-44\">\n\t<td class=\"column-1\">39% fac\u00e9lia, 61% b\u00edborhere<\/td><td class=\"column-2\">25<\/td><td class=\"column-3\">Fej\u00e9r<\/td><td class=\"column-4\">1695 Ft<\/td>\n<\/tr>\n<tr class=\"row-45\">\n\t<td class=\"column-1\">38% angolperje, 17% v\u00f6r\u00f6shere, 16% b\u00edborhere, 14% lucerna, 10% fac\u00e9lia, 5% poh\u00e1nka<\/td><td class=\"column-2\">20<\/td><td class=\"column-3\">Fej\u00e9r<\/td><td class=\"column-4\">1695 Ft<\/td>\n<\/tr>\n<tr class=\"row-46\">\n\t<td class=\"column-1\">48% homoki zab, 52% fac\u00e9lia<\/td><td class=\"column-2\">25<\/td><td class=\"column-3\">Fej\u00e9r<\/td><td class=\"column-4\">995 Ft<\/td>\n<\/tr>\n<tr class=\"row-47\">\n\t<td class=\"column-1\">50% rozs, 50% takarm\u00e1nyrepce<\/td><td class=\"column-2\">25<\/td><td class=\"column-3\">Fej\u00e9r<\/td><td class=\"column-4\">580 Ft<\/td>\n<\/tr>\n<tr class=\"row-48\">\n\t<td class=\"column-1\">85% feh\u00e9r must\u00e1r, 15% olajretek<\/td><td class=\"column-2\">25<\/td><td class=\"column-3\">Fej\u00e9r<\/td><td class=\"column-4\">1095 Ft<\/td>\n<\/tr>\n<tr class=\"row-49\">\n\t<td class=\"column-1\">70% must\u00e1r, 30% olajretek<\/td><td class=\"column-2\">25<\/td><td class=\"column-3\">Gy\u0151r-Moson-Sopron<\/td><td class=\"column-4\">856 Ft<\/td>\n<\/tr>\n<tr class=\"row-50\">\n\t<td class=\"column-1\">40% Takarm\u00e1nybors\u00f3 (Pisum sativum), 30% Tavaszi zab (Avena sativa), 10% B\u00edborhere (Trifolium incarnatum), 10% Feh\u00e9rmust\u00e1r (Sinapis alba), 10% Olajretek (Raphanus sativus)<\/td><td class=\"column-2\">25<\/td><td class=\"column-3\">Pest<\/td><td class=\"column-4\">hamarosan<\/td>\n<\/tr>\n<tr class=\"row-51\">\n\t<td class=\"column-1\">60% Poh\u00e1nka (Fagopyrum esculentum), 20% Olajretek (Raphanus sativus), 20% Feh\u00e9rmust\u00e1r (Sinapis alba)<\/td><td class=\"column-2\">25<\/td><td class=\"column-3\">Pest<\/td><td class=\"column-4\">hamarosan<\/td>\n<\/tr>\n<tr class=\"row-52\">\n\t<td class=\"column-1\">44% poh\u00e1nka, 40% tavaszi b\u00fckk\u00f6ny, 16% fac\u00e9lia<\/td><td class=\"column-2\">25<\/td><td class=\"column-3\">Pest<\/td><td class=\"column-4\">908 Ft<\/td>\n<\/tr>\n<tr class=\"row-53\">\n\t<td class=\"column-1\">44% Poh\u00e1nka (Fagopyrum esculentum), 40% Tavaszi b\u00fckk\u00f6ny (Vicia sativa), 16% B\u00edborhere (Trifolium incarnatum)<\/td><td class=\"column-2\">25<\/td><td class=\"column-3\">Pest<\/td><td class=\"column-4\">747 Ft<\/td>\n<\/tr>\n<tr class=\"row-54\">\n\t<td class=\"column-1\">70% Feh\u00e9rmust\u00e1r (Sinapis alba), 30% Olajretek (Raphanus sativus)<\/td><td class=\"column-2\">25<\/td><td class=\"column-3\">Pest<\/td><td class=\"column-4\">908 Ft<\/td>\n<\/tr>\n<tr class=\"row-55\">\n\t<td class=\"column-1\">55% Szud\u00e1nif\u0171 (Sorghum sudanese), 20% B\u00edborhere (Trifolium incarnatum), 15% Olajretek (Raphanus sativus), 10% Alexandriai here (Trifolium alexandrinum)<\/td><td class=\"column-2\">25<\/td><td class=\"column-3\">Pest<\/td><td class=\"column-4\">hamarosan<\/td>\n<\/tr>\n<tr class=\"row-56\">\n\t<td class=\"column-1\">51 % feh\u00e9r must\u00e1r, 49 % fac\u00e9lia<\/td><td class=\"column-2\">10<\/td><td class=\"column-3\">Gy\u0151r-Moson-Sopron<\/td><td class=\"column-4\">629 Ft<\/td>\n<\/tr>\n<tr class=\"row-57\">\n\t<td class=\"column-1\">51% lucerna, 20% olaszperje, 29% angolperje<\/td><td class=\"column-2\">25<\/td><td class=\"column-3\">Pest<\/td><td class=\"column-4\">1954 Ft<\/td>\n<\/tr>\n<tr class=\"row-58\">\n\t<td class=\"column-1\">51% fac\u00e9lia, 49% alexandriai here<\/td><td class=\"column-2\">10<\/td><td class=\"column-3\">Gy\u0151r-Moson-Sopron<\/td><td class=\"column-4\">1437 Ft<\/td>\n<\/tr>\n<tr class=\"row-59\">\n\t<td class=\"column-1\">60 % homoki zab, 30 % tavaszi b\u00fckk\u00f6ny, 10 % alexandriai here<\/td><td class=\"column-2\">25<\/td><td class=\"column-3\">Gy\u0151r-Moson-Sopron<\/td><td class=\"column-4\">672 Ft<\/td>\n<\/tr>\n<tr class=\"row-60\">\n\t<td class=\"column-1\">30% koml\u00f3s lucerna, <br \/>\n25% szarvaskerep, <br \/>\n25% feh\u00e9rhere, <br \/>\n10% l\u00e1ndzs\u00e1s \u00fatif\u0171, <br \/>\n5% tarka koronaf\u00fcrt, <br \/>\n5% vadmurok<\/td><td class=\"column-2\">10<\/td><td class=\"column-3\">Gy\u0151r-Moson-Sopron<\/td><td class=\"column-4\">6034 Ft<\/td>\n<\/tr>\n<tr class=\"row-61\">\n\t<td class=\"column-1\">51% v\u00f6r\u00f6shere, 20% olaszperje, 29% angolperje<\/td><td class=\"column-2\">25<\/td><td class=\"column-3\">Pest<\/td><td class=\"column-4\">2644 Ft<\/td>\n<\/tr>\n<tr class=\"row-62\">\n\t<td class=\"column-1\">76 % rozs, 4 % fac\u00e9lia, 20 % b\u00edborhere<\/td><td class=\"column-2\">25<\/td><td class=\"column-3\">Gy\u0151r-Moson-Sopron<\/td><td class=\"column-4\">431 Ft<\/td>\n<\/tr>\n<tr class=\"row-63\">\n\t<td class=\"column-1\">43% rozs, <br \/>\n15% fac\u00e9lia, <br \/>\n32% b\u00edborhere, <br \/>\n10% pannon b\u00fckk\u00f6ny<\/td><td class=\"column-2\">25<\/td><td class=\"column-3\">Gy\u0151r-Moson-Sopron<\/td><td class=\"column-4\">546 Ft<\/td>\n<\/tr>\n<tr class=\"row-64\">\n\t<td class=\"column-1\">60 % angolperje,<br \/>\n17 % olaszperje,<br \/>\n9 % n\u00e1dk\u00e9p\u0171 csenkesz,<br \/>\n4 % csom\u00f3s eb\u00edr,<br \/>\n10 % feh\u00e9rhere<\/td><td class=\"column-2\">15<\/td><td class=\"column-3\">Gy\u0151r-Moson-Sopron<\/td><td class=\"column-4\">1552 Ft<\/td>\n<\/tr>\n<tr class=\"row-65\">\n\t<td class=\"column-1\">15 % feh\u00e9rhere,<br \/>\n15 % alexandriai here,<br \/>\n3 % szarvaskerep,<br \/>\n25 % n\u00e1dk\u00e9p\u0171 csenkesz,<br \/>\n30 % v\u00f6r\u00f6s csenkesz,<br \/>\n12 % angolperje<\/td><td class=\"column-2\">15<\/td><td class=\"column-3\">Gy\u0151r-Moson-Sopron<\/td><td class=\"column-4\">2103 Ft<\/td>\n<\/tr>\n<tr class=\"row-66\">\n\t<td class=\"column-1\">64 % poh\u00e1nka,<br \/>\n12 % fac\u00e9lia,<br \/>\n24 % b\u00edborhere<\/td><td class=\"column-2\">25<\/td><td class=\"column-3\">Gy\u0151r-Moson-Sopron<\/td><td class=\"column-4\">667 Ft<\/td>\n<\/tr>\n<tr class=\"row-67\">\n\t<td class=\"column-1\">40 % b\u00fckk\u00f6ny,<br \/>\n16 % fac\u00e9lia,<br \/>\n44 % poh\u00e1nka<\/td><td class=\"column-2\">25<\/td><td class=\"column-3\">Gy\u0151r-Moson-Sopron<\/td><td class=\"column-4\">626 Ft<\/td>\n<\/tr>\n<tr class=\"row-68\">\n\t<td class=\"column-1\">10% lucerna, 50 % angol perje, 40 % olaszperje<\/td><td class=\"column-2\">25<\/td><td class=\"column-3\">Pest<\/td><td class=\"column-4\">1103 Ft<\/td>\n<\/tr>\n<tr class=\"row-69\">\n\t<td class=\"column-1\">10% feh\u00e9rhere, 50 % angol perje, 40 % olaszperje<\/td><td class=\"column-2\">25<\/td><td class=\"column-3\">Pest<\/td><td class=\"column-4\">1368 Ft<\/td>\n<\/tr>\n<tr class=\"row-70\">\n\t<td class=\"column-1\">10% v\u00f6r\u00f6shere, 40% olaszperje, 50% angolperje<\/td><td class=\"column-2\">25<\/td><td class=\"column-3\">Pest<\/td><td class=\"column-4\">1368 Ft<\/td>\n<\/tr>\n<tr class=\"row-71\">\n\t<td class=\"column-1\">10% baltac\u00edm, 20% tavaszi b\u00fckk\u00f6ny, 30% olaszperje, 40% olaszperje<\/td><td class=\"column-2\">25<\/td><td class=\"column-3\">Pest<\/td><td class=\"column-4\">977 Ft<\/td>\n<\/tr>\n<tr class=\"row-72\">\n\t<td class=\"column-1\">35% lucerna, 3% olaszperje, 35% angolperje<\/td><td class=\"column-2\">25<\/td><td class=\"column-3\">Pest<\/td><td class=\"column-4\">1552 Ft<\/td>\n<\/tr>\n<tr class=\"row-73\">\n\t<td class=\"column-1\">60 % lucerna,<br \/>\n28 % b\u00edborhere,<br \/>\n8 % v\u00f6r\u00f6shere,<br \/>\n4 %feh\u00e9rhere<\/td><td class=\"column-2\">25<\/td><td class=\"column-3\">Gy\u0151r-Moson-Sopron<\/td><td class=\"column-4\">2356 Ft<\/td>\n<\/tr>\n<tr class=\"row-74\">\n\t<td class=\"column-1\">50% angolperje, 30% olaszperje, 10% lucerna, 10% b\u00edborhere<\/td><td class=\"column-2\">20<\/td><td class=\"column-3\">Gy\u0151r-Moson-Sopron<\/td><td class=\"column-4\">1149 Ft<\/td>\n<\/tr>\n<tr class=\"row-75\">\n\t<td class=\"column-1\">10% szarvaskerep, 80% olaszperje, 10% b\u00edborhere<\/td><td class=\"column-2\">25<\/td><td class=\"column-3\">Gy\u0151r-Moson-Sopron<\/td><td class=\"column-4\">1379 Ft<\/td>\n<\/tr>\n<tr class=\"row-76\">\n\t<td class=\"column-1\">45% lucerna, 50% olaszperje, 5% b\u00edborhere<\/td><td class=\"column-2\">25<\/td><td class=\"column-3\">Gy\u0151r-Moson-Sopron<\/td><td class=\"column-4\">1747 Ft<\/td>\n<\/tr>\n<tr class=\"row-77\">\n\t<td class=\"column-1\">30% angolperje, 30% v\u00f6r\u00f6scsenkesz, 25% juhcsenkesz, 5% r\u00e9ti perje, 5% feh\u00e9rhere, 5% szarvaskerep<\/td><td class=\"column-2\">25<\/td><td class=\"column-3\">Pest<\/td><td class=\"column-4\">1839 Ft<\/td>\n<\/tr>\n<tr class=\"row-78\">\n\t<td class=\"column-1\">10 %   Medicago sativa  \/  Lucerna,  10 % R\u00e9ticsenkesz,40 % Lolium multiflorum \/Olasz perje, 40 % Lolium perenne \/Angol perje<\/td><td class=\"column-2\">25<\/td><td class=\"column-3\">Gy\u0151r-Moson Sopron<\/td><td class=\"column-4\">1109 Ft<\/td>\n<\/tr>\n<tr class=\"row-79\">\n\t<td class=\"column-1\">35 %   Medicago sativa  \/  Lucerna,  25 % Dactylis Glomerata\/Csom\u00f3s eb\u00edr, 10% Lolium multiflorum \/Olasz perje, 30% Lolium perenne \/Angol perje<\/td><td class=\"column-2\">25<\/td><td class=\"column-3\">Gy\u0151r-Moson Sopron<\/td><td class=\"column-4\">1586 Ft<\/td>\n<\/tr>\n<tr class=\"row-80\">\n\t<td class=\"column-1\">51 % Medicago sativa\/Lucerna 14 % Dactylis Glomerata\/Csom\u00f3s eb\u00edr 25 % Lolium perenne\/Angolperje 10 % Lolium multiflorum\/ olaszperje<\/td><td class=\"column-2\">25<\/td><td class=\"column-3\">Gy\u0151r-Moson Sopron<\/td><td class=\"column-4\">1810 Ft<\/td>\n<\/tr>\n<\/tbody>\n<\/table>\n\n","protected":false},"excerpt":{"rendered":"","protected":false},"author":2,"featured_media":0,"parent":403,"menu_order":0,"comment_status":"closed","ping_status":"closed","template":"","meta":{"footnotes":""},"class_list":["post-673","page","type-page","status-publish","hentry"],"post_mailing_queue_ids":[],"_links":{"self":[{"href":"https:\/\/magvas.hu\/index.php\/wp-json\/wp\/v2\/pages\/673","targetHints":{"allow":["GET"]}}],"collection":[{"href":"https:\/\/magvas.hu\/index.php\/wp-json\/wp\/v2\/pages"}],"about":[{"href":"https:\/\/magvas.hu\/index.php\/wp-json\/wp\/v2\/types\/page"}],"author":[{"embeddable":true,"href":"https:\/\/magvas.hu\/index.php\/wp-json\/wp\/v2\/users\/2"}],"replies":[{"embeddable":true,"href":"https:\/\/magvas.hu\/index.php\/wp-json\/wp\/v2\/comments?post=673"}],"version-history":[{"count":1,"href":"https:\/\/magvas.hu\/index.php\/wp-json\/wp\/v2\/pages\/673\/revisions"}],"predecessor-version":[{"id":3009,"href":"https:\/\/magvas.hu\/index.php\/wp-json\/wp\/v2\/pages\/673\/revisions\/3009"}],"up":[{"embeddable":true,"href":"https:\/\/magvas.hu\/index.php\/wp-json\/wp\/v2\/pages\/403"}],"wp:attachment":[{"href":"https:\/\/magvas.hu\/index.php\/wp-json\/wp\/v2\/media?parent=673"}],"curies":[{"name":"wp","href":"https:\/\/api.w.org\/{rel}","templated":true}]}}