{"id":669,"date":"2016-02-09T19:40:58","date_gmt":"2016-02-09T19:40:58","guid":{"rendered":"http:\/\/www.magvas.hu\/?page_id=669"},"modified":"2021-05-24T16:46:03","modified_gmt":"2021-05-24T16:46:03","slug":"olajretek","status":"publish","type":"page","link":"https:\/\/magvas.hu\/index.php\/tavaszi-vetomagok\/mezelo-es-zoldtragya-novenyek\/olajretek\/","title":{"rendered":"Olajretek"},"content":{"rendered":"<p><a href=\"https:\/\/magvas.hu\/index.php\/tavaszi-vetomagok\/mezelo-es-zoldtragya-novenyek\/olajretek\/olajretek-szakmai-informaciok\/\" rel=\"attachment wp-att-1103\"><img loading=\"lazy\" decoding=\"async\" class=\"alignnone size-full wp-image-1103\" src=\"https:\/\/magvas.hu\/wp-content\/uploads\/2016\/02\/fajtaleirasok-1.jpg\" alt=\"fajtaleirasok\" width=\"400\" height=\"150\" srcset=\"https:\/\/magvas.hu\/wp-content\/uploads\/2016\/02\/fajtaleirasok-1.jpg 400w, https:\/\/magvas.hu\/wp-content\/uploads\/2016\/02\/fajtaleirasok-1-300x113.jpg 300w\" sizes=\"auto, (max-width: 400px) 100vw, 400px\" \/><\/a><\/p>\n<p>Olajretek vet\u0151mag fajt\u00e1k \u00e9s \u00e1rak<\/p>\n\n<table id=\"tablepress-75\" class=\"tablepress tablepress-id-75\">\n<thead>\n<tr class=\"row-1\">\n\t<th class=\"column-1\">fajta<\/th><th class=\"column-2\">\u00e1tlagos vet\u00e9snorma\/hekt\u00e1r<\/th><th class=\"column-3\">mennyis\u00e9g\/zs\u00e1k<\/th><th class=\"column-4\">nett\u00f3 telepi ft\/kg<\/th>\n<\/tr>\n<\/thead>\n<tbody class=\"row-striping row-hover\">\n<tr class=\"row-2\">\n\t<td class=\"column-1\">Anna<\/td><td class=\"column-2\">25 kg<\/td><td class=\"column-3\">25 kg,1000 kg BB<\/td><td class=\"column-4\">541.18<\/td>\n<\/tr>\n<tr class=\"row-3\">\n\t<td class=\"column-1\">Anna<\/td><td class=\"column-2\">25 kg<\/td><td class=\"column-3\">25 kg<\/td><td class=\"column-4\">494.12<\/td>\n<\/tr>\n<tr class=\"row-4\">\n\t<td class=\"column-1\">D\u00f3ra<\/td><td class=\"column-2\">25 kg<\/td><td class=\"column-3\">25 kg, 1000 kg BB<\/td><td class=\"column-4\">494.12<\/td>\n<\/tr>\n<tr class=\"row-5\">\n\t<td class=\"column-1\">Doublet<\/td><td class=\"column-2\"><\/td><td class=\"column-3\">25 kg<\/td><td class=\"column-4\">576.47<\/td>\n<\/tr>\n<tr class=\"row-6\">\n\t<td class=\"column-1\">Litinia<\/td><td class=\"column-2\">25 kg<\/td><td class=\"column-3\">25 kg<\/td><td class=\"column-4\">494.12<\/td>\n<\/tr>\n<\/tbody>\n<\/table>\n<!-- #tablepress-75 from cache -->\n","protected":false},"excerpt":{"rendered":"<p>Olajretek vet\u0151mag fajt\u00e1k \u00e9s \u00e1rak<\/p>\n","protected":false},"author":2,"featured_media":0,"parent":403,"menu_order":0,"comment_status":"closed","ping_status":"closed","template":"","meta":{"footnotes":""},"class_list":["post-669","page","type-page","status-publish","hentry"],"post_mailing_queue_ids":[],"_links":{"self":[{"href":"https:\/\/magvas.hu\/index.php\/wp-json\/wp\/v2\/pages\/669","targetHints":{"allow":["GET"]}}],"collection":[{"href":"https:\/\/magvas.hu\/index.php\/wp-json\/wp\/v2\/pages"}],"about":[{"href":"https:\/\/magvas.hu\/index.php\/wp-json\/wp\/v2\/types\/page"}],"author":[{"embeddable":true,"href":"https:\/\/magvas.hu\/index.php\/wp-json\/wp\/v2\/users\/2"}],"replies":[{"embeddable":true,"href":"https:\/\/magvas.hu\/index.php\/wp-json\/wp\/v2\/comments?post=669"}],"version-history":[{"count":2,"href":"https:\/\/magvas.hu\/index.php\/wp-json\/wp\/v2\/pages\/669\/revisions"}],"predecessor-version":[{"id":4001,"href":"https:\/\/magvas.hu\/index.php\/wp-json\/wp\/v2\/pages\/669\/revisions\/4001"}],"up":[{"embeddable":true,"href":"https:\/\/magvas.hu\/index.php\/wp-json\/wp\/v2\/pages\/403"}],"wp:attachment":[{"href":"https:\/\/magvas.hu\/index.php\/wp-json\/wp\/v2\/media?parent=669"}],"curies":[{"name":"wp","href":"https:\/\/api.w.org\/{rel}","templated":true}]}}