{"id":661,"date":"2016-02-09T19:40:04","date_gmt":"2016-02-09T19:40:04","guid":{"rendered":"http:\/\/www.magvas.hu\/?page_id=661"},"modified":"2021-05-22T15:56:14","modified_gmt":"2021-05-22T15:56:14","slug":"mehlegelo-keverek","status":"publish","type":"page","link":"https:\/\/magvas.hu\/index.php\/tavaszi-vetomagok\/mezelo-es-zoldtragya-novenyek\/mehlegelo-keverek\/","title":{"rendered":"M\u00e9hlegel\u0151 kever\u00e9k"},"content":{"rendered":"<p>M\u00e9hlegel\u0151 kever\u00e9k vet\u0151mag fajt\u00e1k \u00e9s \u00e1rak<\/p>\n\n<table id=\"tablepress-73\" class=\"tablepress tablepress-id-73\">\n<thead>\n<tr class=\"row-1\">\n\t<th class=\"column-1\">fajta<\/th><th class=\"column-2\">\u00e1tlagos vet\u00e9snorma\/hekt\u00e1r<\/th><th class=\"column-3\">mennyis\u00e9g\/zs\u00e1k<\/th><th class=\"column-4\">nett\u00f3 telepi ft\/kg<\/th>\n<\/tr>\n<\/thead>\n<tbody class=\"row-striping row-hover\">\n<tr class=\"row-2\">\n\t<td class=\"column-1\">egy \u00e9ves<\/td><td class=\"column-2\">15-20 kg<\/td><td class=\"column-3\">10 kg<\/td><td class=\"column-4\">594.12<\/td>\n<\/tr>\n<tr class=\"row-3\">\n\t<td class=\"column-1\">Hosszan vir\u00e1gz\u00f3 \u00e9vel\u0151 kever\u00e9k<\/td><td class=\"column-2\"><\/td><td class=\"column-3\">25 kg<\/td><td class=\"column-4\">741.18<\/td>\n<\/tr>\n<tr class=\"row-4\">\n\t<td class=\"column-1\">t\u00f6bb \u00e9ves<\/td><td class=\"column-2\">20 kg<\/td><td class=\"column-3\">10 kg<\/td><td class=\"column-4\">1170.59<\/td>\n<\/tr>\n<\/tbody>\n<\/table>\n<!-- #tablepress-73 from cache -->\n","protected":false},"excerpt":{"rendered":"<p>M\u00e9hlegel\u0151 kever\u00e9k vet\u0151mag fajt\u00e1k \u00e9s \u00e1rak<\/p>\n","protected":false},"author":2,"featured_media":0,"parent":403,"menu_order":0,"comment_status":"closed","ping_status":"closed","template":"","meta":{"footnotes":""},"class_list":["post-661","page","type-page","status-publish","hentry"],"post_mailing_queue_ids":[],"_links":{"self":[{"href":"https:\/\/magvas.hu\/index.php\/wp-json\/wp\/v2\/pages\/661","targetHints":{"allow":["GET"]}}],"collection":[{"href":"https:\/\/magvas.hu\/index.php\/wp-json\/wp\/v2\/pages"}],"about":[{"href":"https:\/\/magvas.hu\/index.php\/wp-json\/wp\/v2\/types\/page"}],"author":[{"embeddable":true,"href":"https:\/\/magvas.hu\/index.php\/wp-json\/wp\/v2\/users\/2"}],"replies":[{"embeddable":true,"href":"https:\/\/magvas.hu\/index.php\/wp-json\/wp\/v2\/comments?post=661"}],"version-history":[{"count":2,"href":"https:\/\/magvas.hu\/index.php\/wp-json\/wp\/v2\/pages\/661\/revisions"}],"predecessor-version":[{"id":3999,"href":"https:\/\/magvas.hu\/index.php\/wp-json\/wp\/v2\/pages\/661\/revisions\/3999"}],"up":[{"embeddable":true,"href":"https:\/\/magvas.hu\/index.php\/wp-json\/wp\/v2\/pages\/403"}],"wp:attachment":[{"href":"https:\/\/magvas.hu\/index.php\/wp-json\/wp\/v2\/media?parent=661"}],"curies":[{"name":"wp","href":"https:\/\/api.w.org\/{rel}","templated":true}]}}