{"id":653,"date":"2016-02-09T19:48:40","date_gmt":"2016-02-09T19:48:40","guid":{"rendered":"http:\/\/www.magvas.hu\/?page_id=653"},"modified":"2021-05-22T15:55:01","modified_gmt":"2021-05-22T15:55:01","slug":"facelia","status":"publish","type":"page","link":"https:\/\/magvas.hu\/index.php\/tavaszi-vetomagok\/mezelo-es-zoldtragya-novenyek\/facelia\/","title":{"rendered":"Fac\u00e9lia"},"content":{"rendered":"<p><a href=\"https:\/\/magvas.hu\/index.php\/tavaszi-vetomagok\/mezelo-es-zoldtragya-novenyek\/facelia\/facelia-szakmai-informaciok\/\" rel=\"attachment wp-att-1103\"><img loading=\"lazy\" decoding=\"async\" class=\"alignnone size-full wp-image-1103\" src=\"https:\/\/magvas.hu\/wp-content\/uploads\/2016\/02\/fajtaleirasok-1.jpg\" alt=\"fajtaleirasok\" width=\"400\" height=\"150\" srcset=\"https:\/\/magvas.hu\/wp-content\/uploads\/2016\/02\/fajtaleirasok-1.jpg 400w, https:\/\/magvas.hu\/wp-content\/uploads\/2016\/02\/fajtaleirasok-1-300x113.jpg 300w\" sizes=\"auto, (max-width: 400px) 100vw, 400px\" \/><\/a><\/p>\n<p>Fac\u00e9lia vet\u0151mag \u00e1rak \u00e9s fajt\u00e1k<\/p>\n\n<table id=\"tablepress-72\" class=\"tablepress tablepress-id-72\">\n<thead>\n<tr class=\"row-1\">\n\t<th class=\"column-1\">fajta<\/th><th class=\"column-2\">\u00e1tlagos vet\u00e9snorma\/hekt\u00e1r<\/th><th class=\"column-3\">mennyis\u00e9g\/zs\u00e1k<\/th><th class=\"column-4\">nett\u00f3 telepi ft\/kg<\/th>\n<\/tr>\n<\/thead>\n<tbody class=\"row-striping row-hover\">\n<tr class=\"row-2\">\n\t<td class=\"column-1\">Bee Happy<\/td><td class=\"column-2\"><\/td><td class=\"column-3\">25 kg<\/td><td class=\"column-4\">1294.12<\/td>\n<\/tr>\n<tr class=\"row-3\">\n\t<td class=\"column-1\">Lilla<\/td><td class=\"column-2\">10 kg<\/td><td class=\"column-3\">20 kg<\/td><td class=\"column-4\">929.41<\/td>\n<\/tr>\n<\/tbody>\n<\/table>\n<!-- #tablepress-72 from cache -->\n","protected":false},"excerpt":{"rendered":"<p>Fac\u00e9lia vet\u0151mag \u00e1rak \u00e9s fajt\u00e1k<\/p>\n","protected":false},"author":2,"featured_media":0,"parent":403,"menu_order":0,"comment_status":"closed","ping_status":"closed","template":"","meta":{"footnotes":""},"class_list":["post-653","page","type-page","status-publish","hentry"],"post_mailing_queue_ids":[],"_links":{"self":[{"href":"https:\/\/magvas.hu\/index.php\/wp-json\/wp\/v2\/pages\/653","targetHints":{"allow":["GET"]}}],"collection":[{"href":"https:\/\/magvas.hu\/index.php\/wp-json\/wp\/v2\/pages"}],"about":[{"href":"https:\/\/magvas.hu\/index.php\/wp-json\/wp\/v2\/types\/page"}],"author":[{"embeddable":true,"href":"https:\/\/magvas.hu\/index.php\/wp-json\/wp\/v2\/users\/2"}],"replies":[{"embeddable":true,"href":"https:\/\/magvas.hu\/index.php\/wp-json\/wp\/v2\/comments?post=653"}],"version-history":[{"count":2,"href":"https:\/\/magvas.hu\/index.php\/wp-json\/wp\/v2\/pages\/653\/revisions"}],"predecessor-version":[{"id":3998,"href":"https:\/\/magvas.hu\/index.php\/wp-json\/wp\/v2\/pages\/653\/revisions\/3998"}],"up":[{"embeddable":true,"href":"https:\/\/magvas.hu\/index.php\/wp-json\/wp\/v2\/pages\/403"}],"wp:attachment":[{"href":"https:\/\/magvas.hu\/index.php\/wp-json\/wp\/v2\/media?parent=653"}],"curies":[{"name":"wp","href":"https:\/\/api.w.org\/{rel}","templated":true}]}}