{"id":5291,"date":"2026-02-15T12:55:22","date_gmt":"2026-02-15T12:55:22","guid":{"rendered":"https:\/\/magvas.hu\/?page_id=5291"},"modified":"2026-02-15T13:22:33","modified_gmt":"2026-02-15T13:22:33","slug":"etkezesi-zoldborso","status":"publish","type":"page","link":"https:\/\/magvas.hu\/index.php\/tavaszi-vetomagok\/etkezesi-zoldborso\/","title":{"rendered":"\u00c9tkez\u00e9si Z\u00f6ldbors\u00f3"},"content":{"rendered":"\n<table id=\"tablepress-118\" class=\"tablepress tablepress-id-118\">\n<thead>\n<tr class=\"row-1\">\n\t<th class=\"column-1\"><strong> Fajta<\/strong><\/th><th class=\"column-2\"><strong>Cs\u00e1v\u00e1z\u00e1s<\/strong><\/th><th class=\"column-3\"><strong>Kiszerel\u00e9s<\/strong><\/th><th class=\"column-4\"><strong>V\u00e1rmegye<\/strong><\/th><th class=\"column-5\"><strong>Nett\u00f3 v\u00e9gfelhaszn\u00e1l\u00f3i \u00e1r<\/strong><\/th>\n<\/tr>\n<\/thead>\n<tbody class=\"row-striping row-hover\">\n<tr class=\"row-2\">\n\t<td class=\"column-1\">Rajnai t\u00f6rpe<\/td><td class=\"column-2\">nem<\/td><td class=\"column-3\">25<\/td><td class=\"column-4\">Baranya<\/td><td class=\"column-5\">394 Ft<\/td>\n<\/tr>\n<tr class=\"row-3\">\n\t<td class=\"column-1\">Rajnai t\u00f6rpe<\/td><td class=\"column-2\">igen<\/td><td class=\"column-3\">25<\/td><td class=\"column-4\">Baranya<\/td><td class=\"column-5\">428 Ft<\/td>\n<\/tr>\n<tr class=\"row-4\">\n\t<td class=\"column-1\">Griffin<\/td><td class=\"column-2\">igen<\/td><td class=\"column-3\">100,000<\/td><td class=\"column-4\">&#8211;<\/td><td class=\"column-5\">12200 Ft<\/td>\n<\/tr>\n<tr class=\"row-5\">\n\t<td class=\"column-1\">Tomahawk<\/td><td class=\"column-2\">igen<\/td><td class=\"column-3\">100,000<\/td><td class=\"column-4\">&#8211;<\/td><td class=\"column-5\">13100 Ft<\/td>\n<\/tr>\n<tr class=\"row-6\">\n\t<td class=\"column-1\">Cameron<\/td><td class=\"column-2\">igen<\/td><td class=\"column-3\">100,000<\/td><td class=\"column-4\">&#8211;<\/td><td class=\"column-5\">13100 Ft<\/td>\n<\/tr>\n<tr class=\"row-7\">\n\t<td class=\"column-1\">Ambler<\/td><td class=\"column-2\">igen<\/td><td class=\"column-3\">100,000<\/td><td class=\"column-4\">&#8211;<\/td><td class=\"column-5\">13100 Ft<\/td>\n<\/tr>\n<tr class=\"row-8\">\n\t<td class=\"column-1\">CS-504AF<\/td><td class=\"column-2\">igen<\/td><td class=\"column-3\">100,000<\/td><td class=\"column-4\">&#8211;<\/td><td class=\"column-5\">13900 Ft<\/td>\n<\/tr>\n<tr class=\"row-9\">\n\t<td class=\"column-1\">Tajo<\/td><td class=\"column-2\">igen<\/td><td class=\"column-3\">100,000<\/td><td class=\"column-4\">&#8211;<\/td><td class=\"column-5\">13900 Ft<\/td>\n<\/tr>\n<tr class=\"row-10\">\n\t<td class=\"column-1\">Arga<\/td><td class=\"column-2\">igen<\/td><td class=\"column-3\">100,000<\/td><td class=\"column-4\">&#8211;<\/td><td class=\"column-5\">13900 Ft<\/td>\n<\/tr>\n<\/tbody>\n<\/table>\n<!-- #tablepress-118 from cache -->","protected":false},"excerpt":{"rendered":"","protected":false},"author":2,"featured_media":0,"parent":43,"menu_order":0,"comment_status":"closed","ping_status":"closed","template":"","meta":{"footnotes":""},"class_list":["post-5291","page","type-page","status-publish","hentry"],"post_mailing_queue_ids":[],"_links":{"self":[{"href":"https:\/\/magvas.hu\/index.php\/wp-json\/wp\/v2\/pages\/5291","targetHints":{"allow":["GET"]}}],"collection":[{"href":"https:\/\/magvas.hu\/index.php\/wp-json\/wp\/v2\/pages"}],"about":[{"href":"https:\/\/magvas.hu\/index.php\/wp-json\/wp\/v2\/types\/page"}],"author":[{"embeddable":true,"href":"https:\/\/magvas.hu\/index.php\/wp-json\/wp\/v2\/users\/2"}],"replies":[{"embeddable":true,"href":"https:\/\/magvas.hu\/index.php\/wp-json\/wp\/v2\/comments?post=5291"}],"version-history":[{"count":3,"href":"https:\/\/magvas.hu\/index.php\/wp-json\/wp\/v2\/pages\/5291\/revisions"}],"predecessor-version":[{"id":5316,"href":"https:\/\/magvas.hu\/index.php\/wp-json\/wp\/v2\/pages\/5291\/revisions\/5316"}],"up":[{"embeddable":true,"href":"https:\/\/magvas.hu\/index.php\/wp-json\/wp\/v2\/pages\/43"}],"wp:attachment":[{"href":"https:\/\/magvas.hu\/index.php\/wp-json\/wp\/v2\/media?parent=5291"}],"curies":[{"name":"wp","href":"https:\/\/api.w.org\/{rel}","templated":true}]}}