{"id":5284,"date":"2026-01-31T22:35:17","date_gmt":"2026-01-31T22:35:17","guid":{"rendered":"https:\/\/magvas.hu\/?page_id=5284"},"modified":"2026-01-31T22:35:17","modified_gmt":"2026-01-31T22:35:17","slug":"csemegekukorica","status":"publish","type":"page","link":"https:\/\/magvas.hu\/index.php\/tavaszi-vetomagok\/csemegekukorica\/","title":{"rendered":"Csemegekukorica"},"content":{"rendered":"\n<table id=\"tablepress-116\" class=\"tablepress tablepress-id-116\">\n<thead>\n<tr class=\"row-1\">\n\t<th class=\"column-1\"><strong>Fajta\/hibrid<\/strong><\/th><th class=\"column-2\"><strong>Cs\u00e1v\u00e1z\u00e1s<\/strong><\/th><th class=\"column-3\"><strong>Kiszerel\u00e9s<\/strong><\/th><th class=\"column-4\"><strong>Megjegyz\u00e9s<\/strong><\/th><th class=\"column-5\"><strong>Nett\u00f3 v\u00e9gfelhaszn\u00e1l\u00f3i \u00e1r<\/strong><\/th>\n<\/tr>\n<\/thead>\n<tbody class=\"row-striping row-hover\">\n<tr class=\"row-2\">\n\t<td class=\"column-1\">Boom<\/td><td class=\"column-2\">igen<\/td><td class=\"column-3\">100,000<\/td><td class=\"column-4\">norm\u00e1l\u00e9des<\/td><td class=\"column-5\">173400 Ft<\/td>\n<\/tr>\n<tr class=\"row-3\">\n\t<td class=\"column-1\">Bowie<\/td><td class=\"column-2\">igen<\/td><td class=\"column-3\">100,000<\/td><td class=\"column-4\">norm\u00e1l\u00e9des<\/td><td class=\"column-5\">181500 Ft<\/td>\n<\/tr>\n<tr class=\"row-4\">\n\t<td class=\"column-1\">Braveheart<\/td><td class=\"column-2\">igen<\/td><td class=\"column-3\">100,000<\/td><td class=\"column-4\">szuper\u00e9des<\/td><td class=\"column-5\">226500 Ft<\/td>\n<\/tr>\n<tr class=\"row-5\">\n\t<td class=\"column-1\">Cash<\/td><td class=\"column-2\">igen<\/td><td class=\"column-3\">100,000<\/td><td class=\"column-4\">norm\u00e1l\u00e9des<\/td><td class=\"column-5\">173400 Ft<\/td>\n<\/tr>\n<tr class=\"row-6\">\n\t<td class=\"column-1\">CSHYP17-1231 (Strongheart)<\/td><td class=\"column-2\">igen<\/td><td class=\"column-3\">100,000<\/td><td class=\"column-4\">szuper\u00e9des<\/td><td class=\"column-5\">246400 Ft<\/td>\n<\/tr>\n<tr class=\"row-7\">\n\t<td class=\"column-1\">CSHYP19-1531 (Landcruiser)<\/td><td class=\"column-2\">igen<\/td><td class=\"column-3\">100,000<\/td><td class=\"column-4\">szuper\u00e9des<\/td><td class=\"column-5\">246400 Ft<\/td>\n<\/tr>\n<tr class=\"row-8\">\n\t<td class=\"column-1\">Enterprise<\/td><td class=\"column-2\">igen<\/td><td class=\"column-3\">100,000<\/td><td class=\"column-4\">norm\u00e1l\u00e9des<\/td><td class=\"column-5\">170900 Ft<\/td>\n<\/tr>\n<tr class=\"row-9\">\n\t<td class=\"column-1\">Imperator<\/td><td class=\"column-2\">igen<\/td><td class=\"column-3\">100,000<\/td><td class=\"column-4\">norm\u00e1l\u00e9des<\/td><td class=\"column-5\">178000 Ft<\/td>\n<\/tr>\n<tr class=\"row-10\">\n\t<td class=\"column-1\">Impress<\/td><td class=\"column-2\">igen<\/td><td class=\"column-3\">100,000<\/td><td class=\"column-4\">szuper\u00e9des<\/td><td class=\"column-5\">219400 Ft<\/td>\n<\/tr>\n<tr class=\"row-11\">\n\t<td class=\"column-1\">Noa<\/td><td class=\"column-2\">igen<\/td><td class=\"column-3\">100,000<\/td><td class=\"column-4\">szuper\u00e9des<\/td><td class=\"column-5\">233200 Ft<\/td>\n<\/tr>\n<tr class=\"row-12\">\n\t<td class=\"column-1\">Royalty<\/td><td class=\"column-2\">igen<\/td><td class=\"column-3\">100,000<\/td><td class=\"column-4\">norm\u00e1l\u00e9des<\/td><td class=\"column-5\">178000 Ft<\/td>\n<\/tr>\n<tr class=\"row-13\">\n\t<td class=\"column-1\">Townsend<\/td><td class=\"column-2\">igen<\/td><td class=\"column-3\">100,000<\/td><td class=\"column-4\">szuper\u00e9des<\/td><td class=\"column-5\">226500 Ft<\/td>\n<\/tr>\n<tr class=\"row-14\">\n\t<td class=\"column-1\">ZHY5022<\/td><td class=\"column-2\">igen<\/td><td class=\"column-3\">100,000<\/td><td class=\"column-4\">szuper\u00e9des<\/td><td class=\"column-5\">226500 Ft<\/td>\n<\/tr>\n<\/tbody>\n<\/table>\n<!-- #tablepress-116 from cache -->\n\n\n<p><\/p>\n","protected":false},"excerpt":{"rendered":"","protected":false},"author":2,"featured_media":0,"parent":43,"menu_order":0,"comment_status":"closed","ping_status":"closed","template":"","meta":{"footnotes":""},"class_list":["post-5284","page","type-page","status-publish","hentry"],"post_mailing_queue_ids":[],"_links":{"self":[{"href":"https:\/\/magvas.hu\/index.php\/wp-json\/wp\/v2\/pages\/5284","targetHints":{"allow":["GET"]}}],"collection":[{"href":"https:\/\/magvas.hu\/index.php\/wp-json\/wp\/v2\/pages"}],"about":[{"href":"https:\/\/magvas.hu\/index.php\/wp-json\/wp\/v2\/types\/page"}],"author":[{"embeddable":true,"href":"https:\/\/magvas.hu\/index.php\/wp-json\/wp\/v2\/users\/2"}],"replies":[{"embeddable":true,"href":"https:\/\/magvas.hu\/index.php\/wp-json\/wp\/v2\/comments?post=5284"}],"version-history":[{"count":1,"href":"https:\/\/magvas.hu\/index.php\/wp-json\/wp\/v2\/pages\/5284\/revisions"}],"predecessor-version":[{"id":5285,"href":"https:\/\/magvas.hu\/index.php\/wp-json\/wp\/v2\/pages\/5284\/revisions\/5285"}],"up":[{"embeddable":true,"href":"https:\/\/magvas.hu\/index.php\/wp-json\/wp\/v2\/pages\/43"}],"wp:attachment":[{"href":"https:\/\/magvas.hu\/index.php\/wp-json\/wp\/v2\/media?parent=5284"}],"curies":[{"name":"wp","href":"https:\/\/api.w.org\/{rel}","templated":true}]}}