{"id":5263,"date":"2026-01-31T22:26:04","date_gmt":"2026-01-31T22:26:04","guid":{"rendered":"https:\/\/magvas.hu\/?page_id=5263"},"modified":"2026-02-15T13:19:20","modified_gmt":"2026-02-15T13:19:20","slug":"tavaszi-mak","status":"publish","type":"page","link":"https:\/\/magvas.hu\/index.php\/tavaszi-vetomagok\/tavaszi-mak\/","title":{"rendered":"Tavaszi M\u00e1k"},"content":{"rendered":"\n<table id=\"tablepress-117\" class=\"tablepress tablepress-id-117\">\n<thead>\n<tr class=\"row-1\">\n\t<th class=\"column-1\">Fajta<\/th><th class=\"column-2\">Cs\u00e1v\u00e1z\u00e1s<\/th><th class=\"column-3\">Kiszerel\u00e9s<\/th><th class=\"column-4\">Megjegyz\u00e9s<\/th><th class=\"column-5\">Nett\u00f3 v\u00e9gfelhaszn\u00e1l\u00f3i \u00e1r<\/th>\n<\/tr>\n<\/thead>\n<tbody class=\"row-striping row-hover\">\n<tr class=\"row-2\">\n\t<td class=\"column-1\">Aristo<\/td><td class=\"column-2\">nem<\/td><td class=\"column-3\">1<\/td><td class=\"column-4\"><\/td><td class=\"column-5\">30000 Ft<\/td>\n<\/tr>\n<tr class=\"row-3\">\n\t<td class=\"column-1\">Marianne<\/td><td class=\"column-2\">nem<\/td><td class=\"column-3\">1<\/td><td class=\"column-4\"><\/td><td class=\"column-5\">35000 Ft<\/td>\n<\/tr>\n<\/tbody>\n<\/table>\n<!-- #tablepress-117 from cache -->\n\n\n<p><\/p>\n","protected":false},"excerpt":{"rendered":"","protected":false},"author":2,"featured_media":0,"parent":43,"menu_order":0,"comment_status":"closed","ping_status":"closed","template":"","meta":{"footnotes":""},"class_list":["post-5263","page","type-page","status-publish","hentry"],"post_mailing_queue_ids":[],"_links":{"self":[{"href":"https:\/\/magvas.hu\/index.php\/wp-json\/wp\/v2\/pages\/5263","targetHints":{"allow":["GET"]}}],"collection":[{"href":"https:\/\/magvas.hu\/index.php\/wp-json\/wp\/v2\/pages"}],"about":[{"href":"https:\/\/magvas.hu\/index.php\/wp-json\/wp\/v2\/types\/page"}],"author":[{"embeddable":true,"href":"https:\/\/magvas.hu\/index.php\/wp-json\/wp\/v2\/users\/2"}],"replies":[{"embeddable":true,"href":"https:\/\/magvas.hu\/index.php\/wp-json\/wp\/v2\/comments?post=5263"}],"version-history":[{"count":1,"href":"https:\/\/magvas.hu\/index.php\/wp-json\/wp\/v2\/pages\/5263\/revisions"}],"predecessor-version":[{"id":5274,"href":"https:\/\/magvas.hu\/index.php\/wp-json\/wp\/v2\/pages\/5263\/revisions\/5274"}],"up":[{"embeddable":true,"href":"https:\/\/magvas.hu\/index.php\/wp-json\/wp\/v2\/pages\/43"}],"wp:attachment":[{"href":"https:\/\/magvas.hu\/index.php\/wp-json\/wp\/v2\/media?parent=5263"}],"curies":[{"name":"wp","href":"https:\/\/api.w.org\/{rel}","templated":true}]}}