{"id":5162,"date":"2025-08-07T23:13:05","date_gmt":"2025-08-07T23:13:05","guid":{"rendered":"https:\/\/magvas.hu\/?page_id=5162"},"modified":"2025-08-07T23:13:17","modified_gmt":"2025-08-07T23:13:17","slug":"oszi-lencse","status":"publish","type":"page","link":"https:\/\/magvas.hu\/index.php\/oszi-vetomagok\/oszi-lencse\/","title":{"rendered":"\u0150szi lencse"},"content":{"rendered":"\n<p>\u0150szi lencse fajt\u00e1k \u00e9s \u00e1rak<\/p>\n\n\n\n<table id=\"tablepress-113\" class=\"tablepress tablepress-id-113\">\n<thead>\n<tr class=\"row-1\">\n\t<th class=\"column-1\"><strong>Fajta<\/strong><\/th><th class=\"column-2\"><strong>Cs\u00e1v\u00e1z\u00e1s<\/strong><\/th><th class=\"column-3\"><strong>Kiszerel\u00e9s<\/strong><\/th><th class=\"column-4\"><strong>Megjegyz\u00e9s<\/strong><\/th><th class=\"column-5\"><strong>V\u00e1rmegye<\/strong><\/th><th class=\"column-6\"><strong>V\u00e9gfelhaszn\u00e1l\u00f3i nett\u00f3 \u00e1r<\/strong><\/th>\n<\/tr>\n<\/thead>\n<tbody class=\"row-striping row-hover\">\n<tr class=\"row-2\">\n\t<td class=\"column-1\">Pinklevi<\/td><td class=\"column-2\">nem<\/td><td class=\"column-3\">25<\/td><td class=\"column-4\">szuperelit vet\u0151mag!<\/td><td class=\"column-5\">Szabolcs-Szatm\u00e1r-Bereg<\/td><td class=\"column-6\">4444 Ft<\/td>\n<\/tr>\n<tr class=\"row-3\">\n\t<td class=\"column-1\">R\u00e9zi<\/td><td class=\"column-2\">nem<\/td><td class=\"column-3\">25<\/td><td class=\"column-4\">szuperelit vet\u0151mag!<\/td><td class=\"column-5\">Szabolcs-Szatm\u00e1r-Bereg<\/td><td class=\"column-6\">4444 Ft<\/td>\n<\/tr>\n<\/tbody>\n<\/table>\n\n\n\n<p><\/p>\n","protected":false},"excerpt":{"rendered":"<p>\u0150szi lencse fajt\u00e1k \u00e9s \u00e1rak<\/p>\n","protected":false},"author":2,"featured_media":0,"parent":1595,"menu_order":0,"comment_status":"closed","ping_status":"closed","template":"","meta":{"footnotes":""},"class_list":["post-5162","page","type-page","status-publish","hentry"],"post_mailing_queue_ids":[],"_links":{"self":[{"href":"https:\/\/magvas.hu\/index.php\/wp-json\/wp\/v2\/pages\/5162","targetHints":{"allow":["GET"]}}],"collection":[{"href":"https:\/\/magvas.hu\/index.php\/wp-json\/wp\/v2\/pages"}],"about":[{"href":"https:\/\/magvas.hu\/index.php\/wp-json\/wp\/v2\/types\/page"}],"author":[{"embeddable":true,"href":"https:\/\/magvas.hu\/index.php\/wp-json\/wp\/v2\/users\/2"}],"replies":[{"embeddable":true,"href":"https:\/\/magvas.hu\/index.php\/wp-json\/wp\/v2\/comments?post=5162"}],"version-history":[{"count":2,"href":"https:\/\/magvas.hu\/index.php\/wp-json\/wp\/v2\/pages\/5162\/revisions"}],"predecessor-version":[{"id":5167,"href":"https:\/\/magvas.hu\/index.php\/wp-json\/wp\/v2\/pages\/5162\/revisions\/5167"}],"up":[{"embeddable":true,"href":"https:\/\/magvas.hu\/index.php\/wp-json\/wp\/v2\/pages\/1595"}],"wp:attachment":[{"href":"https:\/\/magvas.hu\/index.php\/wp-json\/wp\/v2\/media?parent=5162"}],"curies":[{"name":"wp","href":"https:\/\/api.w.org\/{rel}","templated":true}]}}