{"id":51,"date":"2016-01-30T11:34:33","date_gmt":"2016-01-30T11:34:33","guid":{"rendered":"http:\/\/www.magvas.hu\/2016\/?page_id=51"},"modified":"2024-03-05T16:45:52","modified_gmt":"2024-03-05T16:45:52","slug":"kalaszos","status":"publish","type":"page","link":"https:\/\/magvas.hu\/index.php\/tavaszi-vetomagok\/kalaszos\/","title":{"rendered":"Kal\u00e1szos"},"content":{"rendered":"<p>Kal\u00e1szos magokb\u00f3l \u00e1ll\u00f3 k\u00edn\u00e1latunk:<\/p>\n<p><a href=\"https:\/\/magvas.hu\/index.php\/tavaszi-vetomagok\/kalaszos\/buza\/\"><img loading=\"lazy\" decoding=\"async\" class=\"alignnone wp-image-4806\" src=\"https:\/\/magvas.hu\/wp-content\/uploads\/2023\/09\/Magvas_Icon_Tavasz_Buza-300x300.png\" alt=\"vetomagajanlatok-tavaszi-buza\" width=\"200\" height=\"200\" srcset=\"https:\/\/magvas.hu\/wp-content\/uploads\/2023\/09\/Magvas_Icon_Tavasz_Buza-300x300.png 300w, https:\/\/magvas.hu\/wp-content\/uploads\/2023\/09\/Magvas_Icon_Tavasz_Buza-150x150.png 150w, https:\/\/magvas.hu\/wp-content\/uploads\/2023\/09\/Magvas_Icon_Tavasz_Buza-270x270.png 270w, https:\/\/magvas.hu\/wp-content\/uploads\/2023\/09\/Magvas_Icon_Tavasz_Buza-230x230.png 230w, https:\/\/magvas.hu\/wp-content\/uploads\/2023\/09\/Magvas_Icon_Tavasz_Buza.png 640w\" sizes=\"auto, (max-width: 200px) 100vw, 200px\" \/><\/a><a href=\"https:\/\/magvas.hu\/index.php\/tavaszi-vetomagok\/pillangosok\/\">\u00a0 \u00a0\u00a0<\/a><a href=\"https:\/\/magvas.hu\/index.php\/tavaszi-vetomagok\/kalaszos\/durumbuza\/\"><img loading=\"lazy\" decoding=\"async\" class=\"alignnone wp-image-4771\" src=\"https:\/\/magvas.hu\/wp-content\/uploads\/2023\/08\/Magvas_Icon_Durumbuza-300x300.png\" alt=\"vetomagkinalatunk-durumbuza\" width=\"200\" height=\"200\" srcset=\"https:\/\/magvas.hu\/wp-content\/uploads\/2023\/08\/Magvas_Icon_Durumbuza-300x300.png 300w, https:\/\/magvas.hu\/wp-content\/uploads\/2023\/08\/Magvas_Icon_Durumbuza-1024x1024.png 1024w, https:\/\/magvas.hu\/wp-content\/uploads\/2023\/08\/Magvas_Icon_Durumbuza-150x150.png 150w, https:\/\/magvas.hu\/wp-content\/uploads\/2023\/08\/Magvas_Icon_Durumbuza-768x768.png 768w, https:\/\/magvas.hu\/wp-content\/uploads\/2023\/08\/Magvas_Icon_Durumbuza-1536x1536.png 1536w, https:\/\/magvas.hu\/wp-content\/uploads\/2023\/08\/Magvas_Icon_Durumbuza-270x270.png 270w, https:\/\/magvas.hu\/wp-content\/uploads\/2023\/08\/Magvas_Icon_Durumbuza-230x230.png 230w, https:\/\/magvas.hu\/wp-content\/uploads\/2023\/08\/Magvas_Icon_Durumbuza.png 2048w\" sizes=\"auto, (max-width: 200px) 100vw, 200px\" \/><\/a><a href=\"https:\/\/magvas.hu\/index.php\/tavaszi-vetomagok\/pillangosok\/\">\u00a0 \u00a0\u00a0<\/a><a href=\"https:\/\/magvas.hu\/index.php\/tavaszi-vetomagok\/kalaszos\/arpa\/\"><img loading=\"lazy\" decoding=\"async\" class=\"alignnone wp-image-4808\" src=\"https:\/\/magvas.hu\/wp-content\/uploads\/2023\/09\/Magvas_Icon_Tavaszi_Arpa-300x300.png\" alt=\"vetomagajanlatok-tavaszi-arpa\" width=\"200\" height=\"200\" srcset=\"https:\/\/magvas.hu\/wp-content\/uploads\/2023\/09\/Magvas_Icon_Tavaszi_Arpa-300x300.png 300w, https:\/\/magvas.hu\/wp-content\/uploads\/2023\/09\/Magvas_Icon_Tavaszi_Arpa-150x150.png 150w, https:\/\/magvas.hu\/wp-content\/uploads\/2023\/09\/Magvas_Icon_Tavaszi_Arpa-270x270.png 270w, https:\/\/magvas.hu\/wp-content\/uploads\/2023\/09\/Magvas_Icon_Tavaszi_Arpa-230x230.png 230w, https:\/\/magvas.hu\/wp-content\/uploads\/2023\/09\/Magvas_Icon_Tavaszi_Arpa.png 640w\" sizes=\"auto, (max-width: 200px) 100vw, 200px\" \/><\/a><a href=\"https:\/\/magvas.hu\/index.php\/tavaszi-vetomagok\/pillangosok\/\">\u00a0 \u00a0\u00a0<\/a><a href=\"https:\/\/magvas.hu\/index.php\/tavaszi-vetomagok\/kalaszos\/tritikale\/\"><img loading=\"lazy\" decoding=\"async\" class=\"alignnone wp-image-4776\" src=\"https:\/\/magvas.hu\/wp-content\/uploads\/2023\/09\/Magvas_Icon__Tritikale-300x300.png\" alt=\"vetomagajanlatok-tavaszi-tritikale\" width=\"200\" height=\"200\" srcset=\"https:\/\/magvas.hu\/wp-content\/uploads\/2023\/09\/Magvas_Icon__Tritikale-300x300.png 300w, https:\/\/magvas.hu\/wp-content\/uploads\/2023\/09\/Magvas_Icon__Tritikale-150x150.png 150w, https:\/\/magvas.hu\/wp-content\/uploads\/2023\/09\/Magvas_Icon__Tritikale-270x270.png 270w, https:\/\/magvas.hu\/wp-content\/uploads\/2023\/09\/Magvas_Icon__Tritikale-230x230.png 230w, https:\/\/magvas.hu\/wp-content\/uploads\/2023\/09\/Magvas_Icon__Tritikale.png 640w\" sizes=\"auto, (max-width: 200px) 100vw, 200px\" \/><\/a><a href=\"https:\/\/magvas.hu\/index.php\/tavaszi-vetomagok\/pillangosok\/\">\u00a0 \u00a0 <\/a><a href=\"https:\/\/magvas.hu\/index.php\/tavaszi-vetomagok\/kalaszos\/zab\/\"><img loading=\"lazy\" decoding=\"async\" class=\"alignnone wp-image-4807\" src=\"https:\/\/magvas.hu\/wp-content\/uploads\/2023\/09\/Magvas_Icon_Tavasz_Zab-300x300.png\" alt=\"vetomagajanlatok-tavaszi-zab\" width=\"200\" height=\"200\" srcset=\"https:\/\/magvas.hu\/wp-content\/uploads\/2023\/09\/Magvas_Icon_Tavasz_Zab-300x300.png 300w, https:\/\/magvas.hu\/wp-content\/uploads\/2023\/09\/Magvas_Icon_Tavasz_Zab-150x150.png 150w, https:\/\/magvas.hu\/wp-content\/uploads\/2023\/09\/Magvas_Icon_Tavasz_Zab-270x270.png 270w, https:\/\/magvas.hu\/wp-content\/uploads\/2023\/09\/Magvas_Icon_Tavasz_Zab-230x230.png 230w, https:\/\/magvas.hu\/wp-content\/uploads\/2023\/09\/Magvas_Icon_Tavasz_Zab.png 640w\" sizes=\"auto, (max-width: 200px) 100vw, 200px\" \/><\/a><\/p>\n","protected":false},"excerpt":{"rendered":"<p>Kal\u00e1szos magokb\u00f3l \u00e1ll\u00f3 k\u00edn\u00e1latunk: \u00a0 \u00a0\u00a0\u00a0 \u00a0\u00a0\u00a0 \u00a0\u00a0\u00a0 \u00a0<\/p>\n","protected":false},"author":2,"featured_media":0,"parent":43,"menu_order":0,"comment_status":"closed","ping_status":"closed","template":"","meta":{"footnotes":""},"class_list":["post-51","page","type-page","status-publish","hentry"],"post_mailing_queue_ids":[],"_links":{"self":[{"href":"https:\/\/magvas.hu\/index.php\/wp-json\/wp\/v2\/pages\/51","targetHints":{"allow":["GET"]}}],"collection":[{"href":"https:\/\/magvas.hu\/index.php\/wp-json\/wp\/v2\/pages"}],"about":[{"href":"https:\/\/magvas.hu\/index.php\/wp-json\/wp\/v2\/types\/page"}],"author":[{"embeddable":true,"href":"https:\/\/magvas.hu\/index.php\/wp-json\/wp\/v2\/users\/2"}],"replies":[{"embeddable":true,"href":"https:\/\/magvas.hu\/index.php\/wp-json\/wp\/v2\/comments?post=51"}],"version-history":[{"count":8,"href":"https:\/\/magvas.hu\/index.php\/wp-json\/wp\/v2\/pages\/51\/revisions"}],"predecessor-version":[{"id":4912,"href":"https:\/\/magvas.hu\/index.php\/wp-json\/wp\/v2\/pages\/51\/revisions\/4912"}],"up":[{"embeddable":true,"href":"https:\/\/magvas.hu\/index.php\/wp-json\/wp\/v2\/pages\/43"}],"wp:attachment":[{"href":"https:\/\/magvas.hu\/index.php\/wp-json\/wp\/v2\/media?parent=51"}],"curies":[{"name":"wp","href":"https:\/\/api.w.org\/{rel}","templated":true}]}}