{"id":5071,"date":"2025-02-01T21:09:25","date_gmt":"2025-02-01T21:09:25","guid":{"rendered":"https:\/\/magvas.hu\/?page_id=5071"},"modified":"2026-01-31T22:23:44","modified_gmt":"2026-01-31T22:23:44","slug":"kender","status":"publish","type":"page","link":"https:\/\/magvas.hu\/index.php\/tavaszi-vetomagok\/kender\/","title":{"rendered":"Kender"},"content":{"rendered":"<p>Kender vet\u0151mag \u00e1rak \u00e9s fajt\u00e1k<\/p>\n<p><em>Friss\u00edtve: 2026.01.31<\/em><\/p>\n\n<table id=\"tablepress-112\" class=\"tablepress tablepress-id-112\">\n<thead>\n<tr class=\"row-1\">\n\t<th class=\"column-1\"><strong>Fajta<\/strong><\/th><th class=\"column-2\"><strong>Cs\u00e1v\u00e1z\u00e1s<\/strong><\/th><th class=\"column-3\"><strong>Kiszerel\u00e9s<\/strong><\/th><th class=\"column-4\"><strong>Megjegyz\u00e9s<\/strong><\/th><th class=\"column-5\"><strong>V\u00e1rmegye<\/strong><\/th><th class=\"column-6\"><strong>Nett\u00f3 v\u00e9gfelhaszn\u00e1l\u00f3i \u00e1r<\/strong><\/th>\n<\/tr>\n<\/thead>\n<tbody class=\"row-striping row-hover\">\n<tr class=\"row-2\">\n\t<td class=\"column-1\">Tiborsz\u00e1ll\u00e1si<\/td><td class=\"column-2\">nem<\/td><td class=\"column-3\">25<\/td><td class=\"column-4\"><\/td><td class=\"column-5\">B\u00e9k\u00e9s<\/td><td class=\"column-6\">hamarosan<\/td>\n<\/tr>\n<\/tbody>\n<\/table>\n<!-- #tablepress-112 from cache -->\n<p>Amennyiben a kender vet\u0151magon fel\u00fcl tov\u00e1bbi tavaszi vet\u0151magokat keres, akkor <a href=\"https:\/\/magvas.hu\/index.php\/tavaszi-vetomagok\/\" target=\"_blank\" rel=\"noopener\">kattintson ide!<\/a><\/p>\n\n\n<p><\/p>\n","protected":false},"excerpt":{"rendered":"<p>Kender vet\u0151mag \u00e1rak \u00e9s fajt\u00e1k Friss\u00edtve: 2026.01.31 Amennyiben a kender vet\u0151magon fel\u00fcl tov\u00e1bbi tavaszi vet\u0151magokat keres, akkor kattintson ide!<\/p>\n","protected":false},"author":2,"featured_media":0,"parent":43,"menu_order":0,"comment_status":"closed","ping_status":"closed","template":"","meta":{"footnotes":""},"class_list":["post-5071","page","type-page","status-publish","hentry"],"post_mailing_queue_ids":[],"_links":{"self":[{"href":"https:\/\/magvas.hu\/index.php\/wp-json\/wp\/v2\/pages\/5071","targetHints":{"allow":["GET"]}}],"collection":[{"href":"https:\/\/magvas.hu\/index.php\/wp-json\/wp\/v2\/pages"}],"about":[{"href":"https:\/\/magvas.hu\/index.php\/wp-json\/wp\/v2\/types\/page"}],"author":[{"embeddable":true,"href":"https:\/\/magvas.hu\/index.php\/wp-json\/wp\/v2\/users\/2"}],"replies":[{"embeddable":true,"href":"https:\/\/magvas.hu\/index.php\/wp-json\/wp\/v2\/comments?post=5071"}],"version-history":[{"count":3,"href":"https:\/\/magvas.hu\/index.php\/wp-json\/wp\/v2\/pages\/5071\/revisions"}],"predecessor-version":[{"id":5270,"href":"https:\/\/magvas.hu\/index.php\/wp-json\/wp\/v2\/pages\/5071\/revisions\/5270"}],"up":[{"embeddable":true,"href":"https:\/\/magvas.hu\/index.php\/wp-json\/wp\/v2\/pages\/43"}],"wp:attachment":[{"href":"https:\/\/magvas.hu\/index.php\/wp-json\/wp\/v2\/media?parent=5071"}],"curies":[{"name":"wp","href":"https:\/\/api.w.org\/{rel}","templated":true}]}}