{"id":349,"date":"2016-02-02T19:18:47","date_gmt":"2016-02-02T19:18:47","guid":{"rendered":"http:\/\/www.magvas.hu\/2016\/?page_id=349"},"modified":"2026-01-27T20:44:29","modified_gmt":"2026-01-27T20:44:29","slug":"tritikale","status":"publish","type":"page","link":"https:\/\/magvas.hu\/index.php\/tavaszi-vetomagok\/kalaszos\/tritikale\/","title":{"rendered":"Tavaszi tritik\u00e1l\u00e9"},"content":{"rendered":"<p>Tavaszi tritik\u00e1l\u00e9 vet\u0151magok \u00e1rai \u00e9s fajt\u00e1i<\/p>\n<p><em>Friss\u00edtve: 2026.01.27<\/em><\/p>\n\n<table id=\"tablepress-102\" class=\"tablepress tablepress-id-102\">\n<thead>\n<tr class=\"row-1\">\n\t<th class=\"column-1\"><strong>Fajta<\/strong><\/th><th class=\"column-2\"><strong>Cs\u00e1v\u00e1z\u00e1s<\/strong><\/th><th class=\"column-3\"><strong>Kiszerel\u00e9s<\/strong><\/th><th class=\"column-4\"><strong>Megjegyz\u00e9s<\/strong><\/th><th class=\"column-5\"><strong>V\u00e1rmegye<\/strong><\/th><th class=\"column-6\"><strong>Nett\u00f3 v\u00e9gfelhaszn\u00e1l\u00f3i \u00e1r<\/strong><\/th>\n<\/tr>\n<\/thead>\n<tbody class=\"row-striping row-hover\">\n<tr class=\"row-2\">\n\t<td class=\"column-1\">GK Idus<\/td><td class=\"column-2\">igen<\/td><td class=\"column-3\">50\/500<\/td><td class=\"column-4\">ingyen kisz\u00e1ll\u00edtva<\/td><td class=\"column-5\">Csongr\u00e1d-Csan\u00e1d<\/td><td class=\"column-6\">172 Ft<\/td>\n<\/tr>\n<\/tbody>\n<\/table>\n<!-- #tablepress-102 from cache -->\n<p><a href=\"https:\/\/magvas.hu\/index.php\/tavaszi-vetomagok\/kalaszos\/\" target=\"_blank\" rel=\"noopener\">Tov\u00e1bbi kal\u00e1szosok ide kattintva!<\/a><\/p>\n","protected":false},"excerpt":{"rendered":"<p>Tavaszi tritik\u00e1l\u00e9 vet\u0151magok \u00e1rai \u00e9s fajt\u00e1i Friss\u00edtve: 2026.01.27 Tov\u00e1bbi kal\u00e1szosok ide kattintva!<\/p>\n","protected":false},"author":2,"featured_media":0,"parent":51,"menu_order":0,"comment_status":"closed","ping_status":"closed","template":"","meta":{"footnotes":""},"class_list":["post-349","page","type-page","status-publish","hentry"],"post_mailing_queue_ids":[],"_links":{"self":[{"href":"https:\/\/magvas.hu\/index.php\/wp-json\/wp\/v2\/pages\/349","targetHints":{"allow":["GET"]}}],"collection":[{"href":"https:\/\/magvas.hu\/index.php\/wp-json\/wp\/v2\/pages"}],"about":[{"href":"https:\/\/magvas.hu\/index.php\/wp-json\/wp\/v2\/types\/page"}],"author":[{"embeddable":true,"href":"https:\/\/magvas.hu\/index.php\/wp-json\/wp\/v2\/users\/2"}],"replies":[{"embeddable":true,"href":"https:\/\/magvas.hu\/index.php\/wp-json\/wp\/v2\/comments?post=349"}],"version-history":[{"count":16,"href":"https:\/\/magvas.hu\/index.php\/wp-json\/wp\/v2\/pages\/349\/revisions"}],"predecessor-version":[{"id":5234,"href":"https:\/\/magvas.hu\/index.php\/wp-json\/wp\/v2\/pages\/349\/revisions\/5234"}],"up":[{"embeddable":true,"href":"https:\/\/magvas.hu\/index.php\/wp-json\/wp\/v2\/pages\/51"}],"wp:attachment":[{"href":"https:\/\/magvas.hu\/index.php\/wp-json\/wp\/v2\/media?parent=349"}],"curies":[{"name":"wp","href":"https:\/\/api.w.org\/{rel}","templated":true}]}}