{"id":2817,"date":"2017-08-24T15:38:21","date_gmt":"2017-08-24T15:38:21","guid":{"rendered":"http:\/\/www.magvas.hu\/?page_id=2817"},"modified":"2023-08-27T00:06:30","modified_gmt":"2023-08-27T00:06:30","slug":"durumbuza","status":"publish","type":"page","link":"https:\/\/magvas.hu\/index.php\/oszi-vetomagok\/durumbuza\/","title":{"rendered":"Durumb\u00faza"},"content":{"rendered":"<p>Durumb\u00faza vet\u0151mag fajt\u00e1k \u00e9s \u00e1rak<\/p>\n\n<table id=\"tablepress-88\" class=\"tablepress tablepress-id-88\">\n<thead>\n<tr class=\"row-1\">\n\t<th class=\"column-1\"><strong>Fajta<\/strong><\/th><th class=\"column-2\"><strong>Cs\u00e1v\u00e1z\u00e1s<\/strong><\/th><th class=\"column-3\"><strong>Kiszerel\u00e9s<\/strong><\/th><th class=\"column-4\"><strong>Megjegyz\u00e9s<\/strong><\/th><th class=\"column-5\"><strong>V\u00e1rmegye<\/strong><\/th><th class=\"column-6\"><strong>V\u00e9gfelhaszn\u00e1l\u00f3i nett\u00f3 \u00e1r<\/strong><\/th>\n<\/tr>\n<\/thead>\n<tbody class=\"row-striping row-hover\">\n<tr class=\"row-2\">\n\t<td class=\"column-1\">Amidur<\/td><td class=\"column-2\">igen<\/td><td class=\"column-3\">500\/1000<\/td><td class=\"column-4\">Biosild Extra<\/td><td class=\"column-5\">Gy\u0151r-Moson-Sopron<\/td><td class=\"column-6\">230 Ft<\/td>\n<\/tr>\n<tr class=\"row-3\">\n\t<td class=\"column-1\">Belladur<\/td><td class=\"column-2\">igen<\/td><td class=\"column-3\">1000<\/td><td class=\"column-4\"><\/td><td class=\"column-5\">Pest<\/td><td class=\"column-6\">230 Ft<\/td>\n<\/tr>\n<tr class=\"row-4\">\n\t<td class=\"column-1\">Gk B\u00e9tadur<\/td><td class=\"column-2\">igen<\/td><td class=\"column-3\">1000<\/td><td class=\"column-4\"><\/td><td class=\"column-5\">Pest<\/td><td class=\"column-6\">230 Ft<\/td>\n<\/tr>\n<tr class=\"row-5\">\n\t<td class=\"column-1\">Gk B\u00e9tadur<\/td><td class=\"column-2\">igen<\/td><td class=\"column-3\">500<\/td><td class=\"column-4\">sz\u00e1ll\u00edt\u00e1si d\u00edj + 10 Ft\/kg+\u00e1fa<\/td><td class=\"column-5\">Csongr\u00e1d-Csan\u00e1d<\/td><td class=\"column-6\">195 Ft<\/td>\n<\/tr>\n<tr class=\"row-6\">\n\t<td class=\"column-1\">Gk Julidur<\/td><td class=\"column-2\">igen<\/td><td class=\"column-3\">500<\/td><td class=\"column-4\">sz\u00e1ll\u00edt\u00e1si d\u00edj + 10 Ft\/kg+\u00e1fa<\/td><td class=\"column-5\">Csongr\u00e1d-Csan\u00e1d<\/td><td class=\"column-6\">195 Ft<\/td>\n<\/tr>\n<tr class=\"row-7\">\n\t<td class=\"column-1\">Karmadur<\/td><td class=\"column-2\">igen<\/td><td class=\"column-3\">1000<\/td><td class=\"column-4\"><\/td><td class=\"column-5\">Pest<\/td><td class=\"column-6\">230 Ft<\/td>\n<\/tr>\n<tr class=\"row-8\">\n\t<td class=\"column-1\">Lunadur<\/td><td class=\"column-2\">igen<\/td><td class=\"column-3\">500\/1000<\/td><td class=\"column-4\">Biosild Extra<\/td><td class=\"column-5\">Gy\u0151r-Moson-Sopron<\/td><td class=\"column-6\">230 Ft<\/td>\n<\/tr>\n<tr class=\"row-9\">\n\t<td class=\"column-1\">Mv Pelsodur<\/td><td class=\"column-2\">igen<\/td><td class=\"column-3\">500<\/td><td class=\"column-4\">korai<\/td><td class=\"column-5\">Fej\u00e9r<\/td><td class=\"column-6\">191 Ft<\/td>\n<\/tr>\n<tr class=\"row-10\">\n\t<td class=\"column-1\">Mv Pelsodur<\/td><td class=\"column-2\">igen<\/td><td class=\"column-3\">500<\/td><td class=\"column-4\">korai<\/td><td class=\"column-5\">Somogy<\/td><td class=\"column-6\">191 Ft<\/td>\n<\/tr>\n<tr class=\"row-11\">\n\t<td class=\"column-1\">Mv Pelsodur<\/td><td class=\"column-2\">igen<\/td><td class=\"column-3\">1000<\/td><td class=\"column-4\">korai<\/td><td class=\"column-5\">Somogy<\/td><td class=\"column-6\">188 Ft<\/td>\n<\/tr>\n<tr class=\"row-12\">\n\t<td class=\"column-1\">Mv Penedur<\/td><td class=\"column-2\">igen<\/td><td class=\"column-3\">700<\/td><td class=\"column-4\"><\/td><td class=\"column-5\">Pest<\/td><td class=\"column-6\">207 Ft<\/td>\n<\/tr>\n<tr class=\"row-13\">\n\t<td class=\"column-1\">RGT Belalur<\/td><td class=\"column-2\">igen<\/td><td class=\"column-3\">1000<\/td><td class=\"column-4\"><\/td><td class=\"column-5\">Gy\u0151r-Moson-Sopron<\/td><td class=\"column-6\">239 Ft<\/td>\n<\/tr>\n<tr class=\"row-14\">\n\t<td class=\"column-1\">Rocaillou<\/td><td class=\"column-2\">igen<\/td><td class=\"column-3\">1000<\/td><td class=\"column-4\">Lamardor Active<\/td><td class=\"column-5\">B\u00e9k\u00e9s<\/td><td class=\"column-6\">225 Ft<\/td>\n<\/tr>\n<tr class=\"row-15\">\n\t<td class=\"column-1\">Rocaillou<\/td><td class=\"column-2\">igen<\/td><td class=\"column-3\">1000<\/td><td class=\"column-4\">Lamardor Active<\/td><td class=\"column-5\">Veszpr\u00e9m<\/td><td class=\"column-6\">225 Ft<\/td>\n<\/tr>\n<tr class=\"row-16\">\n\t<td class=\"column-1\">Sambadur<\/td><td class=\"column-2\">igen<\/td><td class=\"column-3\">40<\/td><td class=\"column-4\">tebulkonazol + 6 mikroelemmel (Fe, Mn, Cu, Zn, B, Mo) cs\u00e1v\u00e1zva, fuvar 15.000 Ft\/t+\u00e1fa<\/td><td class=\"column-5\">Vas<\/td><td class=\"column-6\">261 Ft<\/td>\n<\/tr>\n<tr class=\"row-17\">\n\t<td class=\"column-1\">Sambadur<\/td><td class=\"column-2\">igen<\/td><td class=\"column-3\">1000<\/td><td class=\"column-4\">tebulkonazol + 6 mikroelemmel (Fe, Mn, Cu, Zn, B, Mo) cs\u00e1v\u00e1zva, fuvar 15.000 Ft\/t+\u00e1fa<\/td><td class=\"column-5\">Vas<\/td><td class=\"column-6\">249 Ft<\/td>\n<\/tr>\n<tr class=\"row-18\">\n\t<td class=\"column-1\">Sanodur<\/td><td class=\"column-2\">igen<\/td><td class=\"column-3\">1000<\/td><td class=\"column-4\"><\/td><td class=\"column-5\">Gy\u0151r-Moson-Sopron<\/td><td class=\"column-6\">244 Ft<\/td>\n<\/tr>\n<tr class=\"row-19\">\n\t<td class=\"column-1\">Tennodur<\/td><td class=\"column-2\">igen<\/td><td class=\"column-3\">40<\/td><td class=\"column-4\">tebulkonazol + 6 mikroelemmel (Fe, Mn, Cu, Zn, B, Mo) cs\u00e1v\u00e1zva, fuvar 15.000 Ft\/t+\u00e1fa<\/td><td class=\"column-5\">Vas<\/td><td class=\"column-6\">261 Ft<\/td>\n<\/tr>\n<tr class=\"row-20\">\n\t<td class=\"column-1\">Tennodur<\/td><td class=\"column-2\">igen<\/td><td class=\"column-3\">1000<\/td><td class=\"column-4\"> <\/td><td class=\"column-5\">Vas<\/td><td class=\"column-6\">249 Ft<\/td>\n<\/tr>\n<tr class=\"row-21\">\n\t<td class=\"column-1\">Toscadou<\/td><td class=\"column-2\">igen<\/td><td class=\"column-3\">1000<\/td><td class=\"column-4\">Lamardor Active<\/td><td class=\"column-5\">Pest<\/td><td class=\"column-6\">225 Ft<\/td>\n<\/tr>\n<tr class=\"row-22\">\n\t<td class=\"column-1\">Toscadou<\/td><td class=\"column-2\">igen<\/td><td class=\"column-3\">1000<\/td><td class=\"column-4\">Lamardor Active<\/td><td class=\"column-5\">Baranya<\/td><td class=\"column-6\">225 Ft<\/td>\n<\/tr>\n<tr class=\"row-23\">\n\t<td class=\"column-1\">Toscadou<\/td><td class=\"column-2\">igen<\/td><td class=\"column-3\">1000<\/td><td class=\"column-4\">Lamardor Active<\/td><td class=\"column-5\">Szabolcs-Szatm\u00e1r-Bereg<\/td><td class=\"column-6\">225 Ft<\/td>\n<\/tr>\n<tr class=\"row-24\">\n\t<td class=\"column-1\">Toscadou<\/td><td class=\"column-2\">igen<\/td><td class=\"column-3\">1000<\/td><td class=\"column-4\">Lamardor Active<\/td><td class=\"column-5\">Pest<\/td><td class=\"column-6\">225 Ft<\/td>\n<\/tr>\n<tr class=\"row-25\">\n\t<td class=\"column-1\">Wintergold<\/td><td class=\"column-2\">igen<\/td><td class=\"column-3\">1000<\/td><td class=\"column-4\"><\/td><td class=\"column-5\">Baranya<\/td><td class=\"column-6\">220 Ft<\/td>\n<\/tr>\n<tr class=\"row-26\">\n\t<td class=\"column-1\">Wintergold<\/td><td class=\"column-2\">igen<\/td><td class=\"column-3\">1000<\/td><td class=\"column-4\"><\/td><td class=\"column-5\">Gy\u0151r-Moson-Sopron<\/td><td class=\"column-6\">220 Ft<\/td>\n<\/tr>\n<tr class=\"row-27\">\n\t<td class=\"column-1\">Wintergold<\/td><td class=\"column-2\">igen<\/td><td class=\"column-3\">1000<\/td><td class=\"column-4\"><\/td><td class=\"column-5\">Gy\u0151r-Moson-Sopron<\/td><td class=\"column-6\">220 Ft<\/td>\n<\/tr>\n<tr class=\"row-28\">\n\t<td class=\"column-1\">Wintergold<\/td><td class=\"column-2\">igen<\/td><td class=\"column-3\">1000<\/td><td class=\"column-4\"><\/td><td class=\"column-5\">Baranya<\/td><td class=\"column-6\">220 Ft<\/td>\n<\/tr>\n<tr class=\"row-29\">\n\t<td class=\"column-1\">Wintersonne<\/td><td class=\"column-2\">igen<\/td><td class=\"column-3\">750<\/td><td class=\"column-4\">1. fok, Vibrance Duo + MV Supary<\/td><td class=\"column-5\">Fej\u00e1r<\/td><td class=\"column-6\">550 Ft<\/td>\n<\/tr>\n<tr class=\"row-30\">\n\t<td class=\"column-1\">Wintersonne<\/td><td class=\"column-2\">igen<\/td><td class=\"column-3\">700<\/td><td class=\"column-4\"><\/td><td class=\"column-5\">Pest<\/td><td class=\"column-6\">207 Ft<\/td>\n<\/tr>\n<\/tbody>\n<\/table>\n\n","protected":false},"excerpt":{"rendered":"<p>Durumb\u00faza vet\u0151mag fajt\u00e1k \u00e9s \u00e1rak<\/p>\n","protected":false},"author":2,"featured_media":0,"parent":1595,"menu_order":0,"comment_status":"closed","ping_status":"closed","template":"","meta":{"footnotes":""},"class_list":["post-2817","page","type-page","status-publish","hentry"],"post_mailing_queue_ids":[],"_links":{"self":[{"href":"https:\/\/magvas.hu\/index.php\/wp-json\/wp\/v2\/pages\/2817","targetHints":{"allow":["GET"]}}],"collection":[{"href":"https:\/\/magvas.hu\/index.php\/wp-json\/wp\/v2\/pages"}],"about":[{"href":"https:\/\/magvas.hu\/index.php\/wp-json\/wp\/v2\/types\/page"}],"author":[{"embeddable":true,"href":"https:\/\/magvas.hu\/index.php\/wp-json\/wp\/v2\/users\/2"}],"replies":[{"embeddable":true,"href":"https:\/\/magvas.hu\/index.php\/wp-json\/wp\/v2\/comments?post=2817"}],"version-history":[{"count":2,"href":"https:\/\/magvas.hu\/index.php\/wp-json\/wp\/v2\/pages\/2817\/revisions"}],"predecessor-version":[{"id":3968,"href":"https:\/\/magvas.hu\/index.php\/wp-json\/wp\/v2\/pages\/2817\/revisions\/3968"}],"up":[{"embeddable":true,"href":"https:\/\/magvas.hu\/index.php\/wp-json\/wp\/v2\/pages\/1595"}],"wp:attachment":[{"href":"https:\/\/magvas.hu\/index.php\/wp-json\/wp\/v2\/media?parent=2817"}],"curies":[{"name":"wp","href":"https:\/\/api.w.org\/{rel}","templated":true}]}}