{"id":1929,"date":"2016-09-13T18:58:12","date_gmt":"2016-09-13T18:58:12","guid":{"rendered":"http:\/\/www.magvas.hu\/?page_id=1929"},"modified":"2021-08-09T16:02:25","modified_gmt":"2021-08-09T16:02:25","slug":"szalas-takarmanyok-fajtaleiras","status":"publish","type":"page","link":"https:\/\/magvas.hu\/index.php\/nyari-vetomagok\/fufajok-fukeverekek\/szalas-takarmanyok-fajtaleiras\/","title":{"rendered":"Sz\u00e1las takarm\u00e1nyok &#8211; fajtale\u00edr\u00e1s"},"content":{"rendered":"<p><strong>FAUNA LEGEL\u0150 KEVER\u00c9K<\/strong><\/p>\n<p>Angol perje 65 %<br \/>\nOlasz perje 20 %<br \/>\nR\u00e9ti csenkesz 10 %<br \/>\nCsom\u00f3s eb\u00edr 5 %<\/p>\n<p><strong>\u00a0<\/strong><\/p>\n<p><strong>GIGANT KASZ\u00c1L\u00d3 KEVER\u00c9K<\/strong><\/p>\n<p>Angol perje 50 %<br \/>\nR\u00e9ti csenkesz 15 %<br \/>\nOlasz perje 15 %<br \/>\nCsom\u00f3s eb\u00edr 5 %<br \/>\nN\u00e1dk\u00e9p\u0171 csenkesz 5 %<br \/>\nFeh\u00e9rhere 5 %<br \/>\nV\u00f6r\u00f6shere 5 %<\/p>\n<p>&nbsp;<\/p>\n<p><strong>GREENLAND KASZ\u00c1L\u00d3 KEVER\u00c9K<\/strong><\/p>\n<p>Angol perje 50 %<br \/>\nOlasz perje 20 %<br \/>\nN\u00e1dk\u00e9p\u0171 csenkesz 10 %<br \/>\nCsom\u00f3s eb\u00edr 10 %<br \/>\nR\u00e9ti csenkesz 10 %<\/p>\n<p>&nbsp;<\/p>\n<p><strong>HOSSZ\u00da \u00c9LET\u0170 KEVER\u00c9K STANDARD<br \/>\n<\/strong>norm\u00e1l term\u0151helyi adotts\u00e1gok mellett hossz\u00fa ideig magas hozamot ny\u00fajt\u00f3 kever\u00e9k<br \/>\n15%\u00a0 Csom\u00f3s eb\u00edr<br \/>\n10% N\u00e1dk\u00e9p\u0171 csenkesz<br \/>\n15% R\u00e9ti csenkesz<br \/>\n15% \/V\u00f6r\u00f6s csenkesz<br \/>\n30% Angol perje<br \/>\n15% olasz perje<br \/>\nVet\u00e9sid\u0151: m\u00e1rcius-\u00e1prilis\/augusztus-szeptember\u00a0 Mennyis\u00e9g: 40-45 kg\/ha<\/p>\n<p><strong>\u00a0<\/strong><\/p>\n<p><strong>HOSSZ\u00da \u00c9LET\u0170 LEGEL\u0150 KEVER\u00c9K<br \/>\n<\/strong>M\u00e1r \u00e1prilis k\u00f6zep\u00e9t\u0151l kezdve j\u00f3 hozam\u00fa kever\u00e9k nagyszer\u0171 teherb\u00edr\u00e1ssal \u00e9s meg\u00fajul\u00f3 k\u00e9pess\u00e9ggel. A sz\u00e1lf\u00fcveknek k\u00f6sz\u00f6nhet\u0151en kasz\u00e1l\u00f3kever\u00e9kk\u00e9nt is j\u00f3l haszn\u00e1lhat\u00f3.<br \/>\n\u00fcde ter\u00fcletekre<br \/>\nAngol perje 30%<br \/>\nR\u00e9ti perje 16%<br \/>\nR\u00e9ti csenkesz 15%<br \/>\nR\u00e9ti kom\u00f3csin 10%<br \/>\nMagyar rozsnok 6%<br \/>\nV\u00f6r\u00f6s csenkesz 6%<br \/>\nFeh\u00e9r here 6%<br \/>\nCsom\u00f3s eb\u00edr 5%<br \/>\nSzarvaskerep 2%<br \/>\nKorcs (Sv\u00e9d) here 2%<br \/>\nV\u00f6r\u00f6s here 2%<\/p>\n<p>&nbsp;<\/p>\n<p><strong>INTENZ\u00cdV KASZ\u00c1L\u00d3 KEVER\u00c9K<br \/>\n<\/strong>Megfelel\u0151 csapad\u00e9k \u00e9s talajviszonyok k\u00f6zt h\u00e1rom f\u0151 haszn\u00e1lati \u00e9vben magas, nagyon \u00e9rt\u00e9kes takarm\u00e1nyhozam, de \u00f6t \u00e9vig is kiel\u00e9g\u00edt\u0151 eredm\u00e9nnyel termeszthet\u0151. M\u00e1jus v\u00e9g\u00e9t\u0151l v\u00e1ghat\u00f3.<br \/>\nCsom\u00f3s eb\u00edr 15%<br \/>\nR\u00e9ti csenkesz 14%<br \/>\nAngol perje 12%<br \/>\nHibrid perje 10%<br \/>\nOlasz perje 10%<br \/>\nR\u00e9ti perje 10%<br \/>\nLucerna 10%<br \/>\nR\u00e9ti kom\u00f3csin 8%<br \/>\nV\u00f6r\u00f6s here 6%<br \/>\nFeh\u00e9r here 5%<\/p>\n<p>&nbsp;<\/p>\n<p><strong>JUHLEGEL\u0150 KEVER\u00c9K<br \/>\n<\/strong>Sz\u00e1razabb term\u0151helyeken illetve gyeng\u00e9bb talajadotts\u00e1gn\u00e1l is j\u00f3 min\u0151s\u00e9g\u0171, kiel\u00e9g\u00edt\u0151 mennyis\u00e9g\u0171 takarm\u00e1nyt ny\u00fajt.<br \/>\nAngol perje 26%<br \/>\nV\u00f6r\u00f6s csenkesz 15%<br \/>\nN\u00e1dk\u00e9p\u0171 csenkesz 12%<br \/>\nJuh csenkesz 10%<br \/>\nR\u00e9ti perje 10%<br \/>\nCsom\u00f3s eb\u00edr 9%<br \/>\nTar\u00e9jos b\u00fazaf\u0171 6%<br \/>\nMagyar rozsnok 6%<br \/>\nKoml\u00f3s lucerna 2%<br \/>\nKorcs ( Sv\u00e9d ) here 2%<br \/>\nFeh\u00e9r here 2%<\/p>\n<p>&nbsp;<\/p>\n<p><strong>KASZ\u00c1L\u00d3 KEVER\u00c9K<br \/>\n<\/strong>V\u00f6r\u00f6s csenkesz 25%<br \/>\nCsom\u00f3s eb\u00edr 15%<br \/>\nN\u00e1dk\u00e9p\u0171 csenkesz 20%<br \/>\nOlasz perje 20%<br \/>\nAngolperje 20%<\/p>\n<p><strong>\u00a0<\/strong><\/p>\n<p><strong>L\u00d3ER\u0150CSEMEGE<br \/>\n<\/strong>Csom\u00f3s eb\u00edr\u00a0 25%<br \/>\nR\u00e9ti kom\u00f3csin\u00a0 25%<br \/>\nAngol perje\u00a0 20%<br \/>\nOlasz perje\u00a0 10%<br \/>\nR\u00e9ti perje\u00a0 10%<br \/>\nV\u00f6r\u00f6s csenkesz\u00a0 10%<\/p>\n<p>&nbsp;<\/p>\n<p><strong>L\u00d3KIFUT\u00d3 KEVER\u00c9K<br \/>\n<\/strong>Kiv\u00e1l\u00f3 teherb\u00edr\u00e1s\u00fa, intenz\u00edv fejl\u0151d\u00e9s\u0171, \u00e9s \u00edzletes z\u00f6ldtakarm\u00e1nyt ny\u00fajt\u00f3 gyepet fejleszt. Csak meger\u0151s\u00f6d\u00e9s ut\u00e1n terhelhet\u0151.<br \/>\nlegeltet\u00e9sre!<br \/>\nAngol perje 70%<br \/>\nR\u00e9ti perje 20%<\/p>\n<p>V\u00f6r\u00f6s csenkesz 10%<\/p>\n<p>&nbsp;<\/p>\n<p><strong>LUGAS KEVER\u00c9K<br \/>\n<\/strong>Angol perje\u00a0\u00a0\u00a0\u00a0\u00a0 45%<br \/>\nV\u00f6r\u00f6scsenkesz 45%<br \/>\nJuhcsenkesz\u00a0\u00a0\u00a0 10%<br \/>\n\u00e1rny\u00e9kt\u0171r\u0151<\/p>\n<p>&nbsp;<\/p>\n<p><strong>MULCS KEVER\u00c9K<br \/>\n<\/strong>Gy\u00fcm\u00f6lcs\u00f6s\u00f6k, sz\u0151l\u0151k sork\u00f6zeinek z\u00f6lden, \u00e1poltan tart\u00e1s\u00e1ra \u00f6ssze\u00e1ll\u00edtott kever\u00e9k. A magas pillang\u00f3s ar\u00e1nynak \u00e9s a z\u00f6ld t\u00f6megnek k\u00f6sz\u00f6nhet\u0151en t\u00e1panyagban is gazdag\u00edtja a talajt, gyomelnyom\u00f3 k\u00e9pess\u00e9ge kiv\u00e1l\u00f3.<br \/>\nV\u00f6r\u00f6s csenkesz 21%<br \/>\nAngol perje 21%<br \/>\nN\u00e1dk\u00e9p\u0171 csenkesz 18%<br \/>\nCsom\u00f3s eb\u00edr 15%<br \/>\nJuh csenkesz 10%<br \/>\nR\u00e9ti perje 9%<br \/>\nFeh\u00e9r here 4%<br \/>\nKoml\u00f3s lucerna 2%<\/p>\n<p><strong>\u00a0<\/strong><\/p>\n<p><strong>R\u00c9DEI KASZ\u00c1L\u00d3 KEVER\u00c9K<br \/>\n<\/strong>Els\u0151sorban kasz\u00e1l\u00e1ssal hasznos\u00edtott mez\u0151gazdas\u00e1gi ter\u00fcletekre aj\u00e1nlott. Sz\u00e1raz ter\u00fcleteken is megb\u00edzhat\u00f3 hozamot biztos\u00edt.<br \/>\nV\u00f6r\u00f6s csenkesz 25%<br \/>\nAngol perje 20%<br \/>\nN\u00e1dk\u00e9p\u0171 csenkesz 20%<br \/>\nCsom\u00f3s eb\u00edr 20%<br \/>\nOlasz perje 15%<\/p>\n<p>&nbsp;<\/p>\n<p><strong>R\u00c9DEI LEGEL\u0150 KEVER\u00c9K<br \/>\n<\/strong>Legel\u0151k l\u00e9tes\u00edt\u00e9s\u00e9re alkalmas f\u0171kever\u00e9k. Kedveli az \u00fcde, de legal\u00e1bb f\u00e9lsz\u00e1raz ter\u00fcleteket.<br \/>\nAngolperje 30 %,<br \/>\nN\u00e1dk\u00e9p\u0171 csenkesz 30 %,<br \/>\nV\u00f6r\u00f6scsenkesz 30 %,<br \/>\nR\u00e9ti perje 10 %.<\/p>\n<p>&nbsp;<\/p>\n<p><strong>R\u00c9DEI LOVAS KEVER\u00c9K<br \/>\n<\/strong>L\u00f3legel\u0151 kialak\u00edt\u00e1s\u00e1ra aj\u00e1nlott kever\u00e9k<br \/>\nAngolperje 30% ,<br \/>\nFelem\u00e1slevel\u0171 csenkesz 25% ,<br \/>\nFeh\u00e9rhere\u00a0 5%,<br \/>\nR\u00e9ti kom\u00f3csin 15%,<br \/>\nR\u00e9ti perje 15%,<br \/>\nV\u00f6r\u00f6scsenkesz 10% .<\/p>\n<p>&nbsp;<\/p>\n<p><strong>R\u00c9DEI T\u00d6LT\u00c9S KEVER\u00c9K<br \/>\n<\/strong>T\u00f6lt\u00e9sek, g\u00e1tak oldal\u00e1nak f\u00fcves\u00edt\u00e9s\u00e9re alkalmas. Egy-k\u00e9t kasz\u00e1l\u00e1st ig\u00e9nyel \u00e9vente. Gyorsan kel, ez\u00e9rt a gy\u00f6kerek hamar megfogj\u00e1k a talajt. J\u00f3 talajv\u00e9d\u0151 hat\u00e1ssal rendelkezik.<br \/>\nAngolperje 40%<br \/>\nV\u00f6r\u00f6s csenkesz 30%<br \/>\nN\u00e1dk\u00e9p\u0171 csenkesz 20%<br \/>\nFelem\u00e1slevel\u0171 csenkesz 10%<\/p>\n<p>&nbsp;<\/p>\n<p><strong>REKULTIV\u00c1CI\u00d3S KEVER\u00c9K<br \/>\n<\/strong>Angol perje 35%<br \/>\nV\u00f6r\u00f6scsenkesz 30%<br \/>\nOlasz perje 20%<br \/>\nN\u00e1dk\u00e9p\u0171 csenkesz 10%<br \/>\nCsom\u00f3seb\u00edr 5%<\/p>\n<p>&nbsp;<\/p>\n<p><strong>SAVANNA kever\u00e9k<br \/>\n<\/strong>Angol perje\u00a0 45 %<br \/>\nOlasz perje 20 %<br \/>\nV\u00f6r\u00f6scsenkesz 10 %<br \/>\nR\u00e9ti csenkesz 10 %<br \/>\nR\u00e9ti perje 5 %<br \/>\nCsom\u00f3s eb\u00edr 5 %<br \/>\nK\u00fasz\u00f3 lucerna 5 %<\/p>\n<p>&nbsp;<\/p>\n<p><strong>SZ\u00c1RAZS\u00c1GT\u0170R\u0150- LEGEL\u0150<br \/>\n<\/strong>Angolperje 20%<br \/>\nN\u00e1dk\u00e9p\u0171 csenkesz 20%<br \/>\nFelem\u00e1s level\u0171 csenkesz 20%<br \/>\nV\u00f6r\u00f6s csenkesz 40%<\/p>\n<p>&nbsp;<\/p>\n<p><strong>T\u00d6LT\u00c9S KEVER\u00c9K<br \/>\n<\/strong>Angolperje\u00a0\u00a0\u00a0\u00a0\u00a0\u00a0\u00a0\u00a0\u00a0 35%<br \/>\nN\u00e1dk\u00e9p\u0171 csenkesz 25%<br \/>\nV\u00f6r\u00f6scsenkesz\u00a0\u00a0\u00a0\u00a0\u00a0 20%<br \/>\nOlasz perje\u00a0\u00a0\u00a0\u00a0\u00a0\u00a0\u00a0\u00a0\u00a0\u00a0\u00a0 20%<\/p>\n<p>&nbsp;<\/p>\n<p><strong>VADLEGEL\u0150 KEVER\u00c9K<br \/>\n<\/strong>Az \u00f6sszet\u00e9tel alkalmass\u00e1 teszi legel\u0151k\u00e9nt, \u00e9l\u0151 \u00e9s b\u00fav\u00f3helyk\u00e9nt val\u00f3 hasznos\u00edt\u00e1sra sz\u00e1razabb adotts\u00e1g\u00fa helyeken is. Kora tavaszt\u00f3l \u00e9rt\u00e9kes takarm\u00e1nyt ny\u00fajt, illatos alkot\u00f3i vadcsalogat\u00f3 hat\u00e1s\u00faak.<br \/>\nCsom\u00f3s eb\u00edr 10%<br \/>\nV\u00f6r\u00f6s csenkesz 9%<br \/>\nLucerna 9%<br \/>\nN\u00e1dk\u00e9p\u0171 csenkesz 8%<br \/>\nJuh csenkesz 8%<br \/>\nAngol perje 7%<br \/>\nFeh\u00e9r here 6%<br \/>\nR\u00e9ti csenkesz 5%<br \/>\nHibrid perje 5%<br \/>\nOlasz perje 5%<br \/>\nV\u00f6r\u00f6s here 5%<br \/>\nR\u00e9ti perje 4%<br \/>\nKoml\u00f3s lucerna 3%<br \/>\nKorcs ( Sv\u00e9d ) here 3%<br \/>\nPoh\u00e1nka 3%<br \/>\n\u0150szi b\u00fckk\u00f6ny 3%<br \/>\nG\u00f6r\u00f6gsz\u00e9na 2%<br \/>\nTakarm\u00e1nyrepce 2%<br \/>\nOlajretek. 2%<br \/>\nSzarvaskerep 1%<\/p>\n<hr \/>\n<p><strong>\u00c1RNY\u00c9KT\u0170R\u0150 KEVER\u00c9K<\/strong><\/p>\n<p>V\u00f6r\u00f6s csenkesz: 70%<\/p>\n<p>felem\u00e1s level\u0171 csenkesz: 30%.<\/p>\n<p>&nbsp;<\/p>\n<p><strong>BILI\u00c1RD SPORT<\/strong><\/p>\n<p>Angol perje\u00a0\u00a0\u00a0\u00a0\u00a0 \u00a0\u00a0\u00a0 70 %<\/p>\n<p>V\u00f6r\u00f6scsenkesz\u00a0\u00a0\u00a0\u00a0 30 %<\/p>\n<p>&nbsp;<\/p>\n<p><strong>GOLFKEVER\u00c9K\u00a0\u00a0\u00a0\u00a0\u00a0\u00a0 <\/strong><\/p>\n<p>A legszebb p\u00e1zsitf\u0171 kever\u00e9kek egyike.<\/p>\n<p>H\u00e1z k\u00f6r\u00fcl, parkok, sportp\u00e1ly\u00e1k gyepes\u00edt\u00e9s\u00e9re haszn\u00e1lt gyepkever\u00e9kek<\/p>\n<p>R\u00e9ti perje 25%,<\/p>\n<p>c\u00e9rna tippan 25%<\/p>\n<p>v\u00f6r\u00f6s csenkesz 50%<\/p>\n<p>Gondozott ter\u00fcleteken sz\u00e9p p\u00e1zsitot alkot. Rendszeres t\u00f6r\u0151d\u00e9st ig\u00e9nyel. Terhelhet\u0151s\u00e9ge k\u00f6zepes.<\/p>\n<p>H\u00e1z k\u00f6r\u00fcl, parkok, sportp\u00e1ly\u00e1k gyepes\u00edt\u00e9s\u00e9re haszn\u00e1lt gyepkever\u00e9kek<\/p>\n<p>&nbsp;<\/p>\n<p><strong>KENTAUR<\/strong><\/p>\n<p>sz\u00e1razs\u00e1gt\u0171r\u0151<\/p>\n<p>N\u00e1dk\u00e9p\u0171.csenkesz 60 %<\/p>\n<p>Angol perje \u00a0\u00a0\u00a0\u00a0\u00a0\u00a0 \u00a0 25 %<\/p>\n<p>V\u00f6r\u00f6scsenkesz\u00a0\u00a0 \u00a0 15 %<\/p>\n<p>&nbsp;<\/p>\n<p><strong>LUGAS\u00a0\u00a0\u00a0\u00a0 <\/strong><\/p>\n<p>\u00c1rny\u00e9kt\u0171r\u0151 kever\u00e9k. Speci\u00e1lis f\u0171magkever\u00e9k \u00e1rny\u00e9kos fel\u00fcletek gyepes\u00edt\u00e9s\u00e9re. Gy\u00fcm\u00f6lcs\u00f6s\u00f6kbe, sz\u0151l\u0151 sork\u00f6z\u00f6kbe aj\u00e1nlott.<\/p>\n<p>V\u00f6r\u00f6scsenkesz 45 %<\/p>\n<p>Angol perje 45 %<\/p>\n<p>Juhcsenkesz 10 %<\/p>\n<p>&nbsp;<\/p>\n<p><strong>NIAGARA P\u00c1ZSIT<\/strong><\/p>\n<p>Fajta\u00f6sszet\u00e9tele s\u0171r\u0171 \u00e1llom\u00e1nyt biztos\u00edt. Eleg\u00e1ns l\u00e1tv\u00e1nyt ny\u00fajt\u00f3 standard kever\u00e9k. Parkokba \u00e9s kertekbe egyar\u00e1nt aj\u00e1nljuk.<\/p>\n<p>Angol perje 55 %<\/p>\n<p>V\u00f6r\u00f6scsenkesz 40 %<\/p>\n<p>R\u00e9ti perje 5 %<\/p>\n<p>&nbsp;<\/p>\n<p><strong>PARKKEVER\u00c9K<\/strong><\/p>\n<p>Nagyobb fel\u00fclet\u0171 ter\u00fcletek gyepes\u00edt\u00e9s\u00e9re alkalmas.<\/p>\n<p>angolperje 35 %,<\/p>\n<p>c\u00e9rnatippan 5 %,<\/p>\n<p>r\u00e9ti perje 15 %,<\/p>\n<p>r\u00e9ti csenkesz 20 %,<\/p>\n<p>v\u00f6r\u00f6s csenkesz 25 %.<\/p>\n<p>&nbsp;<\/p>\n<p><strong>P\u00c1ZSIT\u00a0\u00a0\u00a0\u00a0 <\/strong><\/p>\n<p>R\u00e9ti perje 5%<\/p>\n<p>Angol perje 25%<\/p>\n<p>Felem\u00e1s level\u0171 csenkesz 30%<\/p>\n<p>V\u00f6r\u00f6s csenkesz 40%<\/p>\n<p>&nbsp;<\/p>\n<p><strong>P\u00c1ZSIT KEVER\u00c9K<\/strong><\/p>\n<p>Ig\u00e9nyes gyepfel\u00fcletek kialak\u00edt\u00e1s\u00e1ra. Terhelhet\u0151s\u00e9ge k\u00f6zepes. Gyorsan cs\u00edr\u00e1zik.<\/p>\n<p>H\u00e1z k\u00f6r\u00fcl, parkok, sportp\u00e1ly\u00e1k gyepes\u00edt\u00e9s\u00e9re haszn\u00e1lt gyepkever\u00e9k.<\/p>\n<p>angolperje: 25%,<\/p>\n<p>v\u00f6r\u00f6s csenkesz: 40 %,<\/p>\n<p>c\u00e9rnatippan: 5 %,<\/p>\n<p>felem\u00e1s level\u0171 csenkesz: 30%.<\/p>\n<p>&nbsp;<\/p>\n<p><strong>SPORT KEVER\u00c9K<\/strong><\/p>\n<p>J\u00f3 \u00e1ll\u00f3k\u00e9pess\u00e9g\u0171, tapos\u00e1s t\u0171r\u0151 f\u0171magkever\u00e9k.<\/p>\n<p>Nagy ig\u00e9nybev\u00e9telnek kitett ter\u00fcletekre. Els\u0151sorban k\u00f6t\u00f6tt talajokra aj\u00e1nlott.<\/p>\n<p>H\u00e1z k\u00f6r\u00fcl, parkok, sportp\u00e1ly\u00e1k gyepes\u00edt\u00e9s\u00e9re haszn\u00e1lt gyepkever\u00e9k<\/p>\n<p>Angol perje: 25%,<\/p>\n<p>v\u00f6r\u00f6s csenkesz: 30%,<\/p>\n<p>felem\u00e1slevel\u0171 csenkesz: 45%<\/p>\n<p>&nbsp;<\/p>\n<p><strong>SZ\u00c1RAZS\u00c1GT\u0170R\u0150 KEVER\u00c9K<\/strong><\/p>\n<p>angolperje 20 %<\/p>\n<p>n\u00e1dk\u00e9p\u0171 csenkesz 20 %<\/p>\n<p>v\u00f6r\u00f6scsenkesz 40 %<\/p>\n<p>felem\u00e1slevel\u0171 csenkesz 20 %<\/p>\n<p>&nbsp;<\/p>\n<p><a href=\"https:\/\/magvas.hu\/index.php\/nyari-vetomagok\/szalas-takarmanyok\/\" target=\"_blank\" rel=\"noopener\">A sz\u00e1las takarm\u00e1nyokhoz kapcsol\u00f3d\u00f3 vet\u0151magk\u00edn\u00e1latunkat ide kattintva tal\u00e1lja!<\/a><\/p>\n","protected":false},"excerpt":{"rendered":"<p>FAUNA LEGEL\u0150 KEVER\u00c9K Angol perje 65 % Olasz perje 20 % R\u00e9ti csenkesz 10 % Csom\u00f3s eb\u00edr 5 % \u00a0 GIGANT KASZ\u00c1L\u00d3 KEVER\u00c9K Angol perje 50 % R\u00e9ti csenkesz 15 % Olasz perje 15 % Csom\u00f3s eb\u00edr 5 % N\u00e1dk\u00e9p\u0171<\/p>\n","protected":false},"author":2,"featured_media":0,"parent":1497,"menu_order":0,"comment_status":"closed","ping_status":"closed","template":"","meta":{"footnotes":""},"class_list":["post-1929","page","type-page","status-publish","hentry"],"post_mailing_queue_ids":[],"_links":{"self":[{"href":"https:\/\/magvas.hu\/index.php\/wp-json\/wp\/v2\/pages\/1929","targetHints":{"allow":["GET"]}}],"collection":[{"href":"https:\/\/magvas.hu\/index.php\/wp-json\/wp\/v2\/pages"}],"about":[{"href":"https:\/\/magvas.hu\/index.php\/wp-json\/wp\/v2\/types\/page"}],"author":[{"embeddable":true,"href":"https:\/\/magvas.hu\/index.php\/wp-json\/wp\/v2\/users\/2"}],"replies":[{"embeddable":true,"href":"https:\/\/magvas.hu\/index.php\/wp-json\/wp\/v2\/comments?post=1929"}],"version-history":[{"count":3,"href":"https:\/\/magvas.hu\/index.php\/wp-json\/wp\/v2\/pages\/1929\/revisions"}],"predecessor-version":[{"id":4154,"href":"https:\/\/magvas.hu\/index.php\/wp-json\/wp\/v2\/pages\/1929\/revisions\/4154"}],"up":[{"embeddable":true,"href":"https:\/\/magvas.hu\/index.php\/wp-json\/wp\/v2\/pages\/1497"}],"wp:attachment":[{"href":"https:\/\/magvas.hu\/index.php\/wp-json\/wp\/v2\/media?parent=1929"}],"curies":[{"name":"wp","href":"https:\/\/api.w.org\/{rel}","templated":true}]}}