{"id":1923,"date":"2016-09-13T18:54:04","date_gmt":"2016-09-13T18:54:04","guid":{"rendered":"http:\/\/www.magvas.hu\/?page_id=1923"},"modified":"2021-05-18T15:43:56","modified_gmt":"2021-05-18T15:43:56","slug":"lucerna-fajtaleirasok","status":"publish","type":"page","link":"https:\/\/magvas.hu\/index.php\/nyari-vetomagok\/pillangos-vetomagok-nyari\/lucerna-fajtaleirasok\/","title":{"rendered":"Lucerna &#8211; fajtale\u00edr\u00e1sok"},"content":{"rendered":"<p><strong>ADORNA<\/strong><\/p>\n<p>(olasz, regisztr\u00e1ci\u00f3 2000-ben)<\/p>\n<p>kiugr\u00f3an magas feh\u00e9rje tartalom<br \/>\nleveles fajta<br \/>\ndormancia: 8<br \/>\nkit\u0171n\u0151 betegs\u00e9g ellen\u00e1ll\u00f3s\u00e1g<br \/>\nt\u00e9l\u00e1ll\u00f3s\u00e1g: k\u00f6zepes<\/p>\n<p>&nbsp;<\/p>\n<p><strong>DIMITRA <\/strong><\/p>\n<p>(olasz, regisztr\u00e1ci\u00f3 2006-ban)<\/p>\n<p>Nagyon j\u00f3 asz\u00e1lytolerancia<\/p>\n<p>Kiv\u00e1l\u00f3 em\u00e9szthet\u0151s\u00e9g, magas feh\u00e9rjetartalom<\/p>\n<p>7-es dormancia \u00e9s j\u00f3 t\u00e9l\u00e1ll\u00f3s\u00e1g<\/p>\n<p>J\u00f3l alkalmazkodik minden relat\u00edv hideg t\u00e9llel \u00e9s forr\u00f3 sz\u00e1raz ny\u00e1rral meg\u00e1ldott ter\u00fclethez.<\/p>\n<p>A vir\u00e1gz\u00e1s ideje: k\u00f6zepes &#8211; gyors<\/p>\n<p>\u00dajrasarjadz\u00e1s: 22-28 nap<\/p>\n<p>Fagytoleranci\u00e1ja j\u00f3<\/p>\n<p>Betegs\u00e9g-ellen\u00e1ll\u00e1sa igen j\u00f3<\/p>\n<p>Felhaszn\u00e1l\u00e1sa: sil\u00f3takarm\u00e1ny, sz\u00e9na<\/p>\n<p>V\u00e1g\u00e1s: a vir\u00e1gz\u00e1s kezdet\u00e9n<\/p>\n<p><strong>\u00a0<\/strong><\/p>\n<p><strong>GEA<\/strong><\/p>\n<p>Hidegt\u0171r\u00e9se igen j\u00f3<\/p>\n<p>Tavaszi n\u00f6veked\u00e9se gyors<br \/>\nSz\u00e1razs\u00e1gt\u0171r\u0151 k\u00e9pess\u00e9ge nagyon j\u00f3<br \/>\nK\u00e9t kasz\u00e1l\u00e1s k\u00f6zti id\u0151\u00a0 25-30 nap<br \/>\nKasz\u00e1l\u00e1sok \u00e1tlagos sz\u00e1ma\/szezon 4-5<br \/>\nTermeszt\u00e9s ideje 3-4 \u00e9v<br \/>\nVet\u0151mag norma\/hekt\u00e1r 25-30 kg<br \/>\nVet\u00e9sm\u00e9lys\u00e9g 0,5-1 cm<\/p>\n<p><strong>\u00a0<\/strong><\/p>\n<p><strong>HUNOR-40<\/strong><\/p>\n<p>Min\u0151s\u00edt\u00e9s \u00e9ve: 1989.<\/p>\n<p>(DE ATC Ny\u00edregyh\u00e1za)<\/p>\n<p>J\u00f3 \u00e1ll\u00f3k\u00e9pess\u00e9g\u0171 fajta. Lev\u00e9lsz\u00edne k\u00f6z\u00e9pz\u00f6ld, lev\u00e9llemez sz\u00e9le fogazott, alakja elliptikus. Lev\u00e9l-sz\u00e1r ar\u00e1nya 44:56 \u2013 49:51. Sz\u00e1ra vil\u00e1gosz\u00f6ld, antoci\u00e1nos. Vir\u00e1gsz\u00edne vil\u00e1gos lila s\u00f6t\u00e9tk\u00e9k, de feh\u00e9r is el\u0151fordulhat.<\/p>\n<p>Ezermagt\u00f6mege: 2,0-2,4 g.<\/p>\n<p>Extenz\u00edv viszonyok mellett is gyors fejl\u0151d\u00e9s\u0171. Hervad\u00e1sos betegs\u00e9gekkel szembeni ellen\u00e1ll\u00f3 k\u00e9pess\u00e9ge a jobbak k\u00f6z\u00e9 tartozik. Sz\u00e1razs\u00e1gt\u0171r\u00e9se j\u00f3, t\u00e9l- \u00e9s fagy\u00e1ll\u00f3s\u00e1ga igen j\u00f3. A tavaszi \u00e9s a kasz\u00e1l\u00e1sok ut\u00e1ni sarjadz\u00e1sa j\u00f3.<\/p>\n<p>J\u00f3 a perzisztenci\u00e1ja, m\u00e9g a negyedik \u00e9vben is z\u00e1rt \u00e1llom\u00e1nyt alkot. Az \u00f6nt\u00f6z\u00e9st jelent\u0151s t\u00f6bblethozammal h\u00e1l\u00e1lja meg. Az orsz\u00e1g eg\u00e9sz ter\u00fclet\u00e9n eredm\u00e9nyesen termeszthet\u0151. A t\u00f6bbi fajt\u00e1val szembeni el\u0151nye els\u0151sorban m\u00e9szben szeg\u00e9ny, savany\u00fa homoktalajon mutatkozik meg.<\/p>\n<p>Term\u0151k\u00e9pess\u00e9ge: 10-12 t\/ha\/\u00e9v sz\u00e1razanyag (sz\u00e9na).<\/p>\n<p><strong>\u00a0<\/strong><\/p>\n<p><strong>OLIMPIA<\/strong><\/p>\n<p>Magyar nemes\u00edt\u00e9s\u0171 tarkavir\u00e1g\u00fa fajhibrid lucerna fajta. Genot\u00edpus\u00e1ban hordozza a Sv\u00e9d lucerna &#8211; Szinonim n\u00e9v: Sarl\u00f3s-,vagy S\u00e1rkerep lucerna &#8211; (Medicago falcata) kedvez\u0151 tulajdons\u00e1gait is.<\/p>\n<p>\u00c1llami elismer\u00e9se: 2006.<\/p>\n<p>K\u00f6zepes-magas n\u00f6v\u00e9nymagass\u00e1g\u00fa, fel\u00e1ll\u00f3 n\u00f6veked\u00e9si form\u00e1j\u00fa, v\u00e9kony sz\u00e1r\u00fa, leveles t\u00edpus\u00fa, t\u00falnyom\u00f3an k\u00e9kvir\u00e1g\u00fa (tarkavir\u00e1g\u00fa, s\u00e1rga- \u00e9s feh\u00e9rvir\u00e1g\u00fa n\u00f6v\u00e9nyek is el\u0151fordulnak a fajta-popul\u00e1ci\u00f3ban) lucernafajta.<\/p>\n<p>Sz\u00e1razanyag term\u00e9se a hivatalos k\u00eds\u00e9rletekben 4 \u00e9v alatt \u00f6sszesen: 61,9 t\/ha (15,5 t\/ha\/\u00e9v). Feh\u00e9rje term\u00e9se a vizsg\u00e1lt 4 \u00e9vben \u00f6sszesen: 12,4 t\/ha (3,6 t\/ha\/\u00e9v). Magas feh\u00e9rjetartalm\u00fa (23 %). T\u00e9l\u00e1ll\u00f3s\u00e1ga, sz\u00e1razs\u00e1gt\u0171r\u00e9se kiv\u00e1l\u00f3. Maghozama k\u00f6zepes-j\u00f3. A felsz\u00ednhez k\u00f6zel d\u00fasabban el\u00e1gaz\u00f3 \u00e9s egyben m\u00e9lyre hatol\u00f3 gy\u00f6k\u00e9rzete r\u00e9v\u00e9n jobban hasznos\u00edtja a talaj kisebb t\u00e1panyag- \u00e9s v\u00edzk\u00e9szlet\u00e9t. Nemes\u00edt\u00e9se savany\u00fa, gyenge term\u00e9kenys\u00e9g\u0171 homok- \u00e9s erd\u0151talajokon folyt, ez\u00e9rt alkalmas ilyen talajokon t\u00f6rt\u00e9n\u0151 eredm\u00e9nyes termeszt\u00e9sre is.<\/p>\n<p>Termeszt\u00e9se gyenge term\u00e9kenys\u00e9g\u0171 homoktalajokon, erd\u0151talajokon \u00e9s lejt\u0151s, erod\u00e1lt, sek\u00e9ly term\u0151r\u00e9teg\u0171 \u00e9s savany\u00fa talajokon is eredm\u00e9nyes. J\u00f3 term\u00e9kenys\u00e9g\u0171 \u00e9s k\u00f6t\u00f6tt talajokon is versenyk\u00e9pes, nagy- \u00e9s j\u00f3 min\u0151s\u00e9g\u0171 term\u00e9st ad\u00f3 fajta. Megfelel\u0151 agrotechnik\u00e1val k\u00e9pes 5-6 \u00e9ves \u00e9lettartamra.<\/p>\n<p>Az OLIMPIA lucernafajta tavaszi tiszta telep\u00edt\u00e9se javasolt. Tavaszi telep\u00edt\u00e9s biztons\u00e1ga a csapad\u00e9k nagyobb val\u00f3sz\u00edn\u0171s\u00e9ge miatt jobb. Ny\u00e1rv\u00e9gi telep\u00edt\u00e9s el\u0151nye a k\u00f6vetkez\u0151 \u00e9vi nagyobb term\u00e9s \u00e9s a gyomosod\u00e1s is kisebb kock\u00e1zatot jelent. Ennek ellen\u00e9re csak akkor v\u00e1lasszuk a ny\u00e1rv\u00e9gi telep\u00edt\u00e9st, ha a kel\u00e9shez sz\u00fcks\u00e9ges nedvess\u00e9get biztos\u00edtani tudjuk a talajban (v\u00edzmeg\u0151rz\u0151 talajm\u0171vel\u00e9s, \u00f6nt\u00f6z\u00e9s). \u00d6nmag\u00e1ban t\u00f6rt\u00e9n\u0151 (tiszta) telep\u00edt\u00e9s eset\u00e9n nemcsak a telep\u00edt\u00e9s biztons\u00e1ga, de a lucerna v\u00e1rhat\u00f3 term\u00e9se is n\u00f6velhet\u0151. A lucerna tiszta telep\u00edt\u00e9se \u00e1ltal\u00e1nosan javasolhat\u00f3 nemcsak ny\u00e1rv\u00e9gi, de tavaszi telep\u00edt\u00e9sben is. Vet\u00e9si param\u00e9terek: vet\u0151magmennyis\u00e9g 20 kg\/ha (10 milli\u00f3 cs\u00edra), vet\u00e9sm\u00e9lys\u00e9g 1,5- 2 cm, gabona sort\u00e1vols\u00e1gra (12-15 cm).<\/p>\n<p><strong>\u00a0<\/strong><\/p>\n<p><strong>PLATO<\/strong><\/p>\n<p>(1990, N\u00e9metorsz\u00e1g)<\/p>\n<p>Extenz\u00edv \u00e9s intenz\u00edv (\u00f6nt\u00f6z\u00f6tt) k\u00f6r\u00fclm\u00e9nyek k\u00f6z\u00f6tt egyar\u00e1nt termeszthet\u0151 az orsz\u00e1g b\u00e1rmely ter\u00fclet\u00e9n. K\u00f6zepesn\u00e9l er\u0151teljesebben fejl\u0151dik. Sz\u00e1ra k\u00f6z\u00e9pfinom, levele kerekded, hossz\u00fak\u00e1s, k\u00f6z\u00e9pz\u00f6ld. Nagyon j\u00f3 a sz\u00e1r \/ lev\u00e9l ar\u00e1nya a vir\u00e1gz\u00e1s kezdet\u00e9n. Vir\u00e1ga lila \u00e9s k\u00e9k minden \u00e1rnyalata.<\/p>\n<p>Ezermags\u00faly: 2,0-2,3 g.<\/p>\n<p>Rezisztenci\u00e1ja a Fusarium \u00e9s Verticilliummal szemben kiv\u00e1l\u00f3, t\u00e9l\u00e1ll\u00f3s\u00e1ga igen j\u00f3. Magas term\u00e9st biztos\u00edt, 40 napos kasz\u00e1l\u00e1si fordul\u00f3val, gyorsan regener\u00e1l\u00f3dik.<\/p>\n<p><strong>\u00a0<\/strong><\/p>\n<p><strong>SZARVASI AS-1<\/strong><\/p>\n<p>1995-ben \u00e1llamilag min\u0151s\u00edtett fajta<\/p>\n<p>Extenz\u00edv \u00e9s intenz\u00edv (\u00f6nt\u00f6z\u00f6tt) k\u00f6r\u00fclm\u00e9nyek k\u00f6z\u00f6tt igen j\u00f3l termeszthet\u0151 az orsz\u00e1g b\u00e1rmely r\u00e9sz\u00e9n. K\u00f6zepesn\u00e9l er\u0151teljesebben fejl\u0151dik.<\/p>\n<p>K\u00f6z\u00e9pvastag sz\u00e1r\u00fa, j\u00f3 sz\u00e1r-lev\u00e9l ar\u00e1ny\u00fa, lev\u00e9lzete k\u00f6z\u00e9pz\u00f6ld sz\u00edn\u0171. Vir\u00e1gzata k\u00f6z\u00e9plila \u00e9s lila \u00e1rnyalat\u00fa, k\u00f6zepesn\u00e9l er\u0151teljesebb fejl\u0151d\u00e9s\u0171. Ezermag s\u00falya: 2 &#8211; 2,2 g.<\/p>\n<p>Rezisztenci\u00e1ja a Fusarium \u00e9s Verticilliummal szemben kiv\u00e1l\u00f3. T\u00e9l\u00e1ll\u00f3s\u00e1ga igen j\u00f3. Gyorsan regener\u00e1l\u00f3dik a kasz\u00e1l\u00e1sok ut\u00e1n.<\/p>\n<p>A t\u00e1panyagban szeg\u00e9ny (alacsony N- \u00e9s humusztartalm\u00fa talajokon) homokon \u00e9s szikes r\u00e9ti talajokon is biztons\u00e1gos. Eredm\u00e9nyes magfog\u00e1st \u00e9rhet\u00fcnk el (200-500 kg\/ha) a m\u00e1sodik n\u00f6ved\u00e9kb\u0151l, ha az els\u0151 kasz\u00e1l\u00e1st m\u00e1jus 15-e ut\u00e1n v\u00e9gezz\u00fck. M\u00e9g j\u00f3 magfog\u00e1st lehet el\u00e9rni korai els\u0151 \u00e9s az el\u0151rehozott m\u00e1sodik kasz\u00e1l\u00e1s ut\u00e1n (m\u00e1jus v\u00e9ge, j\u00fanius 5.) az el\u0151rehozott 3. n\u00f6ved\u00e9ken.<\/p>\n<p>Feh\u00e9rje term\u00e9se a vir\u00e1gz\u00e1s kezdet\u00e9n, k\u00e9kbimb\u00f3s fejletts\u00e9gben val\u00f3 betakar\u00edt\u00e1skor a legt\u00f6bb.<\/p>\n<p><strong>\u00a0<\/strong><\/p>\n<p><strong>Szarvasi AS-3<\/strong><\/p>\n<p>1997-ben \u00e1llamilag min\u0151s\u00edtett fajta<\/p>\n<p>Hazai viszonyok k\u00f6z\u00f6tt extenz\u00edv \u00e9s intenz\u00edv hasznos\u00edt\u00e1ssal igen j\u00f3l termeszthet\u0151. Er\u0151teljes n\u00f6veked\u00e9s\u0171, er\u0151s sz\u00e1r\u00fa, kedvez\u0151 sz\u00e1r-lev\u00e9lar\u00e1ny\u00fa, k\u00f6z\u00e9pz\u00f6ld lombozat\u00fa. Fusariummal \u00e9s Verticilliummal szemben sz\u00e1nt\u00f3f\u00f6ldi rezisztenci\u00e1ja kiv\u00e1l\u00f3. Hidegt\u0171r\u0151.<\/p>\n<p>Kasz\u00e1l\u00e1s ut\u00e1n gyorsan regener\u00e1l\u00f3dik. Extenz\u00edv k\u00f6r\u00fclm\u00e9nyek k\u00f6z\u00f6tt 6-7 \u00e9vig, \u00f6nt\u00f6zve 4-5 \u00e9vig is termelhet\u0151. 35-40 napos kasz\u00e1l\u00e1si fordul\u00f3val kimagasl\u00f3 sz\u00e1razanyagterm\u00e9st ad.<\/p>\n<p>Alacsony N- \u00e9s humusztartalm\u00fa talajokon biztons\u00e1gos. F\u0151leg alacsony AK \u00e9rt\u00e9k\u0171 (20 alatti) talajokon javasolt. 200-500 kg\/ha mag is el\u00e9rhet\u0151 id\u0151j\u00e1r\u00e1st\u00f3l f\u00fcgg\u0151en. A magfog\u00e1s k\u00e9s\u0151i (m\u00e1jus 20-25) els\u0151 kasz\u00e1l\u00e1s ut\u00e1n vagy korai (m\u00e1jus els\u0151 hete) els\u0151 kasz\u00e1l\u00e1s ut\u00e1n, illetve m\u00e9g m\u00e1jus utols\u00f3 het\u00e9ben val\u00f3 kasz\u00e1l\u00e1s ut\u00e1n egy el\u0151rehozott harmadik n\u00f6ved\u00e9kb\u0151l biztons\u00e1gos.<\/p>\n<p>&nbsp;<\/p>\n<p><a href=\"https:\/\/magvas.hu\/index.php\/nyari-vetomagok\/nitrogenmegkoto-novenyek\/\" target=\"_blank\">Lucerna vet\u0151magk\u00edn\u00e1latunkat ide kattintva tal\u00e1lja!<\/a><\/p>\n","protected":false},"excerpt":{"rendered":"<p>ADORNA (olasz, regisztr\u00e1ci\u00f3 2000-ben) kiugr\u00f3an magas feh\u00e9rje tartalom leveles fajta dormancia: 8 kit\u0171n\u0151 betegs\u00e9g ellen\u00e1ll\u00f3s\u00e1g t\u00e9l\u00e1ll\u00f3s\u00e1g: k\u00f6zepes &nbsp; DIMITRA (olasz, regisztr\u00e1ci\u00f3 2006-ban) Nagyon j\u00f3 asz\u00e1lytolerancia Kiv\u00e1l\u00f3 em\u00e9szthet\u0151s\u00e9g, magas feh\u00e9rjetartalom 7-es dormancia \u00e9s j\u00f3 t\u00e9l\u00e1ll\u00f3s\u00e1g J\u00f3l alkalmazkodik minden relat\u00edv hideg t\u00e9llel<\/p>\n","protected":false},"author":2,"featured_media":0,"parent":1489,"menu_order":0,"comment_status":"closed","ping_status":"closed","template":"","meta":{"footnotes":""},"class_list":["post-1923","page","type-page","status-publish","hentry"],"post_mailing_queue_ids":[],"_links":{"self":[{"href":"https:\/\/magvas.hu\/index.php\/wp-json\/wp\/v2\/pages\/1923","targetHints":{"allow":["GET"]}}],"collection":[{"href":"https:\/\/magvas.hu\/index.php\/wp-json\/wp\/v2\/pages"}],"about":[{"href":"https:\/\/magvas.hu\/index.php\/wp-json\/wp\/v2\/types\/page"}],"author":[{"embeddable":true,"href":"https:\/\/magvas.hu\/index.php\/wp-json\/wp\/v2\/users\/2"}],"replies":[{"embeddable":true,"href":"https:\/\/magvas.hu\/index.php\/wp-json\/wp\/v2\/comments?post=1923"}],"version-history":[{"count":3,"href":"https:\/\/magvas.hu\/index.php\/wp-json\/wp\/v2\/pages\/1923\/revisions"}],"predecessor-version":[{"id":3927,"href":"https:\/\/magvas.hu\/index.php\/wp-json\/wp\/v2\/pages\/1923\/revisions\/3927"}],"up":[{"embeddable":true,"href":"https:\/\/magvas.hu\/index.php\/wp-json\/wp\/v2\/pages\/1489"}],"wp:attachment":[{"href":"https:\/\/magvas.hu\/index.php\/wp-json\/wp\/v2\/media?parent=1923"}],"curies":[{"name":"wp","href":"https:\/\/api.w.org\/{rel}","templated":true}]}}