{"id":1905,"date":"2016-09-13T18:48:32","date_gmt":"2016-09-13T18:48:32","guid":{"rendered":"http:\/\/www.magvas.hu\/?page_id=1905"},"modified":"2021-05-18T15:49:44","modified_gmt":"2021-05-18T15:49:44","slug":"tritikale-fajtaleirasok","status":"publish","type":"page","link":"https:\/\/magvas.hu\/index.php\/oszi-vetomagok\/tritikale\/tritikale-fajtaleirasok\/","title":{"rendered":"Tritik\u00e1l\u00e9 &#8211; fajtale\u00edr\u00e1sok"},"content":{"rendered":"<p><strong>CASCADOR F<br \/>\n<\/strong>(rom\u00e1n honos\u00edt\u00e1s)<\/p>\n<p>Viszonylag alacsony sz\u00e1r\u00fa, kiv\u00e1l\u00f3 \u00e1ll\u00f3k\u00e9pess\u00e9g\u0171. Lev\u00e9lbetegs\u00e9gek elleni gomba\u00f6l\u0151szeres kezel\u00e9st megh\u00e1l\u00e1lja.<br \/>\nKarcagon 2013-ban 5,9 t\/ha \u00e1tlagterm\u00e9st hozott ugyancsak 10 AK\/ha-os ter\u00fcleten.<\/p>\n<p>&nbsp;<\/p>\n<p><strong>GK REGE<\/strong><\/p>\n<p>k\u00f6z\u00e9p\u00e9r\u00e9s\u0171 \u0151szi tritik\u00e1l\u00e9<br \/>\n(Gabonakutat\u00f3 Kft.)<br \/>\nMin\u0151s\u00edt\u00e9s \u00e9ve: 2008.<br \/>\nFagy- \u00e9s t\u00e9l\u00e1ll\u00f3s\u00e1ga kiemelked\u0151.<br \/>\nM\u00e9lyen gy\u00f6kerez\u0151 t\u00edpus, ennek k\u00f6vetkezm\u00e9nye, hogy a kora ny\u00e1ri sz\u00e1razs\u00e1got j\u00f3l t\u0171ri.<br \/>\nTerm\u0151k\u00e9pess\u00e9ge j\u00f3, homok \u00e9s gyenge talajokon 4,5-6 tonna\/ha.<br \/>\nB\u0151 szalmahozam<br \/>\nBetegs\u00e9g-ellen\u00e1ll\u00f3s\u00e1ga: lev\u00e9lrozsd\u00e1val szemben gyenge, sz\u00e1rrozsd\u00e1val szemben kiv\u00e1l\u00f3.<\/p>\n<p><strong>\u00a0<\/strong><\/p>\n<p><strong>GK SZEMES<\/strong><\/p>\n<p>Min\u0151s\u00edt\u00e9s \u00e9ve: 2010.<br \/>\nIgen korai \u00e9r\u00e9s\u0171<br \/>\n(Gabonakutat\u00f3 Kft.)<br \/>\nSzeptember elej\u00e9t\u0151l k\u00e9s\u0151 \u0151szig b\u00e1rmikor, s\u0151t ha a talajviszonyok lehet\u0151v\u00e9 teszik, janu\u00e1r-febru\u00e1r &#8211; m\u00e1rcius sor\u00e1n is biztons\u00e1ggal vethet\u0151. \u0150szi fajtak\u00e9nt nyert \u00e1llami min\u0151s\u00edt\u00e9st, de \u0151szi-j\u00e1r\u00f3 t\u00edpus\u00fa, azaz: \u0151sszel \u00e9s tavasszal egyar\u00e1nt vethet\u0151.<br \/>\nAj\u00e1nlott vet\u00e9si norm\u00e1ja er\u0151sebb talajokban: 150-200 kg\/ha, homokos talajokban 200-250 kg\/ha.<br \/>\nBokrosod\u00f3 k\u00e9pess\u00e9ge kiv\u00e1l\u00f3.<br \/>\nSz\u00e1r \u00e9s lev\u00e9lrozsd\u00e1nak, lisztharmatnak ellen\u00e1ll\u00f3, a fuz\u00e1rium-ellen\u00e1ll\u00f3s\u00e1ga \u00e1tlagos, a lev\u00e9lfoltosod\u00e1sra (szept\u00f3r\u00eda) k\u00f6zepesen ellen\u00e1ll\u00f3.<br \/>\nNem ig\u00e9nyel n\u00f6v\u00e9nyv\u00e9delmet, az \u00f6ko-termeszt\u0151knek is aj\u00e1nlott.<br \/>\nA rostokban gazdag barna kenyerek el\u00e1ll\u00edt\u00e1s\u00e1hoz kiv\u00e1l\u00f3 alapanyag lehet, D\u00fas lev\u00e9lzete, nagy vegetat\u00edv hozama pedig lehet\u0151s\u00e9g a szarvasmarha \u00e9s juhteny\u00e9szt\u00e9sben a tavaszi legeltet\u00e9sre \u00e9s sil\u00f3kever\u00e9kekbe, s vadgazd\u00e1lkod\u00f3knak, erd\u00e9szeteknek.<\/p>\n<p><strong>\u00a0<\/strong><\/p>\n<p><strong>HUNGARO<\/strong><\/p>\n<p>\u0151szi tritik\u00e1l\u00e9<br \/>\nHazai fajta, a min\u0151s\u00edt\u00e9s \u00e9ve: 2005.<br \/>\nK\u00f6zepes szalmamagass\u00e1g\u00fa. T\u00e9l\u00e1ll\u00f3s\u00e1ga, sz\u00e1razs\u00e1gt\u0171r\u00e9se \u00e9s bokrosod\u00f3 \u00e9s gyomelnyom\u00f3 k\u00e9pess\u00e9ge is kiv\u00e1l\u00f3.<br \/>\nBetegs\u00e9g-ellen\u00e1ll\u00f3 k\u00e9pess\u00e9ge j\u00f3, a fuz\u00e1rium-rezisztenci\u00e1ja a b\u00faz\u00e1\u00e9n\u00e1l jobb. Gabonalisztharmatra rezisztens, lev\u00e9lrozsda fog\u00e9konys\u00e1ga kisebb a standard fajt\u00e1kn\u00e1l.<br \/>\nMin\u0151s\u00e9ge: Ezerszem-t\u00f6mege: 35- 40 g. Takarm\u00e1nyoz\u00e1si \u00e9rt\u00e9ke kiv\u00e1l\u00f3, \u00e9s ke-ny\u00e9r, valamint egy\u00e9b p\u00e9k\u00e1ru is k\u00e9sz\u00edthet\u0151 bel\u0151le. Aminosav \u00f6sszet\u00e9tele kedvez\u0151, a takarm\u00e1nyoz\u00e1s szempontj\u00e1b\u00f3l fontosabb metionin+cisztein \u00e9s lizin tartalma magas. Magas feh\u00e9rje- \u00e9s sik\u00e9rtartalm\u00fa. Kit\u0171n\u0151 rezisztencia tulajdons\u00e1gai \u00e9s gyomelnyom\u00f3 k\u00e9pess\u00e9ge lehet\u0151v\u00e9 teszik \u00f6kotermeszt\u00e9s\u00e9t is.<\/p>\n<p><strong>\u00a0<\/strong><\/p>\n<p><strong>ODISEJ<\/strong><\/p>\n<p>korai \u00e9r\u00e9s\u0171 \u0151szi tritik\u00e1l\u00e9<br \/>\n(szerb honos\u00edt\u00e1s)<br \/>\nMin\u0151s\u00edt\u00e9s \u00e9ve: 2008.<br \/>\nMin\u0151s\u00e9ge: ezerszem-t\u00f6mege (43\u201347 g) \u00e9s hektoliters\u00falya (75\u201380 kg) kiemelked\u0151. Feh\u00e9rjetartalma 13\u201316 % . Sil\u00f3takarm\u00e1ny k\u00e9sz\u00edt\u00e9s\u00e9re is alkalmas. A bioetanol el\u0151\u00e1ll\u00edt\u00e1s optim\u00e1lis anyaga lehet.<br \/>\nBetegs\u00e9g-ellen\u00e1ll\u00f3s\u00e1ga: lev\u00e9lrozsd\u00e1val szemben gyenge, sz\u00e1rrozsd\u00e1val szemben kiv\u00e1l\u00f3.<br \/>\nIntenz\u00edv k\u00f6r\u00fclm\u00e9nyek k\u00f6z\u00f6tt mutatja meg az erej\u00e9t.<br \/>\nJavasolt vet\u00e9si norma: 4,7\u20135,2 milli\u00f3 cs\u00edra\/ha.<\/p>\n<p><strong>\u00a0<\/strong><\/p>\n<p><strong>QUATREVENTS<\/strong><\/p>\n<p>\u00c9r\u00e9sid\u0151: k\u00f6z\u00e9p-korai<br \/>\n(Isterra)<br \/>\nA gyeng\u00e9bb adotts\u00e1g\u00fa term\u0151helyeken is biztons\u00e1gosan termelhet\u0151.<br \/>\nVet\u00e9sid\u0151: okt\u00f3ber eleje \u2013 k\u00f6zepe, vet\u0151magnorma: 4 \u2013 4,5 milli\u00f3 cs\u00edra\/ha<br \/>\nT\u00e9l\u00e1ll\u00f3s\u00e1g: j\u00f3, Sz\u00e1rszil\u00e1rds\u00e1g: j\u00f3, sz\u00e1rmagass\u00e1g: magas<br \/>\nBetegs\u00e9gekkel szembeni ellen\u00e1ll\u00f3s\u00e1g: s\u00e1rga rozsda: enyh\u00e9n \u00e9rz\u00e9keny, barna rozsda: enyh\u00e9n \u00e9rz\u00e9keny, lisztharmat: enyh\u00e9n \u00e9rz\u00e9keny, septoria: enyh\u00e9n \u00e9rz\u00e9keny, fuz\u00e1rium: \u00e9rz\u00e9keny<br \/>\nMin\u0151s\u00e9g: ezermagt\u00f6meg: alacsony \u2013 k\u00f6zepes hektoliters\u00faly: k\u00f6zepes feh\u00e9rjetartalom: k\u00f6zepes<\/p>\n<p><strong>\u00a0<\/strong><\/p>\n<p><strong>SU AGENDUS<\/strong><\/p>\n<p>\u0151szi tritik\u00e1l\u00e9<br \/>\n(Saaten-Union)<br \/>\nKiugr\u00f3an produkt\u00edv, intenz\u00edv fajtat\u00edpus profiknak<br \/>\nJ\u00f3l terhelhet\u0151, eg\u00e9szs\u00e9ges \u00e9s kiv\u00e1l\u00f3 alkalmazkod\u00f3k\u00e9pess\u00e9g\u0171<br \/>\nAz \u00e1tlagos vagy jobb adotts\u00e1g\u00fa ter\u00fcleteken, intenz\u00edv k\u00f6r\u00fclm\u00e9nyek k\u00f6z\u00f6tt gazd\u00e1lkod\u00f3k sz\u00e1m\u00e1ra.<br \/>\n\u00c1ll\u00f3k\u00e9pess\u00e9ge, tov\u00e1bb\u00e1 a k\u00e1ros\u00edt\u00f3 gomb\u00e1kkal szembeni ellen\u00e1ll\u00f3 k\u00e9pess\u00e9ge kiv\u00e1l\u00f3.<br \/>\n\u00c1tlagosan bokrosodik, viszont a kal\u00e1szok m\u00e9rete, a kal\u00e1szsz\u00e1m, valamint a szemek ezermagt\u00f6mege kiugr\u00f3an magas.<\/p>\n<p><strong>\u00a0<\/strong><\/p>\n<p><strong>TALENTRO<\/strong><\/p>\n<p>(n\u00e9met fajta)<br \/>\nk\u00f6z\u00e9p\u00e9r\u00e9s\u0171 \u0151szi tritik\u00e1l\u00e9<br \/>\nMin\u0151s\u00edt\u00e9s \u00e9ve: 2002. EU<br \/>\nKiv\u00e1l\u00f3 t\u00e9l\u00e1ll\u00f3s\u00e1g \u00e9s \u00e1ll\u00f3k\u00e9pess\u00e9g jellemzi. Alkalmazkod\u00f3k\u00e9pess\u00e9ge j\u00f3.<br \/>\nMin\u0151s\u00e9ge: magas Hl-s\u00faly<br \/>\nBetegs\u00e9g-ellen\u00e1ll\u00f3s\u00e1ga: lisztharmatra \u00e9s sz\u00e1rrozsd\u00e1ra kiv\u00e1l\u00f3.<\/p>\n<p><strong>\u00a0<\/strong><\/p>\n<p><strong>TITAN<\/strong><\/p>\n<p>Debreceni Egyetem<\/p>\n<p>(rom\u00e1n honos\u00edt\u00e1s)<br \/>\nHazai min\u0151s\u00edt\u00e9s \u00e9ve: 2006.<br \/>\n\u0151szi tritik\u00e1l\u00e9, korai-k\u00f6zepes kal\u00e1szol\u00e1si id\u0151<br \/>\nBetegs\u00e9g-ellen\u00e1ll\u00f3s\u00e1ga: gabonalisztharmattal szemben rezisztens, lev\u00e9lrozsd\u00e1val szemben \u00e1tlagos, sz\u00e1rrozsd\u00e1val szemben kiv\u00e1l\u00f3.<br \/>\nStressz-t\u0171r\u00e9se kiv\u00e1l\u00f3.<br \/>\nStandard \u00e1tlagot szignifik\u00e1nsan meghalad\u00f3 szemterm\u00e9s\u0171.<br \/>\nSz\u00e1rmagass\u00e1ga k\u00f6zepes, \u00e1ll\u00f3k\u00e9pess\u00e9ge kiv\u00e1l\u00f3. Fagy- \u00e9s t\u00e9l\u00e1ll\u00f3s\u00e1ga, illetve sz\u00e1razs\u00e1g- \u00e9s h\u0151t\u0171r\u00e9se kiv\u00e1l\u00f3<br \/>\nMin\u0151s\u00e9ge: Feh\u00e9rje-tartalma 13-15 %, ezerszemt\u00f6mege 42-44 g, hektoliter-t\u00f6mege 70-72 kg.<\/p>\n<p><strong>\u00a0<\/strong><\/p>\n<p><strong>TULUS<\/strong><\/p>\n<p>k\u00f6z\u00e9p\u00e9r\u00e9s\u0171 \u0151szi tritik\u00e1l\u00e9<br \/>\nn\u00e9met fajta<br \/>\nEU-ban 2008-ban regisztr\u00e1lt\u00e1k, hazai elismer\u00e9se nincs.<br \/>\nJ\u00f3 az \u00e1ltal\u00e1nos alkalmazkod\u00f3k\u00e9pess\u00e9ge, t\u00e9l\u00e1ll\u00f3s\u00e1ga kiv\u00e1l\u00f3, sz\u00e1razs\u00e1gt\u0171r\u00e9se j\u00f3<br \/>\nMin\u0151s\u00e9ge: ezermagt\u00f6mege \u00e1tlagos, feh\u00e9rjetartalma magas<br \/>\nvet\u00e9sid\u0151: okt\u00f3ber eleje &#8211; okt\u00f3ber v\u00e9ge, vet\u00e9snorma: 400-450 cs\u00edra\/m2<br \/>\nA n\u00f6v\u00e9ny magas, az \u00e1ll\u00f3k\u00e9pess\u00e9ge j\u00f3<br \/>\nBetegs\u00e9g ellen\u00e1ll\u00f3s\u00e1g: lisztharmatra j\u00f3, s\u00e1rgarozsd\u00e1ra j\u00f3<\/p>\n<p><a href=\"https:\/\/magvas.hu\/index.php\/oszi-vetomagok\/tritikale\/\" target=\"_blank\">Tritik\u00e1l\u00e9 vet\u0151magk\u00edn\u00e1latunkat ide kattintva tal\u00e1lja!<\/a><\/p>\n","protected":false},"excerpt":{"rendered":"<p>CASCADOR F (rom\u00e1n honos\u00edt\u00e1s) Viszonylag alacsony sz\u00e1r\u00fa, kiv\u00e1l\u00f3 \u00e1ll\u00f3k\u00e9pess\u00e9g\u0171. Lev\u00e9lbetegs\u00e9gek elleni gomba\u00f6l\u0151szeres kezel\u00e9st megh\u00e1l\u00e1lja. Karcagon 2013-ban 5,9 t\/ha \u00e1tlagterm\u00e9st hozott ugyancsak 10 AK\/ha-os ter\u00fcleten. &nbsp; GK REGE k\u00f6z\u00e9p\u00e9r\u00e9s\u0171 \u0151szi tritik\u00e1l\u00e9 (Gabonakutat\u00f3 Kft.) Min\u0151s\u00edt\u00e9s \u00e9ve: 2008. Fagy- \u00e9s t\u00e9l\u00e1ll\u00f3s\u00e1ga kiemelked\u0151. M\u00e9lyen<\/p>\n","protected":false},"author":2,"featured_media":0,"parent":1693,"menu_order":0,"comment_status":"closed","ping_status":"closed","template":"","meta":{"footnotes":""},"class_list":["post-1905","page","type-page","status-publish","hentry"],"post_mailing_queue_ids":[],"_links":{"self":[{"href":"https:\/\/magvas.hu\/index.php\/wp-json\/wp\/v2\/pages\/1905","targetHints":{"allow":["GET"]}}],"collection":[{"href":"https:\/\/magvas.hu\/index.php\/wp-json\/wp\/v2\/pages"}],"about":[{"href":"https:\/\/magvas.hu\/index.php\/wp-json\/wp\/v2\/types\/page"}],"author":[{"embeddable":true,"href":"https:\/\/magvas.hu\/index.php\/wp-json\/wp\/v2\/users\/2"}],"replies":[{"embeddable":true,"href":"https:\/\/magvas.hu\/index.php\/wp-json\/wp\/v2\/comments?post=1905"}],"version-history":[{"count":2,"href":"https:\/\/magvas.hu\/index.php\/wp-json\/wp\/v2\/pages\/1905\/revisions"}],"predecessor-version":[{"id":3932,"href":"https:\/\/magvas.hu\/index.php\/wp-json\/wp\/v2\/pages\/1905\/revisions\/3932"}],"up":[{"embeddable":true,"href":"https:\/\/magvas.hu\/index.php\/wp-json\/wp\/v2\/pages\/1693"}],"wp:attachment":[{"href":"https:\/\/magvas.hu\/index.php\/wp-json\/wp\/v2\/media?parent=1905"}],"curies":[{"name":"wp","href":"https:\/\/api.w.org\/{rel}","templated":true}]}}