{"id":1879,"date":"2016-09-12T19:40:13","date_gmt":"2016-09-12T19:40:13","guid":{"rendered":"http:\/\/www.magvas.hu\/?page_id=1879"},"modified":"2023-08-19T00:08:37","modified_gmt":"2023-08-19T00:08:37","slug":"tonkolybuza","status":"publish","type":"page","link":"https:\/\/magvas.hu\/index.php\/oszi-vetomagok\/tonkolybuza\/","title":{"rendered":"T\u00f6nk\u00f6lyb\u00faza"},"content":{"rendered":"<p>T\u00f6nk\u00f6lyb\u00faza vet\u0151mag fajt\u00e1k \u00e9s \u00e1rak<\/p>\n\n<table id=\"tablepress-56\" class=\"tablepress tablepress-id-56\">\n<thead>\n<tr class=\"row-1\">\n\t<th class=\"column-1\"><strong>Fajta<\/strong><\/th><th class=\"column-2\"><strong>Cs\u00e1v\u00e1z\u00e1s<\/strong><\/th><th class=\"column-3\"><strong>Kiszerel\u00e9s<\/strong><\/th><th class=\"column-4\"><strong>Megjegyz\u00e9s<\/strong><\/th><th class=\"column-5\"><strong>V\u00e1rmegye<\/strong><\/th><th class=\"column-6\"><strong>V\u00e9gfelhaszn\u00e1l\u00f3i nett\u00f3 \u00e1r<\/strong><\/th>\n<\/tr>\n<\/thead>\n<tbody class=\"row-striping row-hover\">\n<tr class=\"row-2\">\n\t<td class=\"column-1\">Franckenkorn bio<\/td><td class=\"column-2\">nem<\/td><td class=\"column-3\">600<\/td><td class=\"column-4\"><\/td><td class=\"column-5\">Hajd\u00fa-Bihar<\/td><td class=\"column-6\">234 Ft<\/td>\n<\/tr>\n<tr class=\"row-3\">\n\t<td class=\"column-1\">GK Feh\u00e9r<\/td><td class=\"column-2\">nem<\/td><td class=\"column-3\">50\/500<\/td><td class=\"column-4\">sz\u00e1ll\u00edt\u00e1si d\u00edj + 10 Ft\/kg+\u00e1fa<\/td><td class=\"column-5\">Csongr\u00e1d-Csan\u00e1d<\/td><td class=\"column-6\">180 Ft<\/td>\n<\/tr>\n<tr class=\"row-4\">\n\t<td class=\"column-1\">GK Feh\u00e9r<\/td><td class=\"column-2\">nem<\/td><td class=\"column-3\">35<\/td><td class=\"column-4\"><\/td><td class=\"column-5\">Pest<\/td><td class=\"column-6\">202 Ft<\/td>\n<\/tr>\n<tr class=\"row-5\">\n\t<td class=\"column-1\">GK Feh\u00e9r<\/td><td class=\"column-2\">nem<\/td><td class=\"column-3\">500\/700<\/td><td class=\"column-4\"><\/td><td class=\"column-5\">Pest<\/td><td class=\"column-6\">194 Ft<\/td>\n<\/tr>\n<tr class=\"row-6\">\n\t<td class=\"column-1\">MV Martongold bio<\/td><td class=\"column-2\">nem<\/td><td class=\"column-3\">600<\/td><td class=\"column-4\"><\/td><td class=\"column-5\">B\u00e9k\u00e9s<\/td><td class=\"column-6\">234 Ft<\/td>\n<\/tr>\n<tr class=\"row-7\">\n\t<td class=\"column-1\">\u00d6ko 10<\/td><td class=\"column-2\">nem<\/td><td class=\"column-3\">35<\/td><td class=\"column-4\"><\/td><td class=\"column-5\">Pest<\/td><td class=\"column-6\">230 Ft<\/td>\n<\/tr>\n<tr class=\"row-8\">\n\t<td class=\"column-1\">\u00d6ko 10<\/td><td class=\"column-2\">nem<\/td><td class=\"column-3\">500\/700<\/td><td class=\"column-4\"><\/td><td class=\"column-5\">Pest<\/td><td class=\"column-6\">222 Ft<\/td>\n<\/tr>\n<\/tbody>\n<\/table>\n<!-- #tablepress-56 from cache -->\n","protected":false},"excerpt":{"rendered":"<p>T\u00f6nk\u00f6lyb\u00faza vet\u0151mag fajt\u00e1k \u00e9s \u00e1rak<\/p>\n","protected":false},"author":2,"featured_media":0,"parent":1595,"menu_order":0,"comment_status":"closed","ping_status":"closed","template":"","meta":{"footnotes":""},"class_list":["post-1879","page","type-page","status-publish","hentry"],"post_mailing_queue_ids":[],"_links":{"self":[{"href":"https:\/\/magvas.hu\/index.php\/wp-json\/wp\/v2\/pages\/1879","targetHints":{"allow":["GET"]}}],"collection":[{"href":"https:\/\/magvas.hu\/index.php\/wp-json\/wp\/v2\/pages"}],"about":[{"href":"https:\/\/magvas.hu\/index.php\/wp-json\/wp\/v2\/types\/page"}],"author":[{"embeddable":true,"href":"https:\/\/magvas.hu\/index.php\/wp-json\/wp\/v2\/users\/2"}],"replies":[{"embeddable":true,"href":"https:\/\/magvas.hu\/index.php\/wp-json\/wp\/v2\/comments?post=1879"}],"version-history":[{"count":3,"href":"https:\/\/magvas.hu\/index.php\/wp-json\/wp\/v2\/pages\/1879\/revisions"}],"predecessor-version":[{"id":3976,"href":"https:\/\/magvas.hu\/index.php\/wp-json\/wp\/v2\/pages\/1879\/revisions\/3976"}],"up":[{"embeddable":true,"href":"https:\/\/magvas.hu\/index.php\/wp-json\/wp\/v2\/pages\/1595"}],"wp:attachment":[{"href":"https:\/\/magvas.hu\/index.php\/wp-json\/wp\/v2\/media?parent=1879"}],"curies":[{"name":"wp","href":"https:\/\/api.w.org\/{rel}","templated":true}]}}