{"id":1749,"date":"2016-08-22T06:33:59","date_gmt":"2016-08-22T06:33:59","guid":{"rendered":"http:\/\/www.magvas.hu\/?page_id=1749"},"modified":"2023-08-19T00:09:22","modified_gmt":"2023-08-19T00:09:22","slug":"oszi-borso","status":"publish","type":"page","link":"https:\/\/magvas.hu\/index.php\/oszi-vetomagok\/oszi-borso\/","title":{"rendered":"\u0150szi bors\u00f3"},"content":{"rendered":"<p>\u0150szi bors\u00f3 vet\u0151mag \u00e1rak \u00e9s fajt\u00e1k<\/p>\n\n<table id=\"tablepress-55\" class=\"tablepress tablepress-id-55\">\n<thead>\n<tr class=\"row-1\">\n\t<th class=\"column-1\"><strong>Fajta<\/strong><\/th><th class=\"column-2\"><strong>Cs\u00e1v\u00e1z\u00e1s<\/strong><\/th><th class=\"column-3\"><strong>Kiszerel\u00e9s<\/strong><\/th><th class=\"column-4\"><strong>Megjegyz\u00e9s<\/strong><\/th><th class=\"column-5\"><strong>V\u00e1rmegye<\/strong><\/th><th class=\"column-6\"><strong>V\u00e9gfelhaszn\u00e1l\u00f3i nett\u00f3 \u00e1r<\/strong><\/th>\n<\/tr>\n<\/thead>\n<tbody class=\"row-striping row-hover\">\n<tr class=\"row-2\">\n\t<td class=\"column-1\">Aviron<\/td><td class=\"column-2\">nem<\/td><td class=\"column-3\">600<\/td><td class=\"column-4\">z\u00f6ldmagv\u00fa, kifejt\u0151<\/td><td class=\"column-5\">Baranya<\/td><td class=\"column-6\">235 Ft<\/td>\n<\/tr>\n<tr class=\"row-3\">\n\t<td class=\"column-1\">Aviron<\/td><td class=\"column-2\">nem<\/td><td class=\"column-3\">600<\/td><td class=\"column-4\">z\u00f6ldmagv\u00fa, kifejt\u0151<\/td><td class=\"column-5\">Somogy<\/td><td class=\"column-6\">235 Ft<\/td>\n<\/tr>\n<tr class=\"row-4\">\n\t<td class=\"column-1\">Balltrap<\/td><td class=\"column-2\">nem<\/td><td class=\"column-3\">600<\/td><td class=\"column-4\">s\u00e1rgamagv\u00fa, kifejt\u0151<\/td><td class=\"column-5\">Zala<\/td><td class=\"column-6\">225 Ft<\/td>\n<\/tr>\n<tr class=\"row-5\">\n\t<td class=\"column-1\">Balltrap<\/td><td class=\"column-2\">nem<\/td><td class=\"column-3\">600<\/td><td class=\"column-4\">s\u00e1rgamagv\u00fa, kifejt\u0151<\/td><td class=\"column-5\">Fej\u00e9r<\/td><td class=\"column-6\">225 Ft<\/td>\n<\/tr>\n<tr class=\"row-6\">\n\t<td class=\"column-1\">Balltrap<\/td><td class=\"column-2\">nem<\/td><td class=\"column-3\">500<\/td><td class=\"column-4\">s\u00e1rgamagv\u00fa, kifejt\u0151<\/td><td class=\"column-5\">Baranya<\/td><td class=\"column-6\">225 Ft<\/td>\n<\/tr>\n<tr class=\"row-7\">\n\t<td class=\"column-1\">Balltrap<\/td><td class=\"column-2\">nem<\/td><td class=\"column-3\">600<\/td><td class=\"column-4\">s\u00e1rgamagv\u00fa, kifejt\u0151<\/td><td class=\"column-5\">J\u00e1sz-Nagykun-Szolnok<\/td><td class=\"column-6\">225 Ft<\/td>\n<\/tr>\n<tr class=\"row-8\">\n\t<td class=\"column-1\">Escrime<\/td><td class=\"column-2\">nem<\/td><td class=\"column-3\">500<\/td><td class=\"column-4\">s\u00e1rgamagv\u00fa, kifejt\u0151<\/td><td class=\"column-5\">B\u00e9k\u00e9s<\/td><td class=\"column-6\">265 Ft<\/td>\n<\/tr>\n<tr class=\"row-9\">\n\t<td class=\"column-1\">Escrime<\/td><td class=\"column-2\">nem<\/td><td class=\"column-3\">500<\/td><td class=\"column-4\">s\u00e1rgamagv\u00fa, kifejt\u0151<\/td><td class=\"column-5\">Gy\u0151r-Moson-Sopron<\/td><td class=\"column-6\">265 Ft<\/td>\n<\/tr>\n<tr class=\"row-10\">\n\t<td class=\"column-1\">Escrime<\/td><td class=\"column-2\">nem<\/td><td class=\"column-3\">500<\/td><td class=\"column-4\">s\u00e1rgamagv\u00fa, kifejt\u0151<\/td><td class=\"column-5\">Baranya<\/td><td class=\"column-6\">265 Ft<\/td>\n<\/tr>\n<tr class=\"row-11\">\n\t<td class=\"column-1\">Escrime<\/td><td class=\"column-2\">nem<\/td><td class=\"column-3\">500<\/td><td class=\"column-4\">s\u00e1rgamagv\u00fa, kifejt\u0151<\/td><td class=\"column-5\">J\u00e1sz-Nagykun-Szolnok<\/td><td class=\"column-6\">265 Ft<\/td>\n<\/tr>\n<tr class=\"row-12\">\n\t<td class=\"column-1\">Feroe<\/td><td class=\"column-2\">igen<\/td><td class=\"column-3\">1000<\/td><td class=\"column-4\">s\u00e1rgamagv\u00fa, kifejt\u0151<\/td><td class=\"column-5\">Gy\u0151r-Moson-Sopron<\/td><td class=\"column-6\">325 Ft<\/td>\n<\/tr>\n<tr class=\"row-13\">\n\t<td class=\"column-1\">Feroe<\/td><td class=\"column-2\">igen<\/td><td class=\"column-3\">1000<\/td><td class=\"column-4\">1. fok, s\u00e1rgamagv\u00fa, kifejt\u0151, Maxim 025 FS<\/td><td class=\"column-5\">Fej\u00e9r<\/td><td class=\"column-6\">450 Ft<\/td>\n<\/tr>\n<tr class=\"row-14\">\n\t<td class=\"column-1\">Jumper<\/td><td class=\"column-2\">nem<\/td><td class=\"column-3\">500<\/td><td class=\"column-4\">s\u00e1rgamagv\u00fa, kifejt\u0151<\/td><td class=\"column-5\">Veszpr\u00e9m<\/td><td class=\"column-6\">265 Ft<\/td>\n<\/tr>\n<tr class=\"row-15\">\n\t<td class=\"column-1\">Jumper<\/td><td class=\"column-2\">nem<\/td><td class=\"column-3\">500<\/td><td class=\"column-4\">s\u00e1rgamagv\u00fa, kifejt\u0151<\/td><td class=\"column-5\">B\u00e9k\u00e9s<\/td><td class=\"column-6\">265 Ft<\/td>\n<\/tr>\n<tr class=\"row-16\">\n\t<td class=\"column-1\">Karolina<\/td><td class=\"column-2\">nem<\/td><td class=\"column-3\">25<\/td><td class=\"column-4\">z\u00f6ldtakarm\u00e1ny<\/td><td class=\"column-5\">B\u00e9k\u00e9s<\/td><td class=\"column-6\">322 Ft<\/td>\n<\/tr>\n<tr class=\"row-17\">\n\t<td class=\"column-1\">Lapony<\/td><td class=\"column-2\">igen<\/td><td class=\"column-3\">1000<\/td><td class=\"column-4\">1. fok, s\u00e1rgamagv\u00fa, kifejt\u0151, Maxim 025 FS<\/td><td class=\"column-5\">Fej\u00e9r<\/td><td class=\"column-6\">450 Ft<\/td>\n<\/tr>\n<tr class=\"row-18\">\n\t<td class=\"column-1\">Nany<\/td><td class=\"column-2\">nem<\/td><td class=\"column-3\">25<\/td><td class=\"column-4\">z\u00f6ldtakarm\u00e1ny<\/td><td class=\"column-5\">B\u00e9k\u00e9s<\/td><td class=\"column-6\">322 Ft<\/td>\n<\/tr>\n<tr class=\"row-19\">\n\t<td class=\"column-1\">Paddle<\/td><td class=\"column-2\">nem<\/td><td class=\"column-3\">600<\/td><td class=\"column-4\">z\u00f6ldmagv\u00fa, kifejt\u0151<\/td><td class=\"column-5\">Fej\u00e9r<\/td><td class=\"column-6\">235 Ft<\/td>\n<\/tr>\n<tr class=\"row-20\">\n\t<td class=\"column-1\">Paddle<\/td><td class=\"column-2\">nem<\/td><td class=\"column-3\">600<\/td><td class=\"column-4\">z\u00f6ldmagv\u00fa, kifejt\u0151<\/td><td class=\"column-5\">Baranya<\/td><td class=\"column-6\">235 Ft<\/td>\n<\/tr>\n<tr class=\"row-21\">\n\t<td class=\"column-1\">Paddle<\/td><td class=\"column-2\">nem<\/td><td class=\"column-3\">600<\/td><td class=\"column-4\">z\u00f6ldmagv\u00fa, kifejt\u0151<\/td><td class=\"column-5\">B\u00e9k\u00e9s<\/td><td class=\"column-6\">235 Ft<\/td>\n<\/tr>\n<tr class=\"row-22\">\n\t<td class=\"column-1\">Paddle<\/td><td class=\"column-2\">nem<\/td><td class=\"column-3\">600<\/td><td class=\"column-4\">z\u00f6ldmagv\u00fa, kifejt\u0151<\/td><td class=\"column-5\">B\u00e9k\u00e9s<\/td><td class=\"column-6\">235 Ft<\/td>\n<\/tr>\n<tr class=\"row-23\">\n\t<td class=\"column-1\">Paddle<\/td><td class=\"column-2\">nem<\/td><td class=\"column-3\">600<\/td><td class=\"column-4\">z\u00f6ldmagv\u00fa, kifejt\u0151<\/td><td class=\"column-5\">B\u00e9k\u00e9s<\/td><td class=\"column-6\">235 Ft<\/td>\n<\/tr>\n<tr class=\"row-24\">\n\t<td class=\"column-1\">Szarvasi Andrea<\/td><td class=\"column-2\">nem<\/td><td class=\"column-3\">25<\/td><td class=\"column-4\">z\u00f6ldtakarm\u00e1ny<\/td><td class=\"column-5\">B\u00e9k\u00e9s<\/td><td class=\"column-6\">322 Ft<\/td>\n<\/tr>\n<tr class=\"row-25\">\n\t<td class=\"column-1\">Uppercut<\/td><td class=\"column-2\">nem<\/td><td class=\"column-3\">500<\/td><td class=\"column-4\">s\u00e1rgamagv\u00fa, kifejt\u0151<\/td><td class=\"column-5\">J\u00e1sz-Nagykun-Szolnok<\/td><td class=\"column-6\">265 Ft<\/td>\n<\/tr>\n<tr class=\"row-26\">\n\t<td class=\"column-1\">Uppercut<\/td><td class=\"column-2\">nem<\/td><td class=\"column-3\">500<\/td><td class=\"column-4\">s\u00e1rgamagv\u00fa, kifejt\u0151<\/td><td class=\"column-5\">Zala<\/td><td class=\"column-6\">265 Ft<\/td>\n<\/tr>\n<tr class=\"row-27\">\n\t<td class=\"column-1\">Uppercut<\/td><td class=\"column-2\">nem<\/td><td class=\"column-3\">500<\/td><td class=\"column-4\">s\u00e1rgamagv\u00fa, kifejt\u0151<\/td><td class=\"column-5\">Baranya<\/td><td class=\"column-6\">265 Ft<\/td>\n<\/tr>\n<tr class=\"row-28\">\n\t<td class=\"column-1\">Uppercut<\/td><td class=\"column-2\">nem<\/td><td class=\"column-3\">500<\/td><td class=\"column-4\">s\u00e1rgamagv\u00fa, kifejt\u0151<\/td><td class=\"column-5\">B\u00e9k\u00e9s<\/td><td class=\"column-6\">265 Ft<\/td>\n<\/tr>\n<\/tbody>\n<\/table>\n<!-- #tablepress-55 from cache -->\n<p><a href=\"https:\/\/magvas.hu\/index.php\/oszi-vetomagok\/\" target=\"_blank\" rel=\"noopener\">\u0150szi vet\u0151magjainkat itt tal\u00e1lja!<\/a><\/p>\n","protected":false},"excerpt":{"rendered":"<p>\u0150szi bors\u00f3 vet\u0151mag \u00e1rak \u00e9s fajt\u00e1k \u0150szi vet\u0151magjainkat itt tal\u00e1lja!<\/p>\n","protected":false},"author":2,"featured_media":0,"parent":1595,"menu_order":0,"comment_status":"closed","ping_status":"closed","template":"","meta":{"footnotes":""},"class_list":["post-1749","page","type-page","status-publish","hentry"],"post_mailing_queue_ids":[],"_links":{"self":[{"href":"https:\/\/magvas.hu\/index.php\/wp-json\/wp\/v2\/pages\/1749","targetHints":{"allow":["GET"]}}],"collection":[{"href":"https:\/\/magvas.hu\/index.php\/wp-json\/wp\/v2\/pages"}],"about":[{"href":"https:\/\/magvas.hu\/index.php\/wp-json\/wp\/v2\/types\/page"}],"author":[{"embeddable":true,"href":"https:\/\/magvas.hu\/index.php\/wp-json\/wp\/v2\/users\/2"}],"replies":[{"embeddable":true,"href":"https:\/\/magvas.hu\/index.php\/wp-json\/wp\/v2\/comments?post=1749"}],"version-history":[{"count":4,"href":"https:\/\/magvas.hu\/index.php\/wp-json\/wp\/v2\/pages\/1749\/revisions"}],"predecessor-version":[{"id":4728,"href":"https:\/\/magvas.hu\/index.php\/wp-json\/wp\/v2\/pages\/1749\/revisions\/4728"}],"up":[{"embeddable":true,"href":"https:\/\/magvas.hu\/index.php\/wp-json\/wp\/v2\/pages\/1595"}],"wp:attachment":[{"href":"https:\/\/magvas.hu\/index.php\/wp-json\/wp\/v2\/media?parent=1749"}],"curies":[{"name":"wp","href":"https:\/\/api.w.org\/{rel}","templated":true}]}}