{"id":1697,"date":"2016-08-22T06:08:30","date_gmt":"2016-08-22T06:08:30","guid":{"rendered":"http:\/\/www.magvas.hu\/?page_id=1697"},"modified":"2023-08-27T00:04:09","modified_gmt":"2023-08-27T00:04:09","slug":"oszi-zab","status":"publish","type":"page","link":"https:\/\/magvas.hu\/index.php\/oszi-vetomagok\/oszi-zab\/","title":{"rendered":"\u0150szi zab"},"content":{"rendered":"<p>\u0150szi zab vet\u0151mag \u00e1rak \u00e9s fajt\u00e1k<\/p>\n\n<table id=\"tablepress-54\" class=\"tablepress tablepress-id-54\">\n<thead>\n<tr class=\"row-1\">\n\t<th class=\"column-1\"><strong>Fajta<\/strong><\/th><th class=\"column-2\"><strong>Cs\u00e1v\u00e1z\u00e1s<\/strong><\/th><th class=\"column-3\"><strong>Kiszerel\u00e9s<\/strong><\/th><th class=\"column-4\"><strong>Megjegyz\u00e9s<\/strong><\/th><th class=\"column-5\"><strong>V\u00e1rmegye<\/strong><\/th><th class=\"column-6\"><strong>V\u00e9gfelhaszn\u00e1l\u00f3i nett\u00f3 \u00e1r<\/strong><\/th>\n<\/tr>\n<\/thead>\n<tbody class=\"row-striping row-hover\">\n<tr class=\"row-2\">\n\t<td class=\"column-1\">GK Arany<\/td><td class=\"column-2\">igen<\/td><td class=\"column-3\">35\/500<\/td><td class=\"column-4\">sz\u00e1ll\u00edt\u00e1si d\u00edj + 10 Ft\/kg+\u00e1fa<\/td><td class=\"column-5\">Csongr\u00e1d-Csan\u00e1d<\/td><td class=\"column-6\">175 Ft<\/td>\n<\/tr>\n<tr class=\"row-3\">\n\t<td class=\"column-1\">GK Arany<\/td><td class=\"column-2\">nem<\/td><td class=\"column-3\">30\/600<\/td><td class=\"column-4\"><\/td><td class=\"column-5\">B\u00e9k\u00e9s<\/td><td class=\"column-6\">170 Ft<\/td>\n<\/tr>\n<tr class=\"row-4\">\n\t<td class=\"column-1\">GK Arany<\/td><td class=\"column-2\">igen<\/td><td class=\"column-3\">30\/600<\/td><td class=\"column-4\"><\/td><td class=\"column-5\">B\u00e9k\u00e9s<\/td><td class=\"column-6\">178 Ft<\/td>\n<\/tr>\n<tr class=\"row-5\">\n\t<td class=\"column-1\">Mv H\u00f3pehely<\/td><td class=\"column-2\">igen<\/td><td class=\"column-3\">400<\/td><td class=\"column-4\"><\/td><td class=\"column-5\">Fej\u00e9r<\/td><td class=\"column-6\">179 Ft<\/td>\n<\/tr>\n<tr class=\"row-6\">\n\t<td class=\"column-1\">Mv H\u00f3pehely<\/td><td class=\"column-2\">igen<\/td><td class=\"column-3\">700<\/td><td class=\"column-4\"><\/td><td class=\"column-5\">Fej\u00e9r<\/td><td class=\"column-6\">175 Ft<\/td>\n<\/tr>\n<tr class=\"row-7\">\n\t<td class=\"column-1\">Mv H\u00f3pehely<\/td><td class=\"column-2\">nem<\/td><td class=\"column-3\">30\/600<\/td><td class=\"column-4\"><\/td><td class=\"column-5\">B\u00e9k\u00e9s<\/td><td class=\"column-6\">170 Ft<\/td>\n<\/tr>\n<tr class=\"row-8\">\n\t<td class=\"column-1\">Mv H\u00f3pehely<\/td><td class=\"column-2\">igen<\/td><td class=\"column-3\">30\/600<\/td><td class=\"column-4\"><\/td><td class=\"column-5\">B\u00e9k\u00e9s<\/td><td class=\"column-6\">178 Ft<\/td>\n<\/tr>\n<\/tbody>\n<\/table>\n<!-- #tablepress-54 from cache -->\n<p>Amennyiben az \u0151szi zab magon fel\u00fcl tov\u00e1bbi \u0151szi vet\u0151magokat keres, akkor <a href=\"https:\/\/magvas.hu\/index.php\/oszi-vetomagok\/\" target=\"_blank\" rel=\"noopener\">itt n\u00e9zzen k\u00f6r\u00fcl<\/a>.<\/p>\n<p>&nbsp;<\/p>\n","protected":false},"excerpt":{"rendered":"<p>\u0150szi zab vet\u0151mag \u00e1rak \u00e9s fajt\u00e1k Amennyiben az \u0151szi zab magon fel\u00fcl tov\u00e1bbi \u0151szi vet\u0151magokat keres, akkor itt n\u00e9zzen k\u00f6r\u00fcl. &nbsp;<\/p>\n","protected":false},"author":2,"featured_media":0,"parent":1595,"menu_order":0,"comment_status":"closed","ping_status":"closed","template":"","meta":{"footnotes":""},"class_list":["post-1697","page","type-page","status-publish","hentry"],"post_mailing_queue_ids":[],"_links":{"self":[{"href":"https:\/\/magvas.hu\/index.php\/wp-json\/wp\/v2\/pages\/1697","targetHints":{"allow":["GET"]}}],"collection":[{"href":"https:\/\/magvas.hu\/index.php\/wp-json\/wp\/v2\/pages"}],"about":[{"href":"https:\/\/magvas.hu\/index.php\/wp-json\/wp\/v2\/types\/page"}],"author":[{"embeddable":true,"href":"https:\/\/magvas.hu\/index.php\/wp-json\/wp\/v2\/users\/2"}],"replies":[{"embeddable":true,"href":"https:\/\/magvas.hu\/index.php\/wp-json\/wp\/v2\/comments?post=1697"}],"version-history":[{"count":6,"href":"https:\/\/magvas.hu\/index.php\/wp-json\/wp\/v2\/pages\/1697\/revisions"}],"predecessor-version":[{"id":4735,"href":"https:\/\/magvas.hu\/index.php\/wp-json\/wp\/v2\/pages\/1697\/revisions\/4735"}],"up":[{"embeddable":true,"href":"https:\/\/magvas.hu\/index.php\/wp-json\/wp\/v2\/pages\/1595"}],"wp:attachment":[{"href":"https:\/\/magvas.hu\/index.php\/wp-json\/wp\/v2\/media?parent=1697"}],"curies":[{"name":"wp","href":"https:\/\/api.w.org\/{rel}","templated":true}]}}