{"id":1693,"date":"2016-08-22T06:08:11","date_gmt":"2016-08-22T06:08:11","guid":{"rendered":"http:\/\/www.magvas.hu\/?page_id=1693"},"modified":"2023-08-19T00:12:11","modified_gmt":"2023-08-19T00:12:11","slug":"tritikale","status":"publish","type":"page","link":"https:\/\/magvas.hu\/index.php\/oszi-vetomagok\/tritikale\/","title":{"rendered":"Tritik\u00e1l\u00e9"},"content":{"rendered":"<p><a href=\"https:\/\/magvas.hu\/index.php\/oszi-vetomagok\/tritikale\/tritikale-fajtaleirasok\/\" rel=\"attachment wp-att-1079\"><img loading=\"lazy\" decoding=\"async\" class=\"alignnone size-full wp-image-1079\" src=\"https:\/\/magvas.hu\/wp-content\/uploads\/2016\/02\/fajtaleirasok.jpg\" alt=\"fajtaleirasok\" width=\"400\" height=\"150\" srcset=\"https:\/\/magvas.hu\/wp-content\/uploads\/2016\/02\/fajtaleirasok.jpg 400w, https:\/\/magvas.hu\/wp-content\/uploads\/2016\/02\/fajtaleirasok-300x113.jpg 300w\" sizes=\"auto, (max-width: 400px) 100vw, 400px\" \/><\/a><\/p>\n<p>Tritik\u00e1l\u00e9 vet\u0151mag fajt\u00e1k \u00e9s \u00e1rak<\/p>\n\n<table id=\"tablepress-53\" class=\"tablepress tablepress-id-53\">\n<thead>\n<tr class=\"row-1\">\n\t<th class=\"column-1\"><strong>Fajta<\/strong><\/th><th class=\"column-2\"><strong>Cs\u00e1v\u00e1z\u00e1s<\/strong><\/th><th class=\"column-3\"><strong>Kiszerel\u00e9s<\/strong><\/th><th class=\"column-4\"><strong>\u00c9r\u00e9scsoport<\/strong><\/th><th class=\"column-5\"><strong>Megjegyz\u00e9s<\/strong><\/th><th class=\"column-6\"><strong>V\u00e1rmegye<\/strong><\/th><th class=\"column-7\"><strong>V\u00e9gfelhaszn\u00e1l\u00f3i nett\u00f3 \u00e1r<\/strong><\/th>\n<\/tr>\n<\/thead>\n<tbody class=\"row-striping row-hover\">\n<tr class=\"row-2\">\n\t<td class=\"column-1\">BG Triamo j\u00e1r\u00f3<\/td><td class=\"column-2\">igen<\/td><td class=\"column-3\">1000<\/td><td class=\"column-4\">korai<\/td><td class=\"column-5\">Orius 6 FS, j\u00e1r\u00f3<\/td><td class=\"column-6\">Kom\u00e1rom-Esztergom<\/td><td class=\"column-7\">- Ft<\/td>\n<\/tr>\n<tr class=\"row-3\">\n\t<td class=\"column-1\">BG Triamo j\u00e1r\u00f3<\/td><td class=\"column-2\">igen<\/td><td class=\"column-3\">1000<\/td><td class=\"column-4\">korai<\/td><td class=\"column-5\">Orius 6 FS, j\u00e1r\u00f3<\/td><td class=\"column-6\">Kom\u00e1rom-Esztergom<\/td><td class=\"column-7\">- Ft<\/td>\n<\/tr>\n<tr class=\"row-4\">\n\t<td class=\"column-1\">Dimenzio<\/td><td class=\"column-2\">nem<\/td><td class=\"column-3\">50\/1000<\/td><td class=\"column-4\">korai<\/td><td class=\"column-5\"><\/td><td class=\"column-6\">B\u00e9k\u00e9s<\/td><td class=\"column-7\">164 Ft<\/td>\n<\/tr>\n<tr class=\"row-5\">\n\t<td class=\"column-1\">Dimenzio<\/td><td class=\"column-2\">igen<\/td><td class=\"column-3\">50\/1000<\/td><td class=\"column-4\">korai<\/td><td class=\"column-5\"><\/td><td class=\"column-6\">B\u00e9k\u00e9s<\/td><td class=\"column-7\">172 Ft<\/td>\n<\/tr>\n<tr class=\"row-6\">\n\t<td class=\"column-1\">Fredro<\/td><td class=\"column-2\">igen<\/td><td class=\"column-3\">1000<\/td><td class=\"column-4\">korai<\/td><td class=\"column-5\"><\/td><td class=\"column-6\">Fej\u00e9r<\/td><td class=\"column-7\">166 Ft<\/td>\n<\/tr>\n<tr class=\"row-7\">\n\t<td class=\"column-1\">Fredro<\/td><td class=\"column-2\">igen<\/td><td class=\"column-3\">500<\/td><td class=\"column-4\">korai<\/td><td class=\"column-5\"><\/td><td class=\"column-6\">Fej\u00e9r<\/td><td class=\"column-7\">169 Ft<\/td>\n<\/tr>\n<tr class=\"row-8\">\n\t<td class=\"column-1\">Fredro<\/td><td class=\"column-2\">igen<\/td><td class=\"column-3\">700<\/td><td class=\"column-4\">k\u00f6z\u00e9pkorai<\/td><td class=\"column-5\"><\/td><td class=\"column-6\">Pest<\/td><td class=\"column-7\">173 Ft<\/td>\n<\/tr>\n<tr class=\"row-9\">\n\t<td class=\"column-1\">Fredro<\/td><td class=\"column-2\">igen<\/td><td class=\"column-3\">25<\/td><td class=\"column-4\">k\u00f6z\u00e9pkorai<\/td><td class=\"column-5\"><\/td><td class=\"column-6\">Pest<\/td><td class=\"column-7\">180 Ft<\/td>\n<\/tr>\n<tr class=\"row-10\">\n\t<td class=\"column-1\">GK Maros<\/td><td class=\"column-2\">igen<\/td><td class=\"column-3\">50\/500<\/td><td class=\"column-4\">k\u00f6z\u00e9p<\/td><td class=\"column-5\">sz\u00e1ll\u00edt\u00e1si d\u00edj + 10 Ft\/kg+\u00e1fa<\/td><td class=\"column-6\">Csongr\u00e1d-Csan\u00e1d<\/td><td class=\"column-7\">163 Ft<\/td>\n<\/tr>\n<tr class=\"row-11\">\n\t<td class=\"column-1\">Gk Maros<\/td><td class=\"column-2\">igen<\/td><td class=\"column-3\">50\/500\/1000<\/td><td class=\"column-4\">k\u00f6z\u00e9p<\/td><td class=\"column-5\"><\/td><td class=\"column-6\">B\u00e1cs-Kiskun<\/td><td class=\"column-7\">170 Ft<\/td>\n<\/tr>\n<tr class=\"row-12\">\n\t<td class=\"column-1\">Gk Maros<\/td><td class=\"column-2\">nem<\/td><td class=\"column-3\">50\/1000<\/td><td class=\"column-4\">k\u00f6z\u00e9p<\/td><td class=\"column-5\"><\/td><td class=\"column-6\">B\u00e9k\u00e9s<\/td><td class=\"column-7\">164 Ft<\/td>\n<\/tr>\n<tr class=\"row-13\">\n\t<td class=\"column-1\">Gk Maros<\/td><td class=\"column-2\">igen<\/td><td class=\"column-3\">50\/1000<\/td><td class=\"column-4\">k\u00f6z\u00e9p<\/td><td class=\"column-5\"><\/td><td class=\"column-6\">B\u00e9k\u00e9s<\/td><td class=\"column-7\">209 Ft<\/td>\n<\/tr>\n<tr class=\"row-14\">\n\t<td class=\"column-1\">Gk Szemes<\/td><td class=\"column-2\">igen<\/td><td class=\"column-3\">50\/500<\/td><td class=\"column-4\">korai<\/td><td class=\"column-5\">sz\u00e1ll\u00edt\u00e1si d\u00edj + 10 Ft\/kg+\u00e1fa<\/td><td class=\"column-6\">Csongr\u00e1d-Csan\u00e1d<\/td><td class=\"column-7\">163 Ft<\/td>\n<\/tr>\n<tr class=\"row-15\">\n\t<td class=\"column-1\">Gk Szemes<\/td><td class=\"column-2\">nem<\/td><td class=\"column-3\">1000<\/td><td class=\"column-4\">korai<\/td><td class=\"column-5\"><\/td><td class=\"column-6\">Pest<\/td><td class=\"column-7\">161 Ft<\/td>\n<\/tr>\n<tr class=\"row-16\">\n\t<td class=\"column-1\">Gk Szemes<\/td><td class=\"column-2\">nem<\/td><td class=\"column-3\">50\/1000<\/td><td class=\"column-4\">korai<\/td><td class=\"column-5\"><\/td><td class=\"column-6\">B\u00e9k\u00e9s<\/td><td class=\"column-7\">164 Ft<\/td>\n<\/tr>\n<tr class=\"row-17\">\n\t<td class=\"column-1\">Gk Szemes<\/td><td class=\"column-2\">igen<\/td><td class=\"column-3\">1000<\/td><td class=\"column-4\">korai<\/td><td class=\"column-5\"><\/td><td class=\"column-6\">Pest<\/td><td class=\"column-7\">167 Ft<\/td>\n<\/tr>\n<tr class=\"row-18\">\n\t<td class=\"column-1\">Gk Szemes<\/td><td class=\"column-2\">nem<\/td><td class=\"column-3\">50<\/td><td class=\"column-4\">korai<\/td><td class=\"column-5\"><\/td><td class=\"column-6\">Pest<\/td><td class=\"column-7\">167 Ft<\/td>\n<\/tr>\n<tr class=\"row-19\">\n\t<td class=\"column-1\">Gk Szemes<\/td><td class=\"column-2\">igen<\/td><td class=\"column-3\">50\/1000<\/td><td class=\"column-4\">korai<\/td><td class=\"column-5\"><\/td><td class=\"column-6\">B\u00e9k\u00e9s<\/td><td class=\"column-7\">172 Ft<\/td>\n<\/tr>\n<tr class=\"row-20\">\n\t<td class=\"column-1\">Gk Szemes<\/td><td class=\"column-2\">igen<\/td><td class=\"column-3\">50<\/td><td class=\"column-4\">korai<\/td><td class=\"column-5\"><\/td><td class=\"column-6\">Pest<\/td><td class=\"column-7\">172 Ft<\/td>\n<\/tr>\n<tr class=\"row-21\">\n\t<td class=\"column-1\">Gk Szemes<\/td><td class=\"column-2\">igen<\/td><td class=\"column-3\">700<\/td><td class=\"column-4\">korai<\/td><td class=\"column-5\"><\/td><td class=\"column-6\">Pest<\/td><td class=\"column-7\">173 Ft<\/td>\n<\/tr>\n<tr class=\"row-22\">\n\t<td class=\"column-1\">Gk Szemes<\/td><td class=\"column-2\">igen<\/td><td class=\"column-3\">25<\/td><td class=\"column-4\">korai<\/td><td class=\"column-5\"><\/td><td class=\"column-6\">Pest<\/td><td class=\"column-7\">180 Ft<\/td>\n<\/tr>\n<tr class=\"row-23\">\n\t<td class=\"column-1\">Gk Temes<\/td><td class=\"column-2\">igen<\/td><td class=\"column-3\">50\/500<\/td><td class=\"column-4\">k\u00f6z\u00e9p<\/td><td class=\"column-5\">sz\u00e1ll\u00edt\u00e1si d\u00edj + 10 Ft\/kg+\u00e1fa<\/td><td class=\"column-6\">Csongr\u00e1d-Csan\u00e1d<\/td><td class=\"column-7\">163 Ft<\/td>\n<\/tr>\n<tr class=\"row-24\">\n\t<td class=\"column-1\">Gk Temes<\/td><td class=\"column-2\">igen<\/td><td class=\"column-3\">50\/500\/1000<\/td><td class=\"column-4\">k\u00f6z\u00e9p<\/td><td class=\"column-5\"><\/td><td class=\"column-6\">B\u00e1cs-Kiskun<\/td><td class=\"column-7\">170 Ft<\/td>\n<\/tr>\n<tr class=\"row-25\">\n\t<td class=\"column-1\">Gk Trivita<\/td><td class=\"column-2\">igen<\/td><td class=\"column-3\">50\/500<\/td><td class=\"column-4\">k\u00f6z\u00e9p<\/td><td class=\"column-5\">sz\u00e1ll\u00edt\u00e1si d\u00edj + 10 Ft\/kg+\u00e1fa<\/td><td class=\"column-6\">Csongr\u00e1d-Csan\u00e1d<\/td><td class=\"column-7\">166 Ft<\/td>\n<\/tr>\n<tr class=\"row-26\">\n\t<td class=\"column-1\">Hungaro<\/td><td class=\"column-2\">nem<\/td><td class=\"column-3\">50\/1000<\/td><td class=\"column-4\">k\u00f6z\u00e9p<\/td><td class=\"column-5\"><\/td><td class=\"column-6\">B\u00e9k\u00e9s<\/td><td class=\"column-7\">164 Ft<\/td>\n<\/tr>\n<tr class=\"row-27\">\n\t<td class=\"column-1\">Hungaro<\/td><td class=\"column-2\">igen<\/td><td class=\"column-3\">50\/1000<\/td><td class=\"column-4\">k\u00f6z\u00e9p<\/td><td class=\"column-5\"><\/td><td class=\"column-6\">B\u00e9k\u00e9s<\/td><td class=\"column-7\">172 Ft<\/td>\n<\/tr>\n<tr class=\"row-28\">\n\t<td class=\"column-1\">Kaulos<\/td><td class=\"column-2\">igen<\/td><td class=\"column-3\">1000<\/td><td class=\"column-4\">k\u00f6z\u00e9p<\/td><td class=\"column-5\">gomba\u00f6l\u0151szer + 6 mikroelemmel (Fe, Mn, Cu, Zn, B, Mo) cs\u00e1v\u00e1zva, fuvar 15.000 Ft\/t+\u00e1fa<\/td><td class=\"column-6\">Vas<\/td><td class=\"column-7\">175 Ft<\/td>\n<\/tr>\n<tr class=\"row-29\">\n\t<td class=\"column-1\">Kaulos<\/td><td class=\"column-2\">igen<\/td><td class=\"column-3\">40<\/td><td class=\"column-4\">k\u00f6z\u00e9p<\/td><td class=\"column-5\">gomba\u00f6l\u0151szer + 6 mikroelemmel (Fe, Mn, Cu, Zn, B, Mo) cs\u00e1v\u00e1zva, fuvar 15.000 Ft\/t+\u00e1fa<\/td><td class=\"column-6\">Vas<\/td><td class=\"column-7\">183 Ft<\/td>\n<\/tr>\n<tr class=\"row-30\">\n\t<td class=\"column-1\">MV Talentum<\/td><td class=\"column-2\">nem<\/td><td class=\"column-3\">1000<\/td><td class=\"column-4\">korai<\/td><td class=\"column-5\"><\/td><td class=\"column-6\">Pest<\/td><td class=\"column-7\">161 Ft<\/td>\n<\/tr>\n<tr class=\"row-31\">\n\t<td class=\"column-1\">Mv Talentum<\/td><td class=\"column-2\">igen<\/td><td class=\"column-3\">1000<\/td><td class=\"column-4\">korai<\/td><td class=\"column-5\"><\/td><td class=\"column-6\">Baranya<\/td><td class=\"column-7\">166 Ft<\/td>\n<\/tr>\n<tr class=\"row-32\">\n\t<td class=\"column-1\">MV Talentum<\/td><td class=\"column-2\">igen<\/td><td class=\"column-3\">1000<\/td><td class=\"column-4\">korai<\/td><td class=\"column-5\"><\/td><td class=\"column-6\">Pest<\/td><td class=\"column-7\">167 Ft<\/td>\n<\/tr>\n<tr class=\"row-33\">\n\t<td class=\"column-1\">MV Talentum<\/td><td class=\"column-2\">nem<\/td><td class=\"column-3\">50<\/td><td class=\"column-4\">korai<\/td><td class=\"column-5\"><\/td><td class=\"column-6\">Pest<\/td><td class=\"column-7\">167 Ft<\/td>\n<\/tr>\n<tr class=\"row-34\">\n\t<td class=\"column-1\">Mv Talentum<\/td><td class=\"column-2\">igen<\/td><td class=\"column-3\">500<\/td><td class=\"column-4\">korai<\/td><td class=\"column-5\"><\/td><td class=\"column-6\">Baranya<\/td><td class=\"column-7\">169 Ft<\/td>\n<\/tr>\n<tr class=\"row-35\">\n\t<td class=\"column-1\">MV Talentum<\/td><td class=\"column-2\">igen<\/td><td class=\"column-3\">50<\/td><td class=\"column-4\">korai<\/td><td class=\"column-5\"><\/td><td class=\"column-6\">Pest<\/td><td class=\"column-7\">172 Ft<\/td>\n<\/tr>\n<tr class=\"row-36\">\n\t<td class=\"column-1\">Ramdam<\/td><td class=\"column-2\">igen<\/td><td class=\"column-3\">700<\/td><td class=\"column-4\">k\u00f6z\u00e9pkorai<\/td><td class=\"column-5\"><\/td><td class=\"column-6\">Pest<\/td><td class=\"column-7\">173 Ft<\/td>\n<\/tr>\n<tr class=\"row-37\">\n\t<td class=\"column-1\">Ramdam<\/td><td class=\"column-2\">igen<\/td><td class=\"column-3\">25<\/td><td class=\"column-4\">k\u00f6z\u00e9pkorai<\/td><td class=\"column-5\"><\/td><td class=\"column-6\">Pest<\/td><td class=\"column-7\">180 Ft<\/td>\n<\/tr>\n<tr class=\"row-38\">\n\t<td class=\"column-1\">Riparo<\/td><td class=\"column-2\">igen<\/td><td class=\"column-3\">1000<\/td><td class=\"column-4\"><\/td><td class=\"column-5\"><\/td><td class=\"column-6\">Gy\u0151r-Moson-Sopron<\/td><td class=\"column-7\">165 Ft<\/td>\n<\/tr>\n<tr class=\"row-39\">\n\t<td class=\"column-1\">Ruche<\/td><td class=\"column-2\">igen<\/td><td class=\"column-3\">1000<\/td><td class=\"column-4\"><\/td><td class=\"column-5\">Chambel 6 FS  \/ Orius 6 FS<\/td><td class=\"column-6\">J\u00e1sz-Nagykun-Szolnok<\/td><td class=\"column-7\">175 Ft<\/td>\n<\/tr>\n<tr class=\"row-40\">\n\t<td class=\"column-1\">Ruche<\/td><td class=\"column-2\">igen<\/td><td class=\"column-3\">1000<\/td><td class=\"column-4\"><\/td><td class=\"column-5\">Chambel 6 FS  \/ Orius 6 FS<\/td><td class=\"column-6\">Baranya<\/td><td class=\"column-7\">175 Ft<\/td>\n<\/tr>\n<tr class=\"row-41\">\n\t<td class=\"column-1\">Ruche<\/td><td class=\"column-2\">igen<\/td><td class=\"column-3\">1000<\/td><td class=\"column-4\"><\/td><td class=\"column-5\">Chambel 6 FS  \/ Orius 6 FS<\/td><td class=\"column-6\">Szabolcs-Szatm\u00e1r-Bereg<\/td><td class=\"column-7\">175 Ft<\/td>\n<\/tr>\n<tr class=\"row-42\">\n\t<td class=\"column-1\">Ruche<\/td><td class=\"column-2\">igen<\/td><td class=\"column-3\">1000<\/td><td class=\"column-4\"><\/td><td class=\"column-5\">Chambel 6 FS  \/ Orius 6 FS<\/td><td class=\"column-6\">Kom\u00e1rom-Esztergom<\/td><td class=\"column-7\">175 Ft<\/td>\n<\/tr>\n<tr class=\"row-43\">\n\t<td class=\"column-1\">SU Askadus<\/td><td class=\"column-2\">igen<\/td><td class=\"column-3\">1000<\/td><td class=\"column-4\">k\u00f6z\u00e9p<\/td><td class=\"column-5\">Orius 6 FS<\/td><td class=\"column-6\">Hajd\u00fa-Bihar<\/td><td class=\"column-7\">175 Ft<\/td>\n<\/tr>\n<tr class=\"row-44\">\n\t<td class=\"column-1\">SU Askadus<\/td><td class=\"column-2\">igen<\/td><td class=\"column-3\">1000<\/td><td class=\"column-4\">k\u00f6z\u00e9p<\/td><td class=\"column-5\">Orius 6 FS<\/td><td class=\"column-6\">Kom\u00e1rom-Esztergom<\/td><td class=\"column-7\">175 Ft<\/td>\n<\/tr>\n<tr class=\"row-45\">\n\t<td class=\"column-1\">SU Atletus<\/td><td class=\"column-2\">igen<\/td><td class=\"column-3\">750<\/td><td class=\"column-4\">k\u00f6z\u00e9pkorai<\/td><td class=\"column-5\">1. fok, Vibrance Duo + MV Supary<\/td><td class=\"column-6\">Fej\u00e9r<\/td><td class=\"column-7\">550 Ft<\/td>\n<\/tr>\n<tr class=\"row-46\">\n\t<td class=\"column-1\">SU Atletus<\/td><td class=\"column-2\">igen<\/td><td class=\"column-3\">1000<\/td><td class=\"column-4\">k\u00f6z\u00e9pkorai<\/td><td class=\"column-5\">Orius 6 FS<\/td><td class=\"column-6\">Kom\u00e1rom-Esztergom<\/td><td class=\"column-7\">175 Ft<\/td>\n<\/tr>\n<tr class=\"row-47\">\n\t<td class=\"column-1\">Szabolcs<\/td><td class=\"column-2\">nem<\/td><td class=\"column-3\">1000<\/td><td class=\"column-4\">korai<\/td><td class=\"column-5\">I. fok<\/td><td class=\"column-6\">Szabolcs-Szatm\u00e1r-Bereg<\/td><td class=\"column-7\">244 Ft<\/td>\n<\/tr>\n<tr class=\"row-48\">\n\t<td class=\"column-1\">Szabolcs<\/td><td class=\"column-2\">nem<\/td><td class=\"column-3\">1000<\/td><td class=\"column-4\">korai<\/td><td class=\"column-5\"><\/td><td class=\"column-6\">Szabolcs-Szatm\u00e1r-Bereg<\/td><td class=\"column-7\">178 Ft<\/td>\n<\/tr>\n<tr class=\"row-49\">\n\t<td class=\"column-1\">Tit\u00e1n<\/td><td class=\"column-2\">igen<\/td><td class=\"column-3\">500<\/td><td class=\"column-4\">k\u00f6z\u00e9pkorai<\/td><td class=\"column-5\">sz\u00e1ll\u00edt\u00e1si d\u00edj + 10 Ft\/kg+\u00e1fa<\/td><td class=\"column-6\">J\u00e1sz-Nagykun-Szolnok<\/td><td class=\"column-7\">163 Ft<\/td>\n<\/tr>\n<tr class=\"row-50\">\n\t<td class=\"column-1\">Tit\u00e1n<\/td><td class=\"column-2\">igen<\/td><td class=\"column-3\">1000<\/td><td class=\"column-4\">k\u00f6z\u00e9pkorai<\/td><td class=\"column-5\"><\/td><td class=\"column-6\">J\u00e1sz-Nagykun-Szolnok<\/td><td class=\"column-7\">167 Ft<\/td>\n<\/tr>\n<tr class=\"row-51\">\n\t<td class=\"column-1\">Trapero<\/td><td class=\"column-2\">igen<\/td><td class=\"column-3\">500<\/td><td class=\"column-4\">k\u00f6z\u00e9p<\/td><td class=\"column-5\"><\/td><td class=\"column-6\">Pest<\/td><td class=\"column-7\">171 Ft<\/td>\n<\/tr>\n<tr class=\"row-52\">\n\t<td class=\"column-1\">Trapero<\/td><td class=\"column-2\">igen<\/td><td class=\"column-3\">500<\/td><td class=\"column-4\">k\u00f6z\u00e9p<\/td><td class=\"column-5\"><\/td><td class=\"column-6\">Heves<\/td><td class=\"column-7\">171 Ft<\/td>\n<\/tr>\n<tr class=\"row-53\">\n\t<td class=\"column-1\">Trapero<\/td><td class=\"column-2\">igen<\/td><td class=\"column-3\">500<\/td><td class=\"column-4\">k\u00f6z\u00e9p<\/td><td class=\"column-5\"><\/td><td class=\"column-6\">Pest<\/td><td class=\"column-7\">171 Ft<\/td>\n<\/tr>\n<tr class=\"row-54\">\n\t<td class=\"column-1\">Trisem<\/td><td class=\"column-2\">igen<\/td><td class=\"column-3\">1000<\/td><td class=\"column-4\">korai<\/td><td class=\"column-5\">Chambel 6FS<\/td><td class=\"column-6\">Veszpr\u00e9m<\/td><td class=\"column-7\">171 Ft<\/td>\n<\/tr>\n<tr class=\"row-55\">\n\t<td class=\"column-1\">Trisem<\/td><td class=\"column-2\">igen<\/td><td class=\"column-3\">1000<\/td><td class=\"column-4\">korai<\/td><td class=\"column-5\">Chambel 6FS<\/td><td class=\"column-6\">Baranya<\/td><td class=\"column-7\">171 Ft<\/td>\n<\/tr>\n<tr class=\"row-56\">\n\t<td class=\"column-1\">Trismart<\/td><td class=\"column-2\">igen<\/td><td class=\"column-3\">25\/500<\/td><td class=\"column-4\">k\u00f6z\u00e9pk\u00e9sei<\/td><td class=\"column-5\"><\/td><td class=\"column-6\">Baranya<\/td><td class=\"column-7\">176 Ft<\/td>\n<\/tr>\n<\/tbody>\n<\/table>\n\n","protected":false},"excerpt":{"rendered":"<p>Tritik\u00e1l\u00e9 vet\u0151mag fajt\u00e1k \u00e9s \u00e1rak<\/p>\n","protected":false},"author":2,"featured_media":0,"parent":1595,"menu_order":0,"comment_status":"closed","ping_status":"closed","template":"","meta":{"footnotes":""},"class_list":["post-1693","page","type-page","status-publish","hentry"],"post_mailing_queue_ids":[],"_links":{"self":[{"href":"https:\/\/magvas.hu\/index.php\/wp-json\/wp\/v2\/pages\/1693","targetHints":{"allow":["GET"]}}],"collection":[{"href":"https:\/\/magvas.hu\/index.php\/wp-json\/wp\/v2\/pages"}],"about":[{"href":"https:\/\/magvas.hu\/index.php\/wp-json\/wp\/v2\/types\/page"}],"author":[{"embeddable":true,"href":"https:\/\/magvas.hu\/index.php\/wp-json\/wp\/v2\/users\/2"}],"replies":[{"embeddable":true,"href":"https:\/\/magvas.hu\/index.php\/wp-json\/wp\/v2\/comments?post=1693"}],"version-history":[{"count":3,"href":"https:\/\/magvas.hu\/index.php\/wp-json\/wp\/v2\/pages\/1693\/revisions"}],"predecessor-version":[{"id":3977,"href":"https:\/\/magvas.hu\/index.php\/wp-json\/wp\/v2\/pages\/1693\/revisions\/3977"}],"up":[{"embeddable":true,"href":"https:\/\/magvas.hu\/index.php\/wp-json\/wp\/v2\/pages\/1595"}],"wp:attachment":[{"href":"https:\/\/magvas.hu\/index.php\/wp-json\/wp\/v2\/media?parent=1693"}],"curies":[{"name":"wp","href":"https:\/\/api.w.org\/{rel}","templated":true}]}}