{"id":1689,"date":"2016-08-22T06:07:50","date_gmt":"2016-08-22T06:07:50","guid":{"rendered":"http:\/\/www.magvas.hu\/?page_id=1689"},"modified":"2023-08-19T00:08:01","modified_gmt":"2023-08-19T00:08:01","slug":"rozs","status":"publish","type":"page","link":"https:\/\/magvas.hu\/index.php\/oszi-vetomagok\/rozs\/","title":{"rendered":"Rozs"},"content":{"rendered":"<p><a href=\"https:\/\/magvas.hu\/index.php\/oszi-vetomagok\/rozs\/rozs-fajtaleirasok\/\" rel=\"attachment wp-att-1079\"><img loading=\"lazy\" decoding=\"async\" class=\"alignnone size-full wp-image-1079\" src=\"https:\/\/magvas.hu\/wp-content\/uploads\/2016\/02\/fajtaleirasok.jpg\" alt=\"fajtaleirasok\" width=\"400\" height=\"150\" srcset=\"https:\/\/magvas.hu\/wp-content\/uploads\/2016\/02\/fajtaleirasok.jpg 400w, https:\/\/magvas.hu\/wp-content\/uploads\/2016\/02\/fajtaleirasok-300x113.jpg 300w\" sizes=\"auto, (max-width: 400px) 100vw, 400px\" \/><\/a><\/p>\n<p>Rozs vet\u0151magok fajt\u00e1i \u00e9s \u00e1rai<\/p>\n\n<table id=\"tablepress-52\" class=\"tablepress tablepress-id-52\">\n<thead>\n<tr class=\"row-1\">\n\t<th class=\"column-1\"><strong>Fajta<\/strong><\/th><th class=\"column-2\"><strong>Cs\u00e1v\u00e1z\u00e1s<\/strong><\/th><th class=\"column-3\"><strong>Kiszerel\u00e9s<\/strong><\/th><th class=\"column-4\"><strong>Megjegyz\u00e9s<\/strong><\/th><th class=\"column-5\"><strong>V\u00e1rmegye<\/strong><\/th><th class=\"column-6\"><strong>V\u00e9gfelhaszn\u00e1l\u00f3i nett\u00f3 \u00e1r<\/strong><\/th>\n<\/tr>\n<\/thead>\n<tbody class=\"row-striping row-hover\">\n<tr class=\"row-2\">\n\t<td class=\"column-1\">Bonfire<\/td><td class=\"column-2\">nem<\/td><td class=\"column-3\">1000<\/td><td class=\"column-4\">1. fok, 100 kg\/ha<\/td><td class=\"column-5\">Gy\u0151r-Moson-Sopron<\/td><td class=\"column-6\">322 Ft<\/td>\n<\/tr>\n<tr class=\"row-3\">\n\t<td class=\"column-1\">Dankowski Diament<\/td><td class=\"column-2\">igen<\/td><td class=\"column-3\">700<\/td><td class=\"column-4\">1. fok<\/td><td class=\"column-5\">Pest<\/td><td class=\"column-6\">220 Ft<\/td>\n<\/tr>\n<tr class=\"row-4\">\n\t<td class=\"column-1\">Dankowski Diament<\/td><td class=\"column-2\">igen<\/td><td class=\"column-3\">500<\/td><td class=\"column-4\">1. fok<\/td><td class=\"column-5\">Fej\u00e9r<\/td><td class=\"column-6\">193 Ft<\/td>\n<\/tr>\n<tr class=\"row-5\">\n\t<td class=\"column-1\">Dankowski Diament<\/td><td class=\"column-2\">igen<\/td><td class=\"column-3\">1000<\/td><td class=\"column-4\">1. fok<\/td><td class=\"column-5\">Fej\u00e9r<\/td><td class=\"column-6\">190 Ft<\/td>\n<\/tr>\n<tr class=\"row-6\">\n\t<td class=\"column-1\">Dankowski Diament<\/td><td class=\"column-2\">igen<\/td><td class=\"column-3\">1000<\/td><td class=\"column-4\">1. fok<\/td><td class=\"column-5\">Baranya<\/td><td class=\"column-6\">185 Ft<\/td>\n<\/tr>\n<tr class=\"row-7\">\n\t<td class=\"column-1\">Kisv\u00e1rdai legel\u0151<\/td><td class=\"column-2\">nem<\/td><td class=\"column-3\">1000<\/td><td class=\"column-4\">1. fok<\/td><td class=\"column-5\">Szabolcs-Szatm\u00e1r-Bereg<\/td><td class=\"column-6\">200 Ft<\/td>\n<\/tr>\n<tr class=\"row-8\">\n\t<td class=\"column-1\">KWS Emphor<\/td><td class=\"column-2\">igen<\/td><td class=\"column-3\">1 M mag<\/td><td class=\"column-4\">hibrid, 0,5 ha Rubin Plus<\/td><td class=\"column-5\">B\u00e9k\u00e9s<\/td><td class=\"column-6\">30600 Ft<\/td>\n<\/tr>\n<tr class=\"row-9\">\n\t<td class=\"column-1\">KWS Serafino<\/td><td class=\"column-2\">igen<\/td><td class=\"column-3\">1 M mag<\/td><td class=\"column-4\">hibrid, 0,5 ha Rubin Plus<\/td><td class=\"column-5\">B\u00e9k\u00e9s<\/td><td class=\"column-6\">29600 Ft<\/td>\n<\/tr>\n<tr class=\"row-10\">\n\t<td class=\"column-1\">KWS Serafino<\/td><td class=\"column-2\">igen<\/td><td class=\"column-3\">25 M mag<\/td><td class=\"column-4\">hibrid, 12,5 ha Rubin Plus<\/td><td class=\"column-5\">B\u00e9k\u00e9s<\/td><td class=\"column-6\">740000 Ft<\/td>\n<\/tr>\n<tr class=\"row-11\">\n\t<td class=\"column-1\">KWS Tayo<\/td><td class=\"column-2\">igen<\/td><td class=\"column-3\">1 M mag<\/td><td class=\"column-4\">hibrid, 0,5 ha Rubin Plus<\/td><td class=\"column-5\">B\u00e9k\u00e9s<\/td><td class=\"column-6\">29600 Ft<\/td>\n<\/tr>\n<tr class=\"row-12\">\n\t<td class=\"column-1\">KWS Tayo<\/td><td class=\"column-2\">igen<\/td><td class=\"column-3\">25 M mag<\/td><td class=\"column-4\">hibrid, 12,5 ha Rubin Plus<\/td><td class=\"column-5\">B\u00e9k\u00e9s<\/td><td class=\"column-6\">740000 Ft<\/td>\n<\/tr>\n<tr class=\"row-13\">\n\t<td class=\"column-1\">Protector<\/td><td class=\"column-2\">nem<\/td><td class=\"column-3\">1000<\/td><td class=\"column-4\">1. fok<\/td><td class=\"column-5\">Fej\u00e9r<\/td><td class=\"column-6\">395 Ft<\/td>\n<\/tr>\n<tr class=\"row-14\">\n\t<td class=\"column-1\">Ryefood<\/td><td class=\"column-2\">igen<\/td><td class=\"column-3\">1000<\/td><td class=\"column-4\">1. fok<\/td><td class=\"column-5\">Baranya<\/td><td class=\"column-6\">278 Ft<\/td>\n<\/tr>\n<tr class=\"row-15\">\n\t<td class=\"column-1\">Ryefood<\/td><td class=\"column-2\">igen<\/td><td class=\"column-3\">1000<\/td><td class=\"column-4\">1. fok<\/td><td class=\"column-5\">Hald\u00fa-Bihar<\/td><td class=\"column-6\">278 Ft<\/td>\n<\/tr>\n<tr class=\"row-16\">\n\t<td class=\"column-1\">Ryefood<\/td><td class=\"column-2\">igen<\/td><td class=\"column-3\">1000<\/td><td class=\"column-4\">1. fok<\/td><td class=\"column-5\">Baranya<\/td><td class=\"column-6\">278 Ft<\/td>\n<\/tr>\n<tr class=\"row-17\">\n\t<td class=\"column-1\">Ryefood<\/td><td class=\"column-2\">igen<\/td><td class=\"column-3\">1000<\/td><td class=\"column-4\">1.fok <\/td><td class=\"column-5\">Szabolcs-Szatm\u00e1r-Bereg<\/td><td class=\"column-6\">278 Ft<\/td>\n<\/tr>\n<tr class=\"row-18\">\n\t<td class=\"column-1\">Ryefood<\/td><td class=\"column-2\">igen<\/td><td class=\"column-3\">500<\/td><td class=\"column-4\">1.fok <\/td><td class=\"column-5\">B\u00e1cs-Kiskun<\/td><td class=\"column-6\">278 Ft<\/td>\n<\/tr>\n<tr class=\"row-19\">\n\t<td class=\"column-1\">Ryefood<\/td><td class=\"column-2\">igen<\/td><td class=\"column-3\">1000<\/td><td class=\"column-4\">1.fok <\/td><td class=\"column-5\">Csongr\u00e1d-Csan\u00e1d<\/td><td class=\"column-6\">278 Ft<\/td>\n<\/tr>\n<tr class=\"row-20\">\n\t<td class=\"column-1\">Ryefood<\/td><td class=\"column-2\">igen<\/td><td class=\"column-3\">1000<\/td><td class=\"column-4\">1. fok<\/td><td class=\"column-5\">B\u00e9k\u00e9s<\/td><td class=\"column-6\">278 Ft<\/td>\n<\/tr>\n<tr class=\"row-21\">\n\t<td class=\"column-1\">SU Arvid<\/td><td class=\"column-2\">igen<\/td><td class=\"column-3\">25 M mag<\/td><td class=\"column-4\">hibrid, 12,5 ha, Vibrance Duo<\/td><td class=\"column-5\">Fej\u00e9r<\/td><td class=\"column-6\">595000 Ft<\/td>\n<\/tr>\n<tr class=\"row-22\">\n\t<td class=\"column-1\">SU Bendix<\/td><td class=\"column-2\">igen<\/td><td class=\"column-3\">25 M mag<\/td><td class=\"column-4\">hibrid, 12,5 ha, Vibrance Duo<\/td><td class=\"column-5\">Fej\u00e9r<\/td><td class=\"column-6\">620000 Ft<\/td>\n<\/tr>\n<tr class=\"row-23\">\n\t<td class=\"column-1\">SU Performer<\/td><td class=\"column-2\">igen<\/td><td class=\"column-3\">25 M mag<\/td><td class=\"column-4\">hibrid, 12,5 ha, Vibrance Duo<\/td><td class=\"column-5\">Fej\u00e9r<\/td><td class=\"column-6\">595000 Ft<\/td>\n<\/tr>\n<tr class=\"row-24\">\n\t<td class=\"column-1\">SU Perspekt\u00edv<\/td><td class=\"column-2\">igen<\/td><td class=\"column-3\">25 M mag<\/td><td class=\"column-4\">hibrid, 12,5 ha, Vibrance Duo<\/td><td class=\"column-5\">Fej\u00e9r<\/td><td class=\"column-6\">620000 Ft<\/td>\n<\/tr>\n<tr class=\"row-25\">\n\t<td class=\"column-1\">Varda<\/td><td class=\"column-2\">nem<\/td><td class=\"column-3\">1000<\/td><td class=\"column-4\">1. fok<\/td><td class=\"column-5\">Gy\u0151r-Moson-Sopron<\/td><td class=\"column-6\">233 Ft<\/td>\n<\/tr>\n<tr class=\"row-26\">\n\t<td class=\"column-1\">Varda<\/td><td class=\"column-2\">nem<\/td><td class=\"column-3\">1000<\/td><td class=\"column-4\">1. fok<\/td><td class=\"column-5\">Pest<\/td><td class=\"column-6\">194 Ft<\/td>\n<\/tr>\n<tr class=\"row-27\">\n\t<td class=\"column-1\">Varda<\/td><td class=\"column-2\">nem<\/td><td class=\"column-3\">50<\/td><td class=\"column-4\">1. fok<\/td><td class=\"column-5\">Pest<\/td><td class=\"column-6\">202 Ft<\/td>\n<\/tr>\n<tr class=\"row-28\">\n\t<td class=\"column-1\">Varda<\/td><td class=\"column-2\">nem<\/td><td class=\"column-3\">500<\/td><td class=\"column-4\">1. fok<\/td><td class=\"column-5\">B\u00e1cs-Kiskun<\/td><td class=\"column-6\">233 Ft<\/td>\n<\/tr>\n<tr class=\"row-29\">\n\t<td class=\"column-1\">Varda<\/td><td class=\"column-2\">igen<\/td><td class=\"column-3\">500<\/td><td class=\"column-4\">1. fok<\/td><td class=\"column-5\">B\u00e1cs-Kiskun<\/td><td class=\"column-6\">250 Ft<\/td>\n<\/tr>\n<tr class=\"row-30\">\n\t<td class=\"column-1\">Varda<\/td><td class=\"column-2\">nem<\/td><td class=\"column-3\">1000<\/td><td class=\"column-4\">1. fok<\/td><td class=\"column-5\">Szabolcs-Szatm\u00e1r-Bereg<\/td><td class=\"column-6\">178 Ft<\/td>\n<\/tr>\n<\/tbody>\n<\/table>\n\n<p><a href=\"https:\/\/magvas.hu\/index.php\/oszi-vetomagok\/\" target=\"_blank\" rel=\"noopener\">Tov\u00e1bbi \u0151szi vet\u0151magok ide kattintva!<\/a><\/p>\n<p>&nbsp;<\/p>\n<h4><strong>\u00c9vel\u0151 rozs vet\u0151magok<br \/>\n<\/strong><\/h4>\n\n<table id=\"tablepress-89\" class=\"tablepress tablepress-id-89\">\n<thead>\n<tr class=\"row-1\">\n\t<th class=\"column-1\"><strong>Fajta<\/strong><\/th><th class=\"column-2\"><strong>Cs\u00e1v\u00e1z\u00e1s<\/strong><\/th><th class=\"column-3\"><strong>Kiszerel\u00e9s<\/strong><\/th><th class=\"column-4\"><strong>Megjegyz\u00e9s<\/strong><\/th><th class=\"column-5\"><strong>V\u00e1rmegye<\/strong><\/th><th class=\"column-6\"><strong>V\u00e9gfelhaszn\u00e1l\u00f3i nett\u00f3 \u00e1r<\/strong><\/th>\n<\/tr>\n<\/thead>\n<tbody class=\"row-striping row-hover\">\n<tr class=\"row-2\">\n\t<td class=\"column-1\">Gerg\u0151<\/td><td class=\"column-2\">nem<\/td><td class=\"column-3\">25<\/td><td class=\"column-4\">50-60 kg\/ha<\/td><td class=\"column-5\">J\u00e1sz-Nagykun-Szolnok<\/td><td class=\"column-6\">667 Ft<\/td>\n<\/tr>\n<tr class=\"row-3\">\n\t<td class=\"column-1\">Kriszta<\/td><td class=\"column-2\">nem<\/td><td class=\"column-3\">600<\/td><td class=\"column-4\">elit vet\u0151mag!, 50-60 kg\/ha<\/td><td class=\"column-5\">Szabolcs-Szatm\u00e1r-Bereg<\/td><td class=\"column-6\">1111 Ft<\/td>\n<\/tr>\n<\/tbody>\n<\/table>\n\n","protected":false},"excerpt":{"rendered":"<p>Rozs vet\u0151magok fajt\u00e1i \u00e9s \u00e1rai Tov\u00e1bbi \u0151szi vet\u0151magok ide kattintva! &nbsp; \u00c9vel\u0151 rozs vet\u0151magok<\/p>\n","protected":false},"author":2,"featured_media":0,"parent":1595,"menu_order":0,"comment_status":"closed","ping_status":"closed","template":"","meta":{"footnotes":""},"class_list":["post-1689","page","type-page","status-publish","hentry"],"post_mailing_queue_ids":[],"_links":{"self":[{"href":"https:\/\/magvas.hu\/index.php\/wp-json\/wp\/v2\/pages\/1689","targetHints":{"allow":["GET"]}}],"collection":[{"href":"https:\/\/magvas.hu\/index.php\/wp-json\/wp\/v2\/pages"}],"about":[{"href":"https:\/\/magvas.hu\/index.php\/wp-json\/wp\/v2\/types\/page"}],"author":[{"embeddable":true,"href":"https:\/\/magvas.hu\/index.php\/wp-json\/wp\/v2\/users\/2"}],"replies":[{"embeddable":true,"href":"https:\/\/magvas.hu\/index.php\/wp-json\/wp\/v2\/comments?post=1689"}],"version-history":[{"count":5,"href":"https:\/\/magvas.hu\/index.php\/wp-json\/wp\/v2\/pages\/1689\/revisions"}],"predecessor-version":[{"id":4723,"href":"https:\/\/magvas.hu\/index.php\/wp-json\/wp\/v2\/pages\/1689\/revisions\/4723"}],"up":[{"embeddable":true,"href":"https:\/\/magvas.hu\/index.php\/wp-json\/wp\/v2\/pages\/1595"}],"wp:attachment":[{"href":"https:\/\/magvas.hu\/index.php\/wp-json\/wp\/v2\/media?parent=1689"}],"curies":[{"name":"wp","href":"https:\/\/api.w.org\/{rel}","templated":true}]}}