{"id":1595,"date":"2016-08-05T10:52:37","date_gmt":"2016-08-05T10:52:37","guid":{"rendered":"http:\/\/www.magvas.hu\/?page_id=1595"},"modified":"2025-08-23T14:54:46","modified_gmt":"2025-08-23T14:54:46","slug":"oszi-vetomagok","status":"publish","type":"page","link":"https:\/\/magvas.hu\/index.php\/oszi-vetomagok\/","title":{"rendered":"\u0150szi vet\u0151magok"},"content":{"rendered":"<p>V\u00e1logasson \u0151szi\u00a0vet\u0151mag-aj\u00e1nlatainkb\u00f3l: \u0151szi k\u00e1posztarepce, \u0151szi \u00e1rpa, \u0151szi b\u00faza, durumb\u00faza, rozs, tritik\u00e1l\u00e9, \u0151szi zab, bors\u00f3. Vet\u0151mag m\u00e1rk\u00e1k sz\u00e9les v\u00e1laszt\u00e9ka.<\/p>\n<p data-wp-editing=\"1\"><a href=\"https:\/\/magvas.hu\/index.php\/oszi-vetomagok\/oszi-kaposztarepce\/\" rel=\"attachment wp-att-1633\"><img loading=\"lazy\" decoding=\"async\" class=\"alignnone wp-image-4798\" src=\"https:\/\/magvas.hu\/wp-content\/uploads\/2023\/09\/Magvas_Icon_Oszi_kaposztarepce-300x300.png\" alt=\"vetomagajanlatok-oszi-kaposztarepce\" width=\"200\" height=\"200\" srcset=\"https:\/\/magvas.hu\/wp-content\/uploads\/2023\/09\/Magvas_Icon_Oszi_kaposztarepce-300x300.png 300w, https:\/\/magvas.hu\/wp-content\/uploads\/2023\/09\/Magvas_Icon_Oszi_kaposztarepce-150x150.png 150w, https:\/\/magvas.hu\/wp-content\/uploads\/2023\/09\/Magvas_Icon_Oszi_kaposztarepce-270x270.png 270w, https:\/\/magvas.hu\/wp-content\/uploads\/2023\/09\/Magvas_Icon_Oszi_kaposztarepce-230x230.png 230w, https:\/\/magvas.hu\/wp-content\/uploads\/2023\/09\/Magvas_Icon_Oszi_kaposztarepce.png 640w\" sizes=\"auto, (max-width: 200px) 100vw, 200px\" \/>\u00a0<\/a><a href=\"https:\/\/magvas.hu\/index.php\/oszi-vetomagok\/oszi-borso\/\" rel=\"attachment wp-att-1761\">\u00a0 \u00a0\u00a0<\/a><a href=\"https:\/\/magvas.hu\/index.php\/oszi-vetomagok\/oszi-arpa\/\" rel=\"attachment wp-att-1769\"><img loading=\"lazy\" decoding=\"async\" class=\"alignnone wp-image-4795\" src=\"https:\/\/magvas.hu\/wp-content\/uploads\/2023\/09\/Magvas_Icon_Oszi_Arpa-300x300.png\" alt=\"vetomagajanlatok-oszi-arpa\" width=\"200\" height=\"200\" srcset=\"https:\/\/magvas.hu\/wp-content\/uploads\/2023\/09\/Magvas_Icon_Oszi_Arpa-300x300.png 300w, https:\/\/magvas.hu\/wp-content\/uploads\/2023\/09\/Magvas_Icon_Oszi_Arpa-150x150.png 150w, https:\/\/magvas.hu\/wp-content\/uploads\/2023\/09\/Magvas_Icon_Oszi_Arpa-270x270.png 270w, https:\/\/magvas.hu\/wp-content\/uploads\/2023\/09\/Magvas_Icon_Oszi_Arpa-230x230.png 230w, https:\/\/magvas.hu\/wp-content\/uploads\/2023\/09\/Magvas_Icon_Oszi_Arpa.png 640w\" sizes=\"auto, (max-width: 200px) 100vw, 200px\" \/>\u00a0<\/a><a href=\"https:\/\/magvas.hu\/index.php\/oszi-vetomagok\/oszi-borso\/\" rel=\"attachment wp-att-1761\">\u00a0 \u00a0\u00a0<\/a><a href=\"https:\/\/magvas.hu\/index.php\/oszi-vetomagok\/oszi-buza\/\" rel=\"attachment wp-att-1771\"><img loading=\"lazy\" decoding=\"async\" class=\"alignnone wp-image-4797\" src=\"https:\/\/magvas.hu\/wp-content\/uploads\/2023\/09\/Magvas_Icon_Oszi_Buza-300x300.png\" alt=\"vetomagajanlatok_oszibuza\" width=\"200\" height=\"200\" srcset=\"https:\/\/magvas.hu\/wp-content\/uploads\/2023\/09\/Magvas_Icon_Oszi_Buza-300x300.png 300w, https:\/\/magvas.hu\/wp-content\/uploads\/2023\/09\/Magvas_Icon_Oszi_Buza-150x150.png 150w, https:\/\/magvas.hu\/wp-content\/uploads\/2023\/09\/Magvas_Icon_Oszi_Buza-270x270.png 270w, https:\/\/magvas.hu\/wp-content\/uploads\/2023\/09\/Magvas_Icon_Oszi_Buza-230x230.png 230w, https:\/\/magvas.hu\/wp-content\/uploads\/2023\/09\/Magvas_Icon_Oszi_Buza.png 640w\" sizes=\"auto, (max-width: 200px) 100vw, 200px\" \/>\u00a0<\/a><a href=\"https:\/\/magvas.hu\/index.php\/oszi-vetomagok\/oszi-borso\/\" rel=\"attachment wp-att-1761\">\u00a0 \u00a0\u00a0<\/a><a href=\"https:\/\/magvas.hu\/index.php\/oszi-vetomagok\/rozs\/\" rel=\"attachment wp-att-1767\"><img loading=\"lazy\" decoding=\"async\" class=\"alignnone wp-image-4802\" src=\"https:\/\/magvas.hu\/wp-content\/uploads\/2023\/09\/Magvas_Icon_Rozs-300x300.png\" alt=\"vetomagajanlatok_oszirozs\" width=\"200\" height=\"200\" srcset=\"https:\/\/magvas.hu\/wp-content\/uploads\/2023\/09\/Magvas_Icon_Rozs-300x300.png 300w, https:\/\/magvas.hu\/wp-content\/uploads\/2023\/09\/Magvas_Icon_Rozs-150x150.png 150w, https:\/\/magvas.hu\/wp-content\/uploads\/2023\/09\/Magvas_Icon_Rozs-270x270.png 270w, https:\/\/magvas.hu\/wp-content\/uploads\/2023\/09\/Magvas_Icon_Rozs-230x230.png 230w, https:\/\/magvas.hu\/wp-content\/uploads\/2023\/09\/Magvas_Icon_Rozs.png 640w\" sizes=\"auto, (max-width: 200px) 100vw, 200px\" \/><\/a>\u00a0<a href=\"https:\/\/magvas.hu\/index.php\/oszi-vetomagok\/oszi-borso\/\" rel=\"attachment wp-att-1761\">\u00a0 \u00a0<\/a> <a href=\"https:\/\/magvas.hu\/index.php\/oszi-vetomagok\/tritikale\/\" rel=\"attachment wp-att-1765\"><img loading=\"lazy\" decoding=\"async\" class=\"alignnone wp-image-4831\" src=\"https:\/\/magvas.hu\/wp-content\/uploads\/2023\/09\/Magvas_Icon__Tritikale-1-300x300.png\" alt=\"vetomagajanlatok_oszitritikale\" width=\"200\" height=\"200\" srcset=\"https:\/\/magvas.hu\/wp-content\/uploads\/2023\/09\/Magvas_Icon__Tritikale-1-300x300.png 300w, https:\/\/magvas.hu\/wp-content\/uploads\/2023\/09\/Magvas_Icon__Tritikale-1-150x150.png 150w, https:\/\/magvas.hu\/wp-content\/uploads\/2023\/09\/Magvas_Icon__Tritikale-1-270x270.png 270w, https:\/\/magvas.hu\/wp-content\/uploads\/2023\/09\/Magvas_Icon__Tritikale-1-230x230.png 230w, https:\/\/magvas.hu\/wp-content\/uploads\/2023\/09\/Magvas_Icon__Tritikale-1.png 640w\" sizes=\"auto, (max-width: 200px) 100vw, 200px\" \/><\/a><a href=\"https:\/\/magvas.hu\/index.php\/oszi-vetomagok\/oszi-zab\/\" rel=\"attachment wp-att-1763\"><img loading=\"lazy\" decoding=\"async\" class=\"alignnone wp-image-4799\" src=\"https:\/\/magvas.hu\/wp-content\/uploads\/2023\/09\/Magvas_Icon_Oszi_Zab-300x300.png\" alt=\"vetomagajanlatok_oszizab\" width=\"200\" height=\"200\" srcset=\"https:\/\/magvas.hu\/wp-content\/uploads\/2023\/09\/Magvas_Icon_Oszi_Zab-300x300.png 300w, https:\/\/magvas.hu\/wp-content\/uploads\/2023\/09\/Magvas_Icon_Oszi_Zab-150x150.png 150w, https:\/\/magvas.hu\/wp-content\/uploads\/2023\/09\/Magvas_Icon_Oszi_Zab-270x270.png 270w, https:\/\/magvas.hu\/wp-content\/uploads\/2023\/09\/Magvas_Icon_Oszi_Zab-230x230.png 230w, https:\/\/magvas.hu\/wp-content\/uploads\/2023\/09\/Magvas_Icon_Oszi_Zab.png 640w\" sizes=\"auto, (max-width: 200px) 100vw, 200px\" \/>\u00a0<\/a><a href=\"https:\/\/magvas.hu\/index.php\/oszi-vetomagok\/oszi-borso\/\" rel=\"attachment wp-att-1761\">\u00a0 \u00a0\u00a0<\/a><a href=\"https:\/\/magvas.hu\/index.php\/oszi-vetomagok\/oszi-borso\/\" rel=\"attachment wp-att-1761\"><img loading=\"lazy\" decoding=\"async\" class=\"alignnone wp-image-4777\" src=\"https:\/\/magvas.hu\/wp-content\/uploads\/2023\/09\/Magvas_Icon_Borso-300x300.png\" alt=\"vetomagajanlatok_osziborso\" width=\"200\" height=\"200\" srcset=\"https:\/\/magvas.hu\/wp-content\/uploads\/2023\/09\/Magvas_Icon_Borso-300x300.png 300w, https:\/\/magvas.hu\/wp-content\/uploads\/2023\/09\/Magvas_Icon_Borso-150x150.png 150w, https:\/\/magvas.hu\/wp-content\/uploads\/2023\/09\/Magvas_Icon_Borso-270x270.png 270w, https:\/\/magvas.hu\/wp-content\/uploads\/2023\/09\/Magvas_Icon_Borso-230x230.png 230w, https:\/\/magvas.hu\/wp-content\/uploads\/2023\/09\/Magvas_Icon_Borso.png 640w\" sizes=\"auto, (max-width: 200px) 100vw, 200px\" \/><\/a><a href=\"https:\/\/magvas.hu\/index.php\/oszi-vetomagok\/bukkony\/\">\u00a0<\/a><a href=\"https:\/\/magvas.hu\/index.php\/oszi-vetomagok\/oszi-borso\/\" rel=\"attachment wp-att-1761\">\u00a0 \u00a0\u00a0<\/a><a href=\"https:\/\/magvas.hu\/index.php\/oszi-vetomagok\/bukkony\/\"><img loading=\"lazy\" decoding=\"async\" class=\"alignnone wp-image-4770\" src=\"https:\/\/magvas.hu\/wp-content\/uploads\/2023\/08\/Magvas_Icon_Bukkony-300x300.png\" alt=\"vetomagajanlatok_bukkonyok\" width=\"200\" height=\"200\" srcset=\"https:\/\/magvas.hu\/wp-content\/uploads\/2023\/08\/Magvas_Icon_Bukkony-300x300.png 300w, https:\/\/magvas.hu\/wp-content\/uploads\/2023\/08\/Magvas_Icon_Bukkony-1024x1024.png 1024w, https:\/\/magvas.hu\/wp-content\/uploads\/2023\/08\/Magvas_Icon_Bukkony-150x150.png 150w, https:\/\/magvas.hu\/wp-content\/uploads\/2023\/08\/Magvas_Icon_Bukkony-768x768.png 768w, https:\/\/magvas.hu\/wp-content\/uploads\/2023\/08\/Magvas_Icon_Bukkony-1536x1536.png 1536w, https:\/\/magvas.hu\/wp-content\/uploads\/2023\/08\/Magvas_Icon_Bukkony-270x270.png 270w, https:\/\/magvas.hu\/wp-content\/uploads\/2023\/08\/Magvas_Icon_Bukkony-230x230.png 230w, https:\/\/magvas.hu\/wp-content\/uploads\/2023\/08\/Magvas_Icon_Bukkony.png 2048w\" sizes=\"auto, (max-width: 200px) 100vw, 200px\" \/>\u00a0<\/a><a href=\"https:\/\/magvas.hu\/index.php\/oszi-vetomagok\/oszi-borso\/\" rel=\"attachment wp-att-1761\">\u00a0 \u00a0\u00a0<\/a><a href=\"https:\/\/magvas.hu\/index.php\/oszi-vetomagok\/durumbuza\/\" rel=\"attachment wp-att-1765\"><img loading=\"lazy\" decoding=\"async\" class=\"alignnone wp-image-4771\" src=\"https:\/\/magvas.hu\/wp-content\/uploads\/2023\/08\/Magvas_Icon_Durumbuza-300x300.png\" alt=\"vetomagajanlatok_durumbuza\" width=\"200\" height=\"200\" srcset=\"https:\/\/magvas.hu\/wp-content\/uploads\/2023\/08\/Magvas_Icon_Durumbuza-300x300.png 300w, https:\/\/magvas.hu\/wp-content\/uploads\/2023\/08\/Magvas_Icon_Durumbuza-1024x1024.png 1024w, https:\/\/magvas.hu\/wp-content\/uploads\/2023\/08\/Magvas_Icon_Durumbuza-150x150.png 150w, https:\/\/magvas.hu\/wp-content\/uploads\/2023\/08\/Magvas_Icon_Durumbuza-768x768.png 768w, https:\/\/magvas.hu\/wp-content\/uploads\/2023\/08\/Magvas_Icon_Durumbuza-1536x1536.png 1536w, https:\/\/magvas.hu\/wp-content\/uploads\/2023\/08\/Magvas_Icon_Durumbuza-270x270.png 270w, https:\/\/magvas.hu\/wp-content\/uploads\/2023\/08\/Magvas_Icon_Durumbuza-230x230.png 230w, https:\/\/magvas.hu\/wp-content\/uploads\/2023\/08\/Magvas_Icon_Durumbuza.png 2048w\" sizes=\"auto, (max-width: 200px) 100vw, 200px\" \/>\u00a0<\/a><a href=\"https:\/\/magvas.hu\/index.php\/oszi-vetomagok\/oszi-borso\/\" rel=\"attachment wp-att-1761\">\u00a0 \u00a0\u00a0<\/a><a href=\"https:\/\/magvas.hu\/index.php\/oszi-vetomagok\/tonkolybuza\/\"><img loading=\"lazy\" decoding=\"async\" class=\"alignnone wp-image-4773\" src=\"https:\/\/magvas.hu\/wp-content\/uploads\/2023\/08\/Magvas_Icon_Tonkolybuza-300x300.png\" alt=\"vetomagajanlatok_tonkolybuza\" width=\"200\" height=\"200\" srcset=\"https:\/\/magvas.hu\/wp-content\/uploads\/2023\/08\/Magvas_Icon_Tonkolybuza-300x300.png 300w, https:\/\/magvas.hu\/wp-content\/uploads\/2023\/08\/Magvas_Icon_Tonkolybuza-1024x1024.png 1024w, https:\/\/magvas.hu\/wp-content\/uploads\/2023\/08\/Magvas_Icon_Tonkolybuza-150x150.png 150w, https:\/\/magvas.hu\/wp-content\/uploads\/2023\/08\/Magvas_Icon_Tonkolybuza-768x768.png 768w, https:\/\/magvas.hu\/wp-content\/uploads\/2023\/08\/Magvas_Icon_Tonkolybuza-1536x1536.png 1536w, https:\/\/magvas.hu\/wp-content\/uploads\/2023\/08\/Magvas_Icon_Tonkolybuza-270x270.png 270w, https:\/\/magvas.hu\/wp-content\/uploads\/2023\/08\/Magvas_Icon_Tonkolybuza-230x230.png 230w, https:\/\/magvas.hu\/wp-content\/uploads\/2023\/08\/Magvas_Icon_Tonkolybuza.png 2048w\" sizes=\"auto, (max-width: 200px) 100vw, 200px\" \/><\/a><a href=\"https:\/\/magvas.hu\/index.php\/oszi-vetomagok\/oszi-borso\/\" rel=\"attachment wp-att-1761\">\u00a0 \u00a0\u00a0<\/a><a href=\"https:\/\/magvas.hu\/index.php\/oszi-vetomagok\/oszi_mak\/\" rel=\"attachment wp-att-1761\" data-wp-editing=\"1\"><img loading=\"lazy\" decoding=\"async\" class=\"alignnone wp-image-4842\" src=\"https:\/\/magvas.hu\/wp-content\/uploads\/2023\/09\/Magvas_Icon_Oszi_Mak-300x300.png\" alt=\"vetomagajanlatok_oszi_mak\" width=\"200\" height=\"200\" srcset=\"https:\/\/magvas.hu\/wp-content\/uploads\/2023\/09\/Magvas_Icon_Oszi_Mak-300x300.png 300w, https:\/\/magvas.hu\/wp-content\/uploads\/2023\/09\/Magvas_Icon_Oszi_Mak-150x150.png 150w, https:\/\/magvas.hu\/wp-content\/uploads\/2023\/09\/Magvas_Icon_Oszi_Mak-270x270.png 270w, https:\/\/magvas.hu\/wp-content\/uploads\/2023\/09\/Magvas_Icon_Oszi_Mak-230x230.png 230w, https:\/\/magvas.hu\/wp-content\/uploads\/2023\/09\/Magvas_Icon_Oszi_Mak.png 640w\" sizes=\"auto, (max-width: 200px) 100vw, 200px\" \/><\/a><a href=\"https:\/\/magvas.hu\/index.php\/oszi-vetomagok\/oszi-borso\/\" rel=\"attachment wp-att-1761\">\u00a0 \u00a0 <\/a><a href=\"https:\/\/magvas.hu\/index.php\/oszi-vetomagok\/oszi-bab\/\" data-wp-editing=\"1\"><img loading=\"lazy\" decoding=\"async\" class=\"alignnone size-full wp-image-5137\" src=\"https:\/\/magvas.hu\/wp-content\/uploads\/2025\/08\/Magvas_Icon_Oszi_Lobab.png\" alt=\"\u0150szi L\u00f3bab\" width=\"200\" height=\"200\" srcset=\"https:\/\/magvas.hu\/wp-content\/uploads\/2025\/08\/Magvas_Icon_Oszi_Lobab.png 200w, https:\/\/magvas.hu\/wp-content\/uploads\/2025\/08\/Magvas_Icon_Oszi_Lobab-150x150.png 150w\" sizes=\"auto, (max-width: 200px) 100vw, 200px\" \/><\/a><a href=\"https:\/\/magvas.hu\/index.php\/oszi-vetomagok\/oszi-borso\/\" rel=\"attachment wp-att-1761\">\u00a0 \u00a0 <\/a><a href=\"https:\/\/magvas.hu\/index.php\/oszi-vetomagok\/oszi-lencse\/\"><img loading=\"lazy\" decoding=\"async\" class=\"alignnone size-full wp-image-5171\" src=\"https:\/\/magvas.hu\/wp-content\/uploads\/2025\/08\/Magvas_Icon_Oszi_Lencse.png\" alt=\"\u0150szi lencse\" width=\"200\" height=\"200\" srcset=\"https:\/\/magvas.hu\/wp-content\/uploads\/2025\/08\/Magvas_Icon_Oszi_Lencse.png 200w, https:\/\/magvas.hu\/wp-content\/uploads\/2025\/08\/Magvas_Icon_Oszi_Lencse-150x150.png 150w\" sizes=\"auto, (max-width: 200px) 100vw, 200px\" \/><\/a>\u00a0 <a href=\"https:\/\/magvas.hu\/index.php\/oszi-vetomagok\/oszi-keverektakarmanyok\/\" data-wp-editing=\"1\"><img loading=\"lazy\" decoding=\"async\" class=\"alignnone size-full wp-image-5203\" src=\"https:\/\/magvas.hu\/wp-content\/uploads\/2025\/08\/Magvas_Icon_Keverektakarmanyok.png\" alt=\"\" width=\"200\" height=\"200\" srcset=\"https:\/\/magvas.hu\/wp-content\/uploads\/2025\/08\/Magvas_Icon_Keverektakarmanyok.png 200w, https:\/\/magvas.hu\/wp-content\/uploads\/2025\/08\/Magvas_Icon_Keverektakarmanyok-150x150.png 150w\" sizes=\"auto, (max-width: 200px) 100vw, 200px\" \/><\/a><\/p>\n","protected":false},"excerpt":{"rendered":"<p>V\u00e1logasson \u0151szi vet\u0151mag-aj\u00e1nlatainkb\u00f3l: \u0151szi k\u00e1posztarepce, \u0151szi \u00e1rpa, \u0151szi b\u00faza, durumb\u00faza, rozs, tritik\u00e1l\u00e9, \u0151szi zab, bors\u00f3.<\/p>\n","protected":false},"author":2,"featured_media":1781,"parent":0,"menu_order":0,"comment_status":"closed","ping_status":"closed","template":"","meta":{"footnotes":""},"class_list":["post-1595","page","type-page","status-publish","has-post-thumbnail","hentry"],"post_mailing_queue_ids":[],"_links":{"self":[{"href":"https:\/\/magvas.hu\/index.php\/wp-json\/wp\/v2\/pages\/1595","targetHints":{"allow":["GET"]}}],"collection":[{"href":"https:\/\/magvas.hu\/index.php\/wp-json\/wp\/v2\/pages"}],"about":[{"href":"https:\/\/magvas.hu\/index.php\/wp-json\/wp\/v2\/types\/page"}],"author":[{"embeddable":true,"href":"https:\/\/magvas.hu\/index.php\/wp-json\/wp\/v2\/users\/2"}],"replies":[{"embeddable":true,"href":"https:\/\/magvas.hu\/index.php\/wp-json\/wp\/v2\/comments?post=1595"}],"version-history":[{"count":22,"href":"https:\/\/magvas.hu\/index.php\/wp-json\/wp\/v2\/pages\/1595\/revisions"}],"predecessor-version":[{"id":5205,"href":"https:\/\/magvas.hu\/index.php\/wp-json\/wp\/v2\/pages\/1595\/revisions\/5205"}],"wp:featuredmedia":[{"embeddable":true,"href":"https:\/\/magvas.hu\/index.php\/wp-json\/wp\/v2\/media\/1781"}],"wp:attachment":[{"href":"https:\/\/magvas.hu\/index.php\/wp-json\/wp\/v2\/media?parent=1595"}],"curies":[{"name":"wp","href":"https:\/\/api.w.org\/{rel}","templated":true}]}}