{"id":1489,"date":"2016-07-19T09:45:35","date_gmt":"2016-07-19T09:45:35","guid":{"rendered":"http:\/\/www.magvas.hu\/?page_id=1489"},"modified":"2021-08-09T15:52:54","modified_gmt":"2021-08-09T15:52:54","slug":"pillangos-vetomagok-nyari","status":"publish","type":"page","link":"https:\/\/magvas.hu\/index.php\/nyari-vetomagok\/pillangos-vetomagok-nyari\/","title":{"rendered":"Pillang\u00f3s vet\u0151magok"},"content":{"rendered":"<article id=\"post-673\" class=\"post-673 page type-page status-publish hentry\">\n<div class=\"entry-content clearfix\">\n<p><br \/>\n<table id=\"tablepress-106\" class=\"tablepress tablepress-id-106\">\n<thead>\n<tr class=\"row-1\">\n\t<th class=\"column-1\"><strong>Faj<\/strong><\/th><th class=\"column-2\"><strong>Fajta<\/strong><\/th><th class=\"column-3\"><strong>Kiszerel\u00e9s<\/strong><\/th><th class=\"column-4\"><strong>V\u00e1rmegye<\/strong><\/th><th class=\"column-5\"><strong>Nett\u00f3 v\u00e9gfelhaszn\u00e1l\u00f3i \u00e1r<\/strong><\/th>\n<\/tr>\n<\/thead>\n<tbody class=\"row-striping row-hover\">\n<tr class=\"row-2\">\n\t<td class=\"column-1\">Alexandriai here<\/td><td class=\"column-2\">Tabor<\/td><td class=\"column-3\">25<\/td><td class=\"column-4\">Gy\u0151r-Moson-Sopron<\/td><td class=\"column-5\">1609 Ft<\/td>\n<\/tr>\n<tr class=\"row-3\">\n\t<td class=\"column-1\">Alexandriai here<\/td><td class=\"column-2\">Tigri<\/td><td class=\"column-3\">25<\/td><td class=\"column-4\">Gy\u0151r-Moson-Sopron<\/td><td class=\"column-5\">1368 Ft<\/td>\n<\/tr>\n<tr class=\"row-4\">\n\t<td class=\"column-1\">Alexandriai here<\/td><td class=\"column-2\">Tigri, Axi<\/td><td class=\"column-3\">25<\/td><td class=\"column-4\">Pest<\/td><td class=\"column-5\">1437 Ft<\/td>\n<\/tr>\n<tr class=\"row-5\">\n\t<td class=\"column-1\">Baltacim<\/td><td class=\"column-2\">kereskedelmi f\u00e9mz\u00e1rolt<\/td><td class=\"column-3\">25<\/td><td class=\"column-4\">Pest<\/td><td class=\"column-5\">908 Ft<\/td>\n<\/tr>\n<tr class=\"row-6\">\n\t<td class=\"column-1\">Baltacim<\/td><td class=\"column-2\">Kereskedelmi, f\u00e9mz\u00e1rolt<\/td><td class=\"column-3\">25<\/td><td class=\"column-4\">Gy\u0151r-Moson-Sopron<\/td><td class=\"column-5\">897 Ft<\/td>\n<\/tr>\n<tr class=\"row-7\">\n\t<td class=\"column-1\">B\u00edborhere<\/td><td class=\"column-2\">Kardinal<\/td><td class=\"column-3\">25\/500<\/td><td class=\"column-4\">J\u00e1sz-Nagykun-Szolnok<\/td><td class=\"column-5\">910 Ft<\/td>\n<\/tr>\n<tr class=\"row-8\">\n\t<td class=\"column-1\">B\u00edborhere<\/td><td class=\"column-2\">Kardinal<\/td><td class=\"column-3\">25<\/td><td class=\"column-4\">Gy\u0151r-Moson-Sopron<\/td><td class=\"column-5\">828 Ft<\/td>\n<\/tr>\n<tr class=\"row-9\">\n\t<td class=\"column-1\">B\u00edborhere<\/td><td class=\"column-2\">Lov\u00e1szpatonai<\/td><td class=\"column-3\">25<\/td><td class=\"column-4\">Gy\u0151r-Moson-Sopron<\/td><td class=\"column-5\">862 Ft<\/td>\n<\/tr>\n<tr class=\"row-10\">\n\t<td class=\"column-1\">B\u00edborhere<\/td><td class=\"column-2\">Piroska, Piry<\/td><td class=\"column-3\">25<\/td><td class=\"column-4\">Pest<\/td><td class=\"column-5\">822 Ft<\/td>\n<\/tr>\n<tr class=\"row-11\">\n\t<td class=\"column-1\">B\u00edborhere<\/td><td class=\"column-2\">Szarvasi b\u00edborka<\/td><td class=\"column-3\">25<\/td><td class=\"column-4\">B\u00e9k\u00e9s<\/td><td class=\"column-5\">1000 Ft<\/td>\n<\/tr>\n<tr class=\"row-12\">\n\t<td class=\"column-1\">Csicseribors\u00f3<\/td><td class=\"column-2\">Bori<\/td><td class=\"column-3\">25<\/td><td class=\"column-4\">B\u00e9k\u00e9s<\/td><td class=\"column-5\">529 Ft<\/td>\n<\/tr>\n<tr class=\"row-13\">\n\t<td class=\"column-1\">Csicseribors\u00f3<\/td><td class=\"column-2\">Katalin<\/td><td class=\"column-3\">25<\/td><td class=\"column-4\">B\u00e9k\u00e9s<\/td><td class=\"column-5\">529 Ft<\/td>\n<\/tr>\n<tr class=\"row-14\">\n\t<td class=\"column-1\">Csicseribors\u00f3<\/td><td class=\"column-2\">D\u00f3nia<\/td><td class=\"column-3\">25<\/td><td class=\"column-4\">Csongr\u00e1d-Csan\u00e1d<\/td><td class=\"column-5\">700 Ft<\/td>\n<\/tr>\n<tr class=\"row-15\">\n\t<td class=\"column-1\">Feh\u00e9rhere<\/td><td class=\"column-2\">Apolo oltott<\/td><td class=\"column-3\">25<\/td><td class=\"column-4\">Gy\u0151r-Moson-Sopron<\/td><td class=\"column-5\">2862 Ft<\/td>\n<\/tr>\n<tr class=\"row-16\">\n\t<td class=\"column-1\">Feh\u00e9rhere<\/td><td class=\"column-2\">Apolo oltott<\/td><td class=\"column-3\">25<\/td><td class=\"column-4\">Pest<\/td><td class=\"column-5\">2816 Ft<\/td>\n<\/tr>\n<tr class=\"row-17\">\n\t<td class=\"column-1\">Feh\u00e9rhere<\/td><td class=\"column-2\">Apolo oltott<\/td><td class=\"column-3\">25<\/td><td class=\"column-4\">Gy\u0151r-Moson-Sopron<\/td><td class=\"column-5\">3218 Ft<\/td>\n<\/tr>\n<tr class=\"row-18\">\n\t<td class=\"column-1\">Feh\u00e9rvir\u00e1g\u00fa csillagf\u00fcrt<\/td><td class=\"column-2\">Nelly<\/td><td class=\"column-3\">25<\/td><td class=\"column-4\">Gy\u0151r-Moson-Sopron<\/td><td class=\"column-5\">540 Ft<\/td>\n<\/tr>\n<tr class=\"row-19\">\n\t<td class=\"column-1\">Feh\u00e9rvir\u00e1g\u00fa csillagf\u00fcrt<\/td><td class=\"column-2\">Nelly elit<\/td><td class=\"column-3\">1000<\/td><td class=\"column-4\">Szabolcs-Szatm\u00e1r-Bereg <\/td><td class=\"column-5\">647 Ft<\/td>\n<\/tr>\n<tr class=\"row-20\">\n\t<td class=\"column-1\">Feh\u00e9rvir\u00e1g\u00fa csillagf\u00fcrt<\/td><td class=\"column-2\">Nelly, Butan<\/td><td class=\"column-3\">25\/500<\/td><td class=\"column-4\">J\u00e1sz-Nagykun-Szolnok<\/td><td class=\"column-5\">575 Ft<\/td>\n<\/tr>\n<tr class=\"row-21\">\n\t<td class=\"column-1\">G\u00f6r\u00f6gsz\u00e9na<\/td><td class=\"column-2\">kereskedelmi f\u00e9mz\u00e1rolt<\/td><td class=\"column-3\">5<\/td><td class=\"column-4\">Pest<\/td><td class=\"column-5\">701 Ft<\/td>\n<\/tr>\n<tr class=\"row-22\">\n\t<td class=\"column-1\">G\u00f6r\u00f6gsz\u00e9na<\/td><td class=\"column-2\">kereskedelmi f\u00e9mz\u00e1rolt<\/td><td class=\"column-3\">25<\/td><td class=\"column-4\">Gy\u0151r-Moson-Sopron<\/td><td class=\"column-5\">724 Ft<\/td>\n<\/tr>\n<tr class=\"row-23\">\n\t<td class=\"column-1\">G\u00f6r\u00f6gsz\u00e9na<\/td><td class=\"column-2\">\u00d3v\u00e1ri-4<\/td><td class=\"column-3\">25<\/td><td class=\"column-4\">Gy\u0151r-Moson-Sopron<\/td><td class=\"column-5\">941 Ft<\/td>\n<\/tr>\n<tr class=\"row-24\">\n\t<td class=\"column-1\">Koml\u00f3s lucerna<\/td><td class=\"column-2\">Ekola oltott<\/td><td class=\"column-3\">25<\/td><td class=\"column-4\">Gy\u0151r-Moson-Sopron<\/td><td class=\"column-5\">4931 Ft<\/td>\n<\/tr>\n<tr class=\"row-25\">\n\t<td class=\"column-1\">Lucerna<\/td><td class=\"column-2\">Ilena oltott<\/td><td class=\"column-3\">25<\/td><td class=\"column-4\">J\u00e1sz-Nagykun-Szolnok<\/td><td class=\"column-5\">2544 Ft<\/td>\n<\/tr>\n<tr class=\"row-26\">\n\t<td class=\"column-1\">Lucerna<\/td><td class=\"column-2\">Anna<\/td><td class=\"column-3\">25<\/td><td class=\"column-4\">B\u00e9k\u00e9s<\/td><td class=\"column-5\">2918 Ft<\/td>\n<\/tr>\n<tr class=\"row-27\">\n\t<td class=\"column-1\">Lucerna<\/td><td class=\"column-2\">AS3\/A5<\/td><td class=\"column-3\">1<\/td><td class=\"column-4\">Pest<\/td><td class=\"column-5\">3425 Ft<\/td>\n<\/tr>\n<tr class=\"row-28\">\n\t<td class=\"column-1\">Lucerna<\/td><td class=\"column-2\">AS5<\/td><td class=\"column-3\">5\/25<\/td><td class=\"column-4\">Pest<\/td><td class=\"column-5\">2977 Ft<\/td>\n<\/tr>\n<tr class=\"row-29\">\n\t<td class=\"column-1\">Lucerna<\/td><td class=\"column-2\">Claudia<\/td><td class=\"column-3\">25<\/td><td class=\"column-4\">Gy\u0151r-Moson-Sopron<\/td><td class=\"column-5\">2944 Ft<\/td>\n<\/tr>\n<tr class=\"row-30\">\n\t<td class=\"column-1\">Lucerna<\/td><td class=\"column-2\">Excelle<\/td><td class=\"column-3\">20\/25<\/td><td class=\"column-4\"><\/td><td class=\"column-5\">2950 Ft<\/td>\n<\/tr>\n<tr class=\"row-31\">\n\t<td class=\"column-1\">Lucerna<\/td><td class=\"column-2\">Excelle<\/td><td class=\"column-3\">20\/25<\/td><td class=\"column-4\"><\/td><td class=\"column-5\">2950 Ft<\/td>\n<\/tr>\n<tr class=\"row-32\">\n\t<td class=\"column-1\">Lucerna<\/td><td class=\"column-2\">Express<\/td><td class=\"column-3\">25<\/td><td class=\"column-4\">Pest<\/td><td class=\"column-5\">3294 Ft<\/td>\n<\/tr>\n<tr class=\"row-33\">\n\t<td class=\"column-1\">Lucerna<\/td><td class=\"column-2\">Ida oltott<\/td><td class=\"column-3\">25<\/td><td class=\"column-4\">J\u00e1sz-Nagykun-Szolnok<\/td><td class=\"column-5\">2880 Ft<\/td>\n<\/tr>\n<tr class=\"row-34\">\n\t<td class=\"column-1\">Lucerna<\/td><td class=\"column-2\">Gea oltott<\/td><td class=\"column-3\">25<\/td><td class=\"column-4\">Gy\u0151r-Moson-Sopron<\/td><td class=\"column-5\">2828 Ft<\/td>\n<\/tr>\n<tr class=\"row-35\">\n\t<td class=\"column-1\">Lucerna<\/td><td class=\"column-2\">Irisz<\/td><td class=\"column-3\">25<\/td><td class=\"column-4\">J\u00e1sz-Nagykun-Szolnok<\/td><td class=\"column-5\">2824 Ft<\/td>\n<\/tr>\n<tr class=\"row-36\">\n\t<td class=\"column-1\">Lucerna<\/td><td class=\"column-2\">Plato<\/td><td class=\"column-3\">25<\/td><td class=\"column-4\">Gy\u0151r-Moson-Sopron<\/td><td class=\"column-5\">3103 Ft<\/td>\n<\/tr>\n<tr class=\"row-37\">\n\t<td class=\"column-1\">Lucerna<\/td><td class=\"column-2\">Giulia oltott<\/td><td class=\"column-3\">25<\/td><td class=\"column-4\">Pest<\/td><td class=\"column-5\">2868 Ft<\/td>\n<\/tr>\n<tr class=\"row-38\">\n\t<td class=\"column-1\">Lucerna<\/td><td class=\"column-2\">Kinga<\/td><td class=\"column-3\">25<\/td><td class=\"column-4\">B\u00e9k\u00e9s<\/td><td class=\"column-5\">2918 Ft<\/td>\n<\/tr>\n<tr class=\"row-39\">\n\t<td class=\"column-1\">Lucerna<\/td><td class=\"column-2\">La Rocca<\/td><td class=\"column-3\">25<\/td><td class=\"column-4\"><\/td><td class=\"column-5\">3480 Ft<\/td>\n<\/tr>\n<tr class=\"row-40\">\n\t<td class=\"column-1\">Lucerna<\/td><td class=\"column-2\">Lily<\/td><td class=\"column-3\">25<\/td><td class=\"column-4\">B\u00e9k\u00e9s<\/td><td class=\"column-5\">2918 Ft<\/td>\n<\/tr>\n<tr class=\"row-41\">\n\t<td class=\"column-1\">Lucerna<\/td><td class=\"column-2\">Nardian<\/td><td class=\"column-3\">25<\/td><td class=\"column-4\">Gy\u0151r-Moson-Sopron<\/td><td class=\"column-5\">2944 Ft<\/td>\n<\/tr>\n<tr class=\"row-42\">\n\t<td class=\"column-1\">Lucerna<\/td><td class=\"column-2\">Olimpia<\/td><td class=\"column-3\">25<\/td><td class=\"column-4\">B\u00e9k\u00e9s<\/td><td class=\"column-5\">3529 Ft<\/td>\n<\/tr>\n<tr class=\"row-43\">\n\t<td class=\"column-1\">Lucerna<\/td><td class=\"column-2\">Vanda oltott<\/td><td class=\"column-3\">10<\/td><td class=\"column-4\">Gy\u0151r-Moson-Sopron<\/td><td class=\"column-5\">2586 Ft<\/td>\n<\/tr>\n<tr class=\"row-44\">\n\t<td class=\"column-1\">Lucerna<\/td><td class=\"column-2\">Vikt\u00f3ria<\/td><td class=\"column-3\">25<\/td><td class=\"column-4\">B\u00e9k\u00e9s<\/td><td class=\"column-5\">2918 Ft<\/td>\n<\/tr>\n<tr class=\"row-45\">\n\t<td class=\"column-1\">\u0150szi lencse<\/td><td class=\"column-2\">f\u00e9mz\u00e1rolatlan, s\u00e1rga magb\u00e9l<\/td><td class=\"column-3\">25<\/td><td class=\"column-4\">J\u00e1sz-Nagykun-Szolnok<\/td><td class=\"column-5\">765 Ft<\/td>\n<\/tr>\n<tr class=\"row-46\">\n\t<td class=\"column-1\">Pannon b\u00fckk\u00f6ny<\/td><td class=\"column-2\">Beta<\/td><td class=\"column-3\">25\/1000<\/td><td class=\"column-4\">J\u00e1sz-Nagykun-Szolnok<\/td><td class=\"column-5\">715 Ft<\/td>\n<\/tr>\n<tr class=\"row-47\">\n\t<td class=\"column-1\">Pannon b\u00fckk\u00f6ny<\/td><td class=\"column-2\">B\u00e9ta<\/td><td class=\"column-3\">25<\/td><td class=\"column-4\">Gy\u0151r-Moson-Sopron<\/td><td class=\"column-5\">632 Ft<\/td>\n<\/tr>\n<tr class=\"row-48\">\n\t<td class=\"column-1\">Pannon b\u00fckk\u00f6ny<\/td><td class=\"column-2\">Detenicta pannonska<\/td><td class=\"column-3\">25<\/td><td class=\"column-4\">Gy\u0151r-Moson-Sopron<\/td><td class=\"column-5\">621 Ft<\/td>\n<\/tr>\n<tr class=\"row-49\">\n\t<td class=\"column-1\">Pannon b\u00fckk\u00f6ny bio<\/td><td class=\"column-2\">Beta<\/td><td class=\"column-3\">25\/1000<\/td><td class=\"column-4\">J\u00e1sz-Nagykun-Szolnok<\/td><td class=\"column-5\">920 Ft<\/td>\n<\/tr>\n<tr class=\"row-50\">\n\t<td class=\"column-1\">Pannonb\u00fckk\u00f6ny<\/td><td class=\"column-2\">Achim<\/td><td class=\"column-3\">25\/1000<\/td><td class=\"column-4\">B\u00e9k\u00e9s<\/td><td class=\"column-5\">694 Ft<\/td>\n<\/tr>\n<tr class=\"row-51\">\n\t<td class=\"column-1\">Perzsa here<\/td><td class=\"column-2\">Lightning oltott<\/td><td class=\"column-3\">25<\/td><td class=\"column-4\">Gy\u0151r-Moson-Sopron<\/td><td class=\"column-5\">1943 Ft<\/td>\n<\/tr>\n<tr class=\"row-52\">\n\t<td class=\"column-1\">Perzsahere<\/td><td class=\"column-2\">Celtico<\/td><td class=\"column-3\">25<\/td><td class=\"column-4\">Gy\u0151r-Moson-Sopron<\/td><td class=\"column-5\">1954 Ft<\/td>\n<\/tr>\n<tr class=\"row-53\">\n\t<td class=\"column-1\"><strong>Pillang\u00f3s kever\u00e9k  (65% lucerna) Hosszan \u00e9vel\u0151, a fajta\u00f6sszet\u00e9tel\u00e9nek k\u00f6sz\u00f6nhet\u0151en k\u00fcl\u00f6nb\u00f6z\u0151 adotts\u00e1g\u00fa talajokon is j\u00f3l teljes\u00edt\u0151 kever\u00e9k. <strong>Megfelel az <\/strong><strong><u>AKG z\u00f6ldugar, \u00e9s a nitrog\u00e9nmegk\u00f6t\u0151 n\u00f6v\u00e9nnyel t\u00f6rt\u00e9n\u0151 Z\u00f6ld\u00edt\u00e9s k\u00f6vetelm\u00e9nyeinek, \u00e9s a 24 kg\/ha felett vetve a sz\u00e1las-pillang\u00f3s Termel\u00e9shez k\u00f6t\u00f6tt t\u00e1mogat\u00e1s is felvehet\u0151. <\/u><\/strong><\/strong><\/td><td class=\"column-2\">65 % Medicago sativa\/ Lucerna, 5 % Trifolium pratense\/ V\u00f6r\u00f6shere, 25 % Trifolium incarnatum\/ B\u00edborhere, 5 % Trifolim repens\/ Feh\u00e9r here Vet\u00e9sid\u0151: m\u00e1rcius-\u00e1prilis 15.\/ augusztus10-szeptember 30 Mennyis\u00e9g: 25-30 kg\/ha <\/td><td class=\"column-3\">25<\/td><td class=\"column-4\">Gy\u0151r-Moson Sopron<\/td><td class=\"column-5\">2356 Ft<\/td>\n<\/tr>\n<tr class=\"row-54\">\n\t<td class=\"column-1\"><strong>Pillang\u00f3s kever\u00e9k 70 % lucerna, hosszan \u00e9vel\u0151, a fajta\u00f6sszet\u00e9tel\u00e9nek k\u00f6sz\u00f6nhet\u0151en a k\u00fcl\u00f6nb\u00f6z\u0151 term\u0151helyi felt\u00e9telek k\u00f6zt is j\u00f3l teljes\u00edt\u0151 kever\u00e9k. J\u00f3l illeszkedik a f\u00fcves kever\u00e9kek mell\u00e9, jelent\u0151sen n\u00f6velve a takarm\u00e1ny \u00e9rt\u00e9k\u00e9t.<strong>AKG<\/strong> \u00e9s <strong>Z\u00d6LD\u00cdT\u00c9S<\/strong> programban alkalmazhat\u00f3, valamint megfelel a sz\u00e1lasfeh\u00e9rjen\u00f6v\u00e9ny el\u0151\u00edr\u00e1sainak<\/strong><\/td><td class=\"column-2\">70%  Medicago sativa\/Lucerna, 15%  Trifolium pratense\/V\u00f6r\u00f6s here, 5%  Trifolium repens\/Feh\u00e9r here, 10%  Trifolium incarnatum\/B\u00edborhere<\/td><td class=\"column-3\">25<\/td><td class=\"column-4\">Gy\u0151r-Moson Sopron<\/td><td class=\"column-5\">2638 Ft<\/td>\n<\/tr>\n<tr class=\"row-55\">\n\t<td class=\"column-1\">Somk\u00f3r\u00f3 (feh\u00e9r) <\/td><td class=\"column-2\">Kereskedelmi, f\u00e9mz\u00e1rolt<\/td><td class=\"column-3\">25<\/td><td class=\"column-4\">Pest<\/td><td class=\"column-5\">2118 Ft<\/td>\n<\/tr>\n<tr class=\"row-56\">\n\t<td class=\"column-1\">S<\/td><td class=\"column-2\">Kereskedelmi, f\u00e9mz\u00e1rolt<\/td><td class=\"column-3\">25<\/td><td class=\"column-4\">Gy\u0151r-Moson-Sopron<\/td><td class=\"column-5\">1448 Ft<\/td>\n<\/tr>\n<tr class=\"row-57\">\n\t<td class=\"column-1\">Sv\u00e9d here (korcs here)<\/td><td class=\"column-2\">Constellation<\/td><td class=\"column-3\">25<\/td><td class=\"column-4\">Gy\u0151r-Moson-Sopron<\/td><td class=\"column-5\">2759 Ft<\/td>\n<\/tr>\n<tr class=\"row-58\">\n\t<td class=\"column-1\">Szarvaskerep<\/td><td class=\"column-2\">Baco<\/td><td class=\"column-3\">5<\/td><td class=\"column-4\">Pest<\/td><td class=\"column-5\">5351 Ft<\/td>\n<\/tr>\n<tr class=\"row-59\">\n\t<td class=\"column-1\">Szarvaskerep<\/td><td class=\"column-2\">Fabio<\/td><td class=\"column-3\">25<\/td><td class=\"column-4\">Gy\u0151r-Moson-Sopron<\/td><td class=\"column-5\">5460 Ft<\/td>\n<\/tr>\n<tr class=\"row-60\">\n\t<td class=\"column-1\">Szegletes lednek<\/td><td class=\"column-2\">\u00c9va<\/td><td class=\"column-3\">25\/1000<\/td><td class=\"column-4\">B\u00e9k\u00e9s<\/td><td class=\"column-5\">529 Ft<\/td>\n<\/tr>\n<tr class=\"row-61\">\n\t<td class=\"column-1\">Szegletes lednek<\/td><td class=\"column-2\">Kismagv\u00fa<\/td><td class=\"column-3\">25\/1000<\/td><td class=\"column-4\">J\u00e1sz-Nagykun-Szolnok<\/td><td class=\"column-5\">675 Ft<\/td>\n<\/tr>\n<tr class=\"row-62\">\n\t<td class=\"column-1\">Sz\u00f6sz\u00f6s b\u00fckk\u00f6ny<\/td><td class=\"column-2\">Hungvillosa<\/td><td class=\"column-3\">25\/1000<\/td><td class=\"column-4\">J\u00e1sz-Nagykun-Szolnok<\/td><td class=\"column-5\">980 Ft<\/td>\n<\/tr>\n<tr class=\"row-63\">\n\t<td class=\"column-1\">Sz\u00f6sz\u00f6s b\u00fckk\u00f6ny<\/td><td class=\"column-2\">Hungvillosa<\/td><td class=\"column-3\">25<\/td><td class=\"column-4\">Gy\u0151r-Moson-Sopron<\/td><td class=\"column-5\">828 Ft<\/td>\n<\/tr>\n<tr class=\"row-64\">\n\t<td class=\"column-1\">Sz\u00f6sz\u00f6s b\u00fckk\u00f6ny<\/td><td class=\"column-2\">Hungvillosa, elit vet\u0151mag<\/td><td class=\"column-3\">1000<\/td><td class=\"column-4\">Szabolcs-Szatm\u00e1r-Bereg<\/td><td class=\"column-5\">1667 Ft<\/td>\n<\/tr>\n<tr class=\"row-65\">\n\t<td class=\"column-1\">pannonb\u00fckk\u00f6ny<\/td><td class=\"column-2\">kereskedelmi f\u00e9mz\u00e1rolt<\/td><td class=\"column-3\">25<\/td><td class=\"column-4\">Pest<\/td><td class=\"column-5\">611 Ft<\/td>\n<\/tr>\n<tr class=\"row-66\">\n\t<td class=\"column-1\">Sz\u00f6sz\u00f6s b\u00fckk\u00f6ny<\/td><td class=\"column-2\">Latigo<\/td><td class=\"column-3\">25<\/td><td class=\"column-4\">Pest<\/td><td class=\"column-5\">882 Ft<\/td>\n<\/tr>\n<tr class=\"row-67\">\n\t<td class=\"column-1\">Tavaszi b\u00fckk\u00f6ny<\/td><td class=\"column-2\">Emma<\/td><td class=\"column-3\">40\/1000<\/td><td class=\"column-4\">Gy\u0151r-Moson-Sopron<\/td><td class=\"column-5\">598 Ft<\/td>\n<\/tr>\n<tr class=\"row-68\">\n\t<td class=\"column-1\">Tavaszi b\u00fckk\u00f6ny<\/td><td class=\"column-2\">Hanka<\/td><td class=\"column-3\">25<\/td><td class=\"column-4\">Gy\u0151r-Moson-Sopron<\/td><td class=\"column-5\">770 Ft<\/td>\n<\/tr>\n<tr class=\"row-69\">\n\t<td class=\"column-1\">Tavaszi b\u00fckk\u00f6ny<\/td><td class=\"column-2\">Jaga<\/td><td class=\"column-3\">25<\/td><td class=\"column-4\">Pest<\/td><td class=\"column-5\">736 Ft<\/td>\n<\/tr>\n<tr class=\"row-70\">\n\t<td class=\"column-1\">Tavaszi b\u00fckk\u00f6ny<\/td><td class=\"column-2\">Novi Beograd<\/td><td class=\"column-3\">25\/1000<\/td><td class=\"column-4\">J\u00e1sz-Nagykun-Szolnok<\/td><td class=\"column-5\">1000 Ft<\/td>\n<\/tr>\n<tr class=\"row-71\">\n\t<td class=\"column-1\">Tavaszi takarm\u00e1nybors\u00f3<\/td><td class=\"column-2\">Arvika<\/td><td class=\"column-3\">25<\/td><td class=\"column-4\">Gy\u0151r-Moson-Sopron<\/td><td class=\"column-5\">402 Ft<\/td>\n<\/tr>\n<tr class=\"row-72\">\n\t<td class=\"column-1\">Terpedt here \/Trifolium squarrosum<\/td><td class=\"column-2\">kereskedelmi f\u00e9mz\u00e1rolt<\/td><td class=\"column-3\">25<\/td><td class=\"column-4\">Gy\u0151r-Moson-Sopron<\/td><td class=\"column-5\">1195 Ft<\/td>\n<\/tr>\n<tr class=\"row-73\">\n\t<td class=\"column-1\">V\u00f6r\u00f6shere<\/td><td class=\"column-2\">Respect<\/td><td class=\"column-3\">5\/25<\/td><td class=\"column-4\">Pest<\/td><td class=\"column-5\">3201 Ft<\/td>\n<\/tr>\n<tr class=\"row-74\">\n\t<td class=\"column-1\">V\u00f6r\u00f6shere<\/td><td class=\"column-2\">Rozeta<\/td><td class=\"column-3\">25<\/td><td class=\"column-4\">Gy\u0151r-Moson-Sopron<\/td><td class=\"column-5\">2874 Ft<\/td>\n<\/tr>\n<tr class=\"row-75\">\n\t<td class=\"column-1\">V\u00f6r\u00f6shere<\/td><td class=\"column-2\">Rozeta<\/td><td class=\"column-3\">25<\/td><td class=\"column-4\">Gy\u0151r-Moson-Sopron<\/td><td class=\"column-5\">3207 Ft<\/td>\n<\/tr>\n<tr class=\"row-76\">\n\t<td class=\"column-1\">V\u00f6r\u00f6shere<\/td><td class=\"column-2\">Salino, Aiace<\/td><td class=\"column-3\">1<\/td><td class=\"column-4\">Pest<\/td><td class=\"column-5\">3374 Ft<\/td>\n<\/tr>\n<tr class=\"row-77\">\n\t<td class=\"column-1\">Z\u00f6ld\u00edt\u0151 kever\u00e9k Nitrog\u00e9n bomba<\/td><td class=\"column-2\">20% szegletes lednek, 80% feh\u00e9r csillagf\u00fcrt<\/td><td class=\"column-3\">25\/1000<\/td><td class=\"column-4\">J\u00e1sz-Nagykun-Szolnok<\/td><td class=\"column-5\">565 Ft<\/td>\n<\/tr>\n<tr class=\"row-78\">\n\t<td class=\"column-1\">Z\u00f6ld\u00edt\u0151 kever\u00e9k Nitrog\u00e9n bomba PRO<\/td><td class=\"column-2\">60% szegletes lednek, 40% feh\u00e9r csillagf\u00fcrt<\/td><td class=\"column-3\">25\/1000<\/td><td class=\"column-4\">J\u00e1sz-Nagykun-Szolnok<\/td><td class=\"column-5\">559 Ft<\/td>\n<\/tr>\n<tr class=\"row-79\">\n\t<td class=\"column-1\">Z\u00f6ldtr\u00e1gya kever\u00e9k \/ Nitrog\u00e9n fix<\/td><td class=\"column-2\">70% l\u00f3bab, 30% csillagf\u00fcrt<\/td><td class=\"column-3\">25\/1000<\/td><td class=\"column-4\">J\u00e1sz-Nagykun-Szolnok<\/td><td class=\"column-5\">512 Ft<\/td>\n<\/tr>\n<\/tbody>\n<\/table>\n<!-- #tablepress-106 from cache --><\/p>\n<p><a href=\"https:\/\/magvas.hu\/index.php\/nyari-vetomagok\/\" target=\"_blank\" rel=\"noopener\">Tov\u00e1bbi ny\u00e1ri vet\u0151magokat itt tal\u00e1l!<\/a><\/p>\n<\/div>\n<\/article>\n\n\n<p><\/p>\n","protected":false},"excerpt":{"rendered":"<p>Tov\u00e1bbi ny\u00e1ri vet\u0151magokat itt tal\u00e1l!<\/p>\n","protected":false},"author":2,"featured_media":0,"parent":141,"menu_order":0,"comment_status":"closed","ping_status":"closed","template":"","meta":{"footnotes":""},"class_list":["post-1489","page","type-page","status-publish","hentry"],"post_mailing_queue_ids":[],"_links":{"self":[{"href":"https:\/\/magvas.hu\/index.php\/wp-json\/wp\/v2\/pages\/1489","targetHints":{"allow":["GET"]}}],"collection":[{"href":"https:\/\/magvas.hu\/index.php\/wp-json\/wp\/v2\/pages"}],"about":[{"href":"https:\/\/magvas.hu\/index.php\/wp-json\/wp\/v2\/types\/page"}],"author":[{"embeddable":true,"href":"https:\/\/magvas.hu\/index.php\/wp-json\/wp\/v2\/users\/2"}],"replies":[{"embeddable":true,"href":"https:\/\/magvas.hu\/index.php\/wp-json\/wp\/v2\/comments?post=1489"}],"version-history":[{"count":7,"href":"https:\/\/magvas.hu\/index.php\/wp-json\/wp\/v2\/pages\/1489\/revisions"}],"predecessor-version":[{"id":4146,"href":"https:\/\/magvas.hu\/index.php\/wp-json\/wp\/v2\/pages\/1489\/revisions\/4146"}],"up":[{"embeddable":true,"href":"https:\/\/magvas.hu\/index.php\/wp-json\/wp\/v2\/pages\/141"}],"wp:attachment":[{"href":"https:\/\/magvas.hu\/index.php\/wp-json\/wp\/v2\/media?parent=1489"}],"curies":[{"name":"wp","href":"https:\/\/api.w.org\/{rel}","templated":true}]}}