{"id":1275,"date":"2016-03-10T10:42:53","date_gmt":"2016-03-10T10:42:53","guid":{"rendered":"http:\/\/www.magvas.hu\/?page_id=1275"},"modified":"2021-05-18T16:06:37","modified_gmt":"2021-05-18T16:06:37","slug":"egyeves-pillangosok-szakmai-informaciok","status":"publish","type":"page","link":"https:\/\/magvas.hu\/index.php\/tavaszi-vetomagok\/pillangosok\/egyeves-pillangosok\/egyeves-pillangosok-szakmai-informaciok\/","title":{"rendered":"Egy\u00e9ves pillang\u00f3sok &#8211; szakmai inform\u00e1ci\u00f3k"},"content":{"rendered":"<p><strong>ALEXANDRIAI HERE<\/strong><\/p>\n<p>A pillang\u00f3sokhoz tartoz\u00f3 egy\u00e9ves n\u00f6v\u00e9ny. Fejl\u0151d\u00e9s\u00e9hez meleget \u00e9s nedvess\u00e9get ig\u00e9nyel. Ilyen helyen tavasszal vetve 4\u20145 \u00edzben kasz\u00e1lhat\u00f3. N\u00e1lunk csak kedvez\u0151 fekv\u00e9sben, \u00f6nt\u00f6z\u00e9ssel \u00e9rdemes termeszteni, esetleg kor\u00e1n leker\u00fcl\u0151 \u00e1rpa ut\u00e1n m\u00e1sodn\u00f6v\u00e9nynek. Ilyenkor 1\u20142 n\u00f6ved\u00e9kre lehet sz\u00e1m\u00edtani. Agrotechnik\u00e1ja a v\u00f6r\u00f6s her\u00e9\u00e9hez hasonl\u00f3; azzal nagyj\u00e1b\u00f3l azonos \u00e9rt\u00e9k\u0171 takarm\u00e1nyt is ad.<\/p>\n<p>F\u0151 vagy m\u00e1sodvet\u00e9sben sz\u00e9naterm\u00e9s\u00e9\u00e9rt termesztik.<\/p>\n<p>A tavaszi fagyokra \u00e9rz\u00e9keny.<\/p>\n<p>Vet\u00e9si id\u0151: III.25.-IV.31. VIII.10.-VIII.31.<\/p>\n<p>Vet\u0151magsz\u00fcks\u00e9glet: Kever\u00e9kekben alkalmazzuk.<\/p>\n<p>&nbsp;<\/p>\n<p><strong>B\u00cdBORHERE<\/strong><\/p>\n<p>Egy\u00e9ves, \u00e1ttelel\u0151, r\u00f6vid teny\u00e9szidej\u0171 pillang\u00f3svir\u00e1g\u00fa n\u00f6v\u00e9ny.<\/p>\n<p>Melegig\u00e9nyes n\u00f6v\u00e9ny, a tart\u00f3s hideget nem b\u00edrja Csapad\u00e9kig\u00e9nyes, ez\u00e9rt els\u0151sorban a Dun\u00e1nt\u00falon sikeres a termeszt\u00e9se.<\/p>\n<p>A semleges (7 pH k\u00f6r\u00fcli) gyenge-k\u00f6zepes term\u0151k\u00e9pess\u00e9g\u0171 talajok n\u00f6v\u00e9nye.<\/p>\n<p>Vet\u00e9sid\u0151: IIII. 15-30. \u00e9s VIII. 20-30.<\/p>\n<p>Sort\u00e1vols\u00e1g: gabonasort\u00e1v, vet\u00e9sm\u00e9lys\u00e9g: 1-2,5 cm, vetend\u0151 cs\u00edrasz\u00e1m: 500 -900 db\/m\u00b2 vet\u0151magmennyis\u00e9g: 10-15 kg\/ha<\/p>\n<p>Ezermagt\u00f6meg: 3,4-4,0 g<\/p>\n<p>Az \u0151sszel vetett b\u00edborhere \u00e1ltal\u00e1ban j\u00fanius 2-3 dek\u00e1dj\u00e1ban arathat\u00f3. Erre akkor ker\u00fclhet sor, amikor a f\u0151hajt\u00e1son a h\u00fcvelyek k\u00e9zzel k\u00f6nnyen lev\u00e1laszthat\u00f3k, a vir\u00e1gzat k\u00f6z\u00e9ps\u0151 harmad\u00e1ban is \u00e9rettek a magok.<\/p>\n<p>Term\u00e9se: 12-17 t\/ha z\u00f6ld. Magterm\u00e9se a pillang\u00f3svir\u00e1g\u00faak k\u00f6z\u00f6tt kiemelked\u0151en j\u00f3, el\u00e9rheti a 0,5-0,7 t\/ha-t is.<\/p>\n<p>&nbsp;<\/p>\n<p><strong>NELLY<\/strong><\/p>\n<p>Elismer\u00e9s\u00e9nek \u00e9ve: 1985<\/p>\n<p>(Debreceni Egyetem)<\/p>\n<p>Finom jelleg\u0171, el\u00e1gaz\u00f3 sz\u00e1r\u00fa 70-100 cm magas (el\u0151fordulnak magasabb, kiugr\u00f3 egyedek).<\/p>\n<p>A vir\u00e1gok sz\u00edne k\u00e9kesfeh\u00e9r. Az id\u0151j\u00e1r\u00e1st\u00f3l \u00e9s a termeszt\u00e9s k\u00f6r\u00fclm\u00e9nyeit\u0151l f\u00fcgg\u0151en a m\u00e1sod- illetve harmadrend\u0171 oldalhajt\u00e1sokon is hozhat term\u00e9st. A mag ezermagt\u00f6mege: 280-340 g, nyersfeh\u00e9rje-tartalma: 34-36 %, \u00f6sszalkaloid-tartalma: 0,1 % alatti.<\/p>\n<p>Kett\u0151s hasznos\u00edt\u00e1s\u00fa fajta. Nagy feh\u00e9rjetartalm\u00fa abrak- illetve z\u00f6ldtakarm\u00e1nyn\u00f6v\u00e9ny.<\/p>\n<p>Els\u0151dlegesen a savany\u00fa talaj\u00fa, kedvez\u0151tlen adotts\u00e1g\u00fa agro\u00f6kol\u00f3giai k\u00f6rzetek n\u00f6v\u00e9nye, ahol m\u00e1s nagymagv\u00fa h\u00fcvelyes termeszt\u00e9s\u00e9t a k\u00f6rnyezeti adotts\u00e1gok nem teszik lehet\u0151v\u00e9.<\/p>\n<p>A barna lev\u00e9l- \u00e9s h\u00fcvelyfoltoss\u00e1gra kiss\u00e9 \u00e9rz\u00e9keny. G\u00e9pi betakar\u00edt\u00e1sra kiv\u00e1l\u00f3an alkalmas. Kiv\u00e1l\u00f3 el\u0151vetem\u00e9ny, n\u00f6v\u00e9nyi sorrendbe, vet\u00e9sforg\u00f3ba k\u00f6nnyen beilleszthet\u0151. Hekt\u00e1ronk\u00e9nti l\u00e9gk\u00f6ri N gy\u0171jt\u00e9se 120-180 kg.<\/p>\n<p>Teny\u00e9szideje: 130-150 nap. Potenci\u00e1lis term\u0151k\u00e9pess\u00e9ge: 4-5 t\/ha mag, illetve 30-40 t\/ha z\u00f6ldt\u00f6meg.<\/p>\n<p>A savany\u00fa k\u00e9mhat\u00e1s\u00fa talajok n\u00f6v\u00e9nye, az 1-2 %-n\u00e1l magasabb m\u00e9sztartalom m\u00e1r klor\u00f3zist okoz.<\/p>\n<p>Optim\u00e1lis vet\u00e9sideje; magra kor\u00e1n a kitavaszod\u00e1st\u00f3l f\u00fcgg\u0151en m\u00e1rcius-\u00e1prilis els\u0151 hete, z\u00f6ldt\u00f6megre \u00e1prilis m\u00e1sodik fel\u00e9t\u0151l m\u00e1jus 10., m\u00e1sodvet\u00e9s j\u00falius 10. \u00e9s augusztus 20. k\u00f6z\u00f6tt. Javasolt cs\u00edrasz\u00e1m: magra 450-500 ezer db\/ha 24-36 cm-es sort\u00e1vols\u00e1gra, z\u00f6ldt\u00f6megre 600-700 ezer db\/ha 12 cm-es sort\u00e1vols\u00e1gra. Vet\u00e9sm\u00e9lys\u00e9g: 2-3 cm-n\u00e9l ne legyen t\u00f6bb k\u00fcl\u00f6n\u00f6sen k\u00f6t\u00f6ttebb talajon. Vegyszeres gyomirt\u00e1ssal a termeszt\u00e9s teljesen g\u00e9pes\u00edthet\u0151.<\/p>\n<p>&nbsp;<\/p>\n<p><strong>KOML\u00d3S LUCERNA<\/strong><\/p>\n<p>(Medicago lupulina)<\/p>\n<p>Ig\u00e9nytelen, egy, esetleg k\u00e9t \u00e9vig \u00e9l\u0151, bokros n\u00f6v\u00e9s\u0171 pillang\u00f3s n\u00f6v\u00e9ny. Legel\u0151k l\u00e9tes\u00edt\u00e9sekor jelent\u0151s\u00e9ge lehet, mert j\u00f3 takarm\u00e1ny\u00e9rt\u00e9ke mellett j\u00f3l b\u00edrja a r\u00e1g\u00e1st \u00e9s a tapos\u00e1st is. El\u0151fordul\u00e1s\u00e1nak felt\u00e9tele, hogy a talaj m\u00e9szben gazdag legyen. A sz\u00e1raz fekv\u00e9s\u0171, er\u00f3zi\u00f3 \u00e1ltal k\u00e1ros\u00edtott \u00e9s lemosott talaj\u00fa gyepekben is megtal\u00e1lhat\u00f3, m\u00e9gpedig a laz\u00e1bb \u00e9s a k\u00f6t\u00f6ttebb talajokon egyar\u00e1nt. A talajer\u00f3zi\u00f3 elleni k\u00fczdelemben a jelent\u0151s\u00e9ge kisebb, mert csak 1-2 \u00e9ves n\u00f6v\u00e9ny, ez\u00e9rt els\u0151sorban csak mint t\u00f6lt\u0151f\u0171 j\u00f6n sz\u00e1m\u00edt\u00e1sba, de t\u00e1rsn\u00f6v\u00e9nyeivel egy\u00fctt v\u00e9di a talajt.<\/p>\n<p>Vet\u00e9si id\u0151: III.10.-IV.15., VIII.15.-VIII.31.<\/p>\n<p>&nbsp;<\/p>\n<p><strong>PERZSA HERE (fon\u00e1k here)<\/strong><\/p>\n<p>Egy\u00e9ves, k\u00e9tszer kasz\u00e1lhat\u00f3. \u00dcde term\u0151helyek r\u00f6vid teny\u00e9szidej\u0171 n\u00f6v\u00e9nye.<\/p>\n<p>Kal\u00e1szosok ut\u00e1n vess\u00fck el, lehet\u0151leg k\u00f6z\u00e9pk\u00f6t\u00f6tt talajokon. Fejl\u0151d\u00e9se igen gyors. Az al\u00e1sz\u00e1nt\u00e1s ideje okt\u00f3ber els\u0151 dek\u00e1dja.<\/p>\n<p>Tarl\u00f3vet\u00e9sre, k\u00f6z\u00e9pk\u00f6t\u00f6tt term\u0151helyre javasolt, de a sz\u00e9ls\u0151s\u00e9ges (agyagos) talajokat is b\u00edrja. Tiszt\u00e1n, vagy r\u00f6vid teny\u00e9szidej\u0171 perj\u00e9kkel kever\u00e9kben vetik. Gyors fejl\u0151d\u00e9s\u0171, 20 tonna hozamra k\u00e9pes.<\/p>\n<p>A pang\u00f3 vizet nem b\u00edrja, \u00e9s a meszes talajt megh\u00e1l\u00e1lja.<\/p>\n<p>Z\u00f6ldterm\u00e9se 10-15 tonna k\u00f6z\u00f6tt mozog. A betakar\u00edt\u00e1si ideje okt\u00f3ber elej\u00e9t\u0151l.<\/p>\n<p>Dun\u00e1nt\u00falon, \u00c9szak-Magyarorsz\u00e1gon terem meg, fagy\u00e9rz\u00e9keny, \u00a0csapad\u00e9kig\u00e9nyes. Gyorsan sarjad.<\/p>\n<p>Vet\u00e9sideje: \u00e1prilis 10-30. k\u00f6z\u00f6tt \u00e9s j\u00falius 20-30. k\u00f6z\u00f6tt, 8milli\u00f3 cs\u00edra\/ha norm\u00e1val, gabona-sort\u00e1vra, 1-2 cm m\u00e9lyre. Vet\u0151magsz\u00fcks\u00e9glet: Tiszt\u00e1n: 8-10 kg\/ha, vagy kever\u00e9kben.<\/p>\n<p>Ezermagt\u00f6mege: 0,7-1 g<\/p>\n<p>&nbsp;<\/p>\n<h4>Tavaszi b\u00fckk\u00f6ny (Vicia sativa L.)<\/h4>\n<p>Nagy t\u00f6meg\u0171 z\u00f6ldtakarm\u00e1nyt ad\u00f3 n\u00f6v\u00e9ny\u00fcnk. A talaj ir\u00e1nt nem ig\u00e9nyes, de a t\u00e1panyaggal k\u00f6zepesen ell\u00e1tott, k\u00f6z\u00e9pk\u00f6t\u00f6tt, j\u00f3 v\u00edzgazd\u00e1lkod\u00e1s\u00fa talajokat kedveli. A sz\u00e1razs\u00e1got rosszul viseli. Els\u0151sorban az Alf\u00f6ld\u00f6n termeszthet\u0151 sikerrel. K\u00e9pes megk\u00f6tni a leveg\u0151 nitrog\u00e9nj\u00e9t. Teny\u00e9szideje 14-18 h\u00e9t. \u00c1ltal\u00e1ban zabbal vagy tavaszi \u00e1rp\u00e1val vethet\u0151 egy\u00fctt.<\/p>\n<p>Vet\u00e9sid\u0151: m\u00e1rciust\u00f3l<\/p>\n<p>Vet\u00e9se: 4-5 centim\u00e9ter m\u00e9lyre vettj\u00fck, 12 centim\u00e9teres sort\u00e1vra.<\/p>\n<p>Vet\u0151magmennyis\u00e9g: 1300-1500 g \/ 100 m2, amelyb\u0151l a b\u00fckk\u00f6ny 60-80 %. Gyeng\u00e9bb talajon, sz\u00e1razabb viszonyok k\u00f6z\u00f6tt a b\u00fckk\u00f6ny ar\u00e1nya enn\u00e9l nagyobb legyen.<\/p>\n<p>Betakar\u00edt\u00e1sa: amikor a h\u00fcvelyek 85 %-a m\u00e1r \u00e9rett. Az \u00e1rvakel\u00e9s a juhok legel\u0151je lehet.<\/p>\n<p>&nbsp;<\/p>\n<p><strong>BETA 11 <\/strong><\/p>\n<p>(Mosonmagyar\u00f3v\u00e1r)<\/p>\n<p>Nagy z\u00f6ldt\u00f6meget ad\u00f3, k\u00f6zepesen magas, k\u00f6zepesen bokrosod\u00f3, d\u00fas lev\u00e9lzet\u0171, k\u00f6z\u00e9pkorai \u00e9r\u00e9s\u0171 fajta.<\/p>\n<p>&nbsp;<\/p>\n<p><strong>EMMA<\/strong><\/p>\n<p>Elismer\u00e9s\u00e9nek \u00e9ve\u00a0\u00a0\u00a0\u00a0\u00a0\u00a0\u00a0\u00a0 2005<\/p>\n<p>(Debreceni Egyetem)<\/p>\n<p>A n\u00f6v\u00e9ny magass\u00e1ga kasz\u00e1l\u00e1skor, teljes vir\u00e1gz\u00e1sban 85-110 cm. Csapad\u00e9kos \u00e9vj\u00e1ratokban 140-150 cm-re is megn\u0151. Teny\u00e9szideje 90-105 nap. A cs\u00edran\u00f6v\u00e9ny \u00e9s a sz\u00e1r antoci\u00e1nos sz\u00ednez\u0151d\u00e9se gyenge. A vir\u00e1gok feh\u00e9rek. A h\u00fcvelyek k\u00f6zepesen hossz\u00faak, k\u00f6zepesen sz\u00e9lesek, sz\u0151r\u00f6z\u00f6tts\u00e9g\u00fck gyenge-k\u00f6zepes. A mag nagys\u00e1ga k\u00f6zepes. Ezermagt\u00f6mege \u00e9vj\u00e1ratt\u00f3l f\u00fcgg\u0151en 45-55 g. A magvak alakja n\u00e9gysz\u00f6gletes \u00e9s kiss\u00e9 lap\u00edtott. A magh\u00e9j alapsz\u00edne sz\u00fcrk\u00e9sz\u00f6ld, a barna d\u00edsz\u00edtetts\u00e9g kiterjed\u00e9se nagy. A sziklevelek sz\u00edne sz\u00fcrk\u00e9sbarna. A magvak sz\u00edn\u00e9nek \u00f6sszhat\u00e1sa sz\u00fcrk\u00e9sbarna.<\/p>\n<p>Z\u00f6ldtakarm\u00e1ny \u00e9s abraktakarm\u00e1ny c\u00e9lra egyar\u00e1nt alkalmas. Az eddigi ny\u00fal- \u00e9s egy\u00e9b vadk\u00e1rok tapasztalata \u00e9s az antinutrit\u00edv anyagok laborat\u00f3riumi \u00e9rt\u00e9kei alapj\u00e1n kiemelten aj\u00e1nljuk z\u00f6ldtakarm\u00e1nynak (szarvasmarh\u00e1k, juhok, nyulak). Magja a galambok kedvelt eledele!<\/p>\n<p>Potenci\u00e1lis z\u00f6ldhozama 40 t\/ha. Sz\u00e9naterm\u00e9se 10 t\/ha. Magterm\u0151k\u00e9pess\u00e9ge j\u00f3: 2,5-3,5 t\/ha, zab t\u00e1maszt\u00f3n\u00f6v\u00e9nnyel vetve 2 t\/ha. Beltartalmi \u00e9rt\u00e9ke kiv\u00e1l\u00f3: 82,2 % sz\u00e1razanyag-tartalm\u00fa magja 32 % nyersfeh\u00e9rj\u00e9t tartalmaz. A 85 % sz\u00e1raz-anyagtartalm\u00fa sz\u00e9n\u00e1ja 17 % nyersfeh\u00e9rj\u00e9t tartalmaz.<\/p>\n<p>&nbsp;<\/p>\n<p><strong>JOS\u00c9<\/strong><\/p>\n<p>(olasz, EU 1988)<\/p>\n<p>Nagy t\u00f6meg\u0171 z\u00f6ldtakarm\u00e1nyt ad\u00f3 n\u00f6v\u00e9ny. A talaj ir\u00e1nt nem ig\u00e9nyes, de a t\u00e1panyaggal k\u00f6zepesen ell\u00e1tott, k\u00f6z\u00e9pk\u00f6t\u00f6tt, j\u00f3 v\u00edzgazd\u00e1lkod\u00e1s\u00fa talajokat kedveli.<br \/>\nA sz\u00e1razs\u00e1got rosszul viseli. Els\u0151sorban az Alf\u00f6ld\u00f6n termeszthet\u0151 sikerrel.<\/p>\n<p>Teny\u00e9szideje 14-18 h\u00e9t. \u00c1ltal\u00e1ban zabbal vagy tavaszi \u00e1rp\u00e1val vethet\u0151 egy\u00fctt.<\/p>\n<p><a href=\"https:\/\/magvas.hu\/index.php\/tavaszi-vetomagok\/pillangosok\/egyeves-pillangosok\/\" target=\"_blank\">Egy\u00e9ves pillang\u00f3s vet\u0151magk\u00edn\u00e1latunkat ide kattintva tal\u00e1lja!<\/a><\/p>\n","protected":false},"excerpt":{"rendered":"<p>ALEXANDRIAI HERE A pillang\u00f3sokhoz tartoz\u00f3 egy\u00e9ves n\u00f6v\u00e9ny. Fejl\u0151d\u00e9s\u00e9hez meleget \u00e9s nedvess\u00e9get ig\u00e9nyel. Ilyen helyen tavasszal vetve 4\u20145 \u00edzben kasz\u00e1lhat\u00f3. N\u00e1lunk csak kedvez\u0151 fekv\u00e9sben, \u00f6nt\u00f6z\u00e9ssel \u00e9rdemes termeszteni, esetleg kor\u00e1n leker\u00fcl\u0151 \u00e1rpa ut\u00e1n m\u00e1sodn\u00f6v\u00e9nynek. Ilyenkor 1\u20142 n\u00f6ved\u00e9kre lehet sz\u00e1m\u00edtani. Agrotechnik\u00e1ja a v\u00f6r\u00f6s<\/p>\n","protected":false},"author":2,"featured_media":0,"parent":391,"menu_order":0,"comment_status":"closed","ping_status":"closed","template":"","meta":{"footnotes":""},"class_list":["post-1275","page","type-page","status-publish","hentry"],"post_mailing_queue_ids":[],"_links":{"self":[{"href":"https:\/\/magvas.hu\/index.php\/wp-json\/wp\/v2\/pages\/1275","targetHints":{"allow":["GET"]}}],"collection":[{"href":"https:\/\/magvas.hu\/index.php\/wp-json\/wp\/v2\/pages"}],"about":[{"href":"https:\/\/magvas.hu\/index.php\/wp-json\/wp\/v2\/types\/page"}],"author":[{"embeddable":true,"href":"https:\/\/magvas.hu\/index.php\/wp-json\/wp\/v2\/users\/2"}],"replies":[{"embeddable":true,"href":"https:\/\/magvas.hu\/index.php\/wp-json\/wp\/v2\/comments?post=1275"}],"version-history":[{"count":2,"href":"https:\/\/magvas.hu\/index.php\/wp-json\/wp\/v2\/pages\/1275\/revisions"}],"predecessor-version":[{"id":3947,"href":"https:\/\/magvas.hu\/index.php\/wp-json\/wp\/v2\/pages\/1275\/revisions\/3947"}],"up":[{"embeddable":true,"href":"https:\/\/magvas.hu\/index.php\/wp-json\/wp\/v2\/pages\/391"}],"wp:attachment":[{"href":"https:\/\/magvas.hu\/index.php\/wp-json\/wp\/v2\/media?parent=1275"}],"curies":[{"name":"wp","href":"https:\/\/api.w.org\/{rel}","templated":true}]}}