{"id":1193,"date":"2016-03-02T11:24:23","date_gmt":"2016-03-02T11:24:23","guid":{"rendered":"http:\/\/www.magvas.hu\/?page_id=1193"},"modified":"2021-05-18T15:51:24","modified_gmt":"2021-05-18T15:51:24","slug":"szemes-cirok-szakmai-informaciok","status":"publish","type":"page","link":"https:\/\/magvas.hu\/index.php\/tavaszi-vetomagok\/egyeb-szemes-takarmanyok\/szemes-cirok\/szemes-cirok-szakmai-informaciok\/","title":{"rendered":"Szemes cirok &#8211; szakmai inform\u00e1ci\u00f3k"},"content":{"rendered":"<h4><span style=\"color: #993300;\">SZEMES CIROK FAJT\u00c1K<\/span><\/h4>\n<p><strong>ALBITA<\/strong><\/p>\n<p>(2001. Karcag)<\/p>\n<p>K\u00f6z\u00e9pk\u00e9s\u0151i \u00e9r\u00e9s\u0171 k\u00e9tvonalas hibrid<\/p>\n<p>N\u00f6v\u00e9nymagass\u00e1ga 120-150, cm. Bug\u00e1ja k\u00f6zepesen t\u00f6m\u00f6tt, a szemterm\u00e9s sz\u00edne feh\u00e9r. Ezerszem-t\u00f6mege 30-35 g.<\/p>\n<p>Tannintartalma igen alacsony, takarm\u00e1ny\u00e9rt\u00e9ke kiv\u00e1l\u00f3. Jobb min\u0151s\u00e9g\u0171 talajokon megfelel\u0151 t\u00e1p-anyagell\u00e1t\u00e1s mellett rekord hozamra, 8-10 t\/ha szemterm\u00e9sre k\u00e9pes. A term\u00e9s szeptember v\u00e9g\u00e9n takar\u00edthat\u00f3 be, szinte minden esetben sz\u00e1r\u00edtani kell. Sert\u00e9s- \u00e9s baromfitakarm\u00e1nyokban, valamint mad\u00e1reles\u00e9g-kever\u00e9kben haszn\u00e1lhat\u00f3 fel.<\/p>\n<p>&nbsp;<\/p>\n<p><strong>ALF\u00d6LDI 1<\/strong><\/p>\n<p>K\u00f6z\u00e9pkorai \u00e9r\u00e9s\u0171 k\u00e9tvonalas hibrid<\/p>\n<p>(1987. Gabonakutat\u00f3 Kft.)<\/p>\n<p>Els\u0151sorban a j\u00f3- \u00e9s k\u00f6zepes talajadotts\u00e1g\u00fa ter\u00fcletekre aj\u00e1nlj\u00e1k. Kiv\u00e1l\u00f3 sz\u00e1razs\u00e1gt\u0171r\u0151 k\u00e9pess\u00e9g\u0171. Talajig\u00e9nye a kukoric\u00e1\u00e9val azonos, de gyeng\u00e9bb talajokon is j\u00f6vedelmez\u0151en termeszthet\u0151.<\/p>\n<p>120-140 cm magas, kiegyenl\u00edtett \u00e1llom\u00e1ny\u00fa, g\u00e9pi betakar\u00edt\u00e1sra alkalmas hibrid.<\/p>\n<p>Robosztus habitus\u00fa, k\u00f6zepesen vastag sz\u00e1r\u00fa hibrid, levelei sz\u00e9lesek, a v\u00e9g\u00e9n lefel\u00e9 hajl\u00f3k. Nagy, t\u00f6m\u00f6r bug\u00e1i vannak, amelyek hossza 18-20 cm, sz\u00e9less\u00e9ge 8-10 cm. Optim\u00e1lis t\u0151sz\u00e1m eset\u00e9n bokrosod\u00e1sra kev\u00e9sb\u00e9 hajlamos (de a nagyfok\u00fa t\u0151sz\u00e1m-hi\u00e1ny hat\u00e1s\u00e1ra jelent\u0151s m\u00e9rt\u00e9kben fattya-sodik).<\/p>\n<p>A szemterm\u00e9s v\u00f6r\u00f6sesbarna sz\u00edn\u0171, a pelyvalev\u00e9l csak minim\u00e1lis m\u00e9rt\u00e9kben fedi, ezerszem-t\u00f6mege: 26-30 g. Genetikai term\u0151k\u00e9pess\u00e9ge 7,2 to\/ha.<\/p>\n<p>A betakar\u00edt\u00e1s ideje: szeptember k\u00f6zepe, illetve szeptember m\u00e1sodik fele, ilyenkor m\u00e1r rendszerint 20 % k\u00f6r\u00fcli v\u00edztartalommal betakar\u00edthat\u00f3.<\/p>\n<p>Feh\u00e9rjetartalma 11-12 %. Takarm\u00e1nykever\u00e9kekben baromfiakn\u00e1l 30-50 %-ban, sert\u00e9sekn\u00e9l 20 %-ban helyettes\u00edtheti a kukoric\u00e1t.<\/p>\n<p>A kukorica t\u00f6rpemozaik v\u00edrusra (MDMV) kev\u00e9ss\u00e9 \u00e9rz\u00e9keny, Fusarium fajokkal szemben toler\u00e1ns.<\/p>\n<p>&nbsp;<\/p>\n<p><strong>ARACK<\/strong><\/p>\n<p>(Euralis)<\/p>\n<p>\u00c9r\u00e9sid\u0151: k\u00f6z\u00e9pkorai (FAO 400-480)<\/p>\n<p>Szemsz\u00edn: vil\u00e1gos narancs<\/p>\n<p>F\u00e9lig t\u00f6m\u00f6tt buga<br \/>\nTerm\u00e9spotenci\u00e1l: 8-11 t\/ha<br \/>\nTannin mentes<\/p>\n<p>Aj\u00e1nlott t\u0151sz\u00e1m (1000\/ha) 250-280<\/p>\n<p>&nbsp;<\/p>\n<p><strong>FARMSUGRO 180<\/strong><\/p>\n<p>K\u00f6z\u00e9pk\u00e9sei \u00e9r\u00e9s<\/p>\n<p>(Gabonakutat\u00f3 Kft.)<\/p>\n<p>Feh\u00e9r magv\u00fa<\/p>\n<p>Nagy, t\u00f6m\u00f6r bug\u00e1k, tanninmentes term\u00e9s<\/p>\n<p>J\u00f3 sz\u00e1rszil\u00e1rds\u00e1g\u00fa, biog\u00e1z c\u00e9l\u00fa felhaszn\u00e1l\u00e1sra nemes\u00edtett hibrid. Az orsz\u00e1g d\u00e9li, hamar felmeleged\u0151 ter\u00fclet\u00e9n szemes cirokk\u00e9nt is eredm\u00e9nyesen termeszthet\u0151.<\/p>\n<p>10-12% feh\u00e9rjetartalom, 27-31 g ezerszemt\u00f6meg<\/p>\n<p>A k\u00eds\u00e9rletekben a biomassza-t\u00edpus\u00fa cirok hibridek \u00e1tlagos met\u00e1nhozama 3700 m3 \/ha, ezzel szemben a Farmsugro 180 met\u00e1nhozama 4500 m3 \/ha felett volt.<\/p>\n<p>A szemes cirok k\u00eds\u00e9rletekben a vizsg\u00e1lt \u00e9vekben 8 t\/ha k\u00f6zeli szemterm\u00e9st produk\u00e1lt, \u00f6tv\u00f6zi a szemes cirkok \u00e9s a sil\u00f3cirkok el\u0151ny\u00f6s tulajdons\u00e1gait.<\/p>\n<p>Vet\u00e9se m\u00e1jus 15-ig javasolt.<\/p>\n<p>&nbsp;<\/p>\n<p><strong>GK EMESE<\/strong><\/p>\n<p>korai \u00e9r\u00e9s\u0171 k\u00e9tvonalas hibrid<\/p>\n<p>(2005. Gabonakutat\u00f3 Kft.)<\/p>\n<p>Korai \u00e9r\u00e9s\u0171<\/p>\n<p>M\u00e1jus v\u00e9g\u00e9ig vethet\u0151, ak\u00e1r m\u00e1sodvet\u00e9sk\u00e9nt is.<\/p>\n<p>Nagy, kezdetben t\u00f6m\u00f6r bug\u00e1i vannak, amelyek az \u00e9r\u00e9s sor\u00e1n fellazulnak. A szemterm\u00e9s v\u00f6r\u00f6s sz\u00edn\u0171, ezerszemt\u00f6mege: 25-30 g.<\/p>\n<p>Genetikai term\u0151k\u00e9pess\u00e9ge: 9,0-9,5 t\/ha szemterm\u00e9s.<\/p>\n<p>Kiv\u00e1l\u00f3 sz\u00e1razs\u00e1gt\u0171r\u0151-k\u00e9pess\u00e9g\u0171, gyeng\u00e9bb talajokon is j\u00f6vedelmez\u0151en termeszthet\u0151.<\/p>\n<p>Szemterm\u00e9se j\u00f3 min\u0151s\u00e9g\u0171, feh\u00e9rjetartalma 10,5-12,5 %.<\/p>\n<p>Betegs\u00e9gekkel szemben (kukorica cs\u00edkos mozaikv\u00edrus \/MDMV\/, Fusarium fajok, bakt\u00e9riumos lev\u00e9lfoltoss\u00e1g) toler\u00e1ns.<\/p>\n<p>Talaj-el\u0151k\u00e9sz\u00edt\u00e9s: J\u00f3l el\u0151k\u00e9sz\u00edtett vet\u0151mag\u00e1gyat \u00e9s vet\u00e9s ut\u00e1ni t\u00f6m\u00f6r\u00edt\u00e9st ig\u00e9nyel<\/p>\n<p>Vet\u00e9sid\u0151: 12-13\u00b0 C talajh\u0151m\u00e9rs\u00e9kletn\u00e9l (\u00e1prilis v\u00e9ge vagy m\u00e1jus eleje)<\/p>\n<p>Vet\u00e9s m\u00e9lys\u00e9g: 3-5 cm, vet\u00e9shez aj\u00e1nlott mag: 19-21 mag\/m2, aj\u00e1nlott sort\u00e1vol-s\u00e1g: 70 cm, vet\u0151magmennyis\u00e9g: 10-12,5 kg\/ha, optim\u00e1lis \u00e1llom\u00e1nys\u0171r\u0171s\u00e9g:190-230 ezer t\u0151\/ha, aj\u00e1nlott sort\u00e1vols\u00e1g: 50 cm, vet\u0151magmennyis\u00e9g:14-16kg\/ha, optim\u00e1lis \u00e1llom\u00e1nys\u0171r\u0171s\u00e9g 260-320 ezer t\u0151\/ha<\/p>\n<p>25-50%-ban helyettes\u00edtheti a kukoric\u00e1t baromfi takarm\u00e1nykever\u00e9kekben, sert\u00e9s \u00e9s szarvasmarha etet\u00e9s\u00e9n\u00e9l 20%-os bekever\u00e9s aj\u00e1nlott. A szemterm\u00e9s min\u0151s\u00e9ge a kukoric\u00e1\u00e9hoz hasonl\u00f3, de feh\u00e9rje tartalma magasabb (10-12%).<\/p>\n<p>K\u00f6zepes tannin tartalm\u00fa, ez 1 % alatti tannin mennyis\u00e9get jelent, amely megfelel az EU szabv\u00e1nynak. Ennek a mennyis\u00e9gnek em\u00e9szt\u00e9s-k\u00e1ros\u00edt\u00f3 hat\u00e1sa nincs, viszont ez a tannin (\u00f6sszet\u00e9tele a csersavhoz hasonl\u00f3) v\u00e9d a gomb\u00e1s fert\u0151z\u00e9sekkel szemben, amelyek f\u0151leg \u0151szi csapad\u00e9kos id\u0151j\u00e1r\u00e1s eset\u00e9n gyakoriak.<\/p>\n<p>&nbsp;<\/p>\n<p><strong>JAMI<\/strong><\/p>\n<p>(2009. Alfaseed)<\/p>\n<p>K\u00e9tvonalas hibrid<\/p>\n<p>K\u00f6z\u00e9p\u00e9r\u00e9s\u0171<\/p>\n<p>Kedvez\u0151tlen k\u00f6r\u00fclm\u00e9nyek mellett is magas term\u0151k\u00e9pess\u00e9g\u0171, egy\u00f6ntet\u0171 szemes cirok hibrid. Magass\u00e1ga 100-110 cm. Bug\u00e1ja t\u00f6m\u00f6tt, szemterm\u00e9se piros, melynek nyers feh\u00e9rjetartalma 12-15%, ezermagt\u00f6mege 35-40g.<\/p>\n<p>Takarm\u00e1nykever\u00e9kekben sert\u00e9s, szarvasmarha, stb. r\u00e9sz\u00e9re is felhaszn\u00e1lhat\u00f3, maximum 20%-ar\u00e1nyban. Kiv\u00e1l\u00f3 mad\u00e1reles\u00e9g is.<\/p>\n<p>&nbsp;<\/p>\n<p><strong>Z\u00c1DOR<\/strong><\/p>\n<p>korai \u00e9r\u00e9s\u0171 k\u00e9tvonalas hibrid<\/p>\n<p>(1998. DE ATC Karcag)<\/p>\n<p>Kiv\u00e1l\u00f3 \u00e1ll\u00f3k\u00e9pess\u00e9g\u0171 hibrid. Magass\u00e1ga 90-110 cm, a buganyak hossz\u00fas\u00e1ga 10-15 cm, bug\u00e1ja k\u00f6zepesen t\u00f6m\u00f6tt. A szemterm\u00e9s vil\u00e1gosbarna, tannintartalma alacsony. Ezerszem-t\u00f6mege 25-28 g, nyersfeh\u00e9rje-tartalma 12-13%.<\/p>\n<p>Felhaszn\u00e1l\u00e1sa: takarm\u00e1nykever\u00e9kekben a kukoric\u00e1t 40-60%-ban helyettes\u00edtheti.<\/p>\n<p>Term\u0151k\u00e9pess\u00e9ge 5-8 t\/ha.<\/p>\n<p><a href=\"https:\/\/magvas.hu\/index.php\/tavaszi-vetomagok\/egyeb-szemes-takarmanyok\/szemes-cirok\/\" target=\"_blank\">Cirok vet\u0151magk\u00edn\u00e1latunkat ide kattintva tal\u00e1lja!<\/a><\/p>\n","protected":false},"excerpt":{"rendered":"<p>SZEMES CIROK FAJT\u00c1K ALBITA (2001. Karcag) K\u00f6z\u00e9pk\u00e9s\u0151i \u00e9r\u00e9s\u0171 k\u00e9tvonalas hibrid N\u00f6v\u00e9nymagass\u00e1ga 120-150, cm. Bug\u00e1ja k\u00f6zepesen t\u00f6m\u00f6tt, a szemterm\u00e9s sz\u00edne feh\u00e9r. Ezerszem-t\u00f6mege 30-35 g. Tannintartalma igen alacsony, takarm\u00e1ny\u00e9rt\u00e9ke kiv\u00e1l\u00f3. Jobb min\u0151s\u00e9g\u0171 talajokon megfelel\u0151 t\u00e1p-anyagell\u00e1t\u00e1s mellett rekord hozamra, 8-10 t\/ha szemterm\u00e9sre k\u00e9pes.<\/p>\n","protected":false},"author":2,"featured_media":0,"parent":823,"menu_order":0,"comment_status":"closed","ping_status":"closed","template":"","meta":{"footnotes":""},"class_list":["post-1193","page","type-page","status-publish","hentry"],"post_mailing_queue_ids":[],"_links":{"self":[{"href":"https:\/\/magvas.hu\/index.php\/wp-json\/wp\/v2\/pages\/1193","targetHints":{"allow":["GET"]}}],"collection":[{"href":"https:\/\/magvas.hu\/index.php\/wp-json\/wp\/v2\/pages"}],"about":[{"href":"https:\/\/magvas.hu\/index.php\/wp-json\/wp\/v2\/types\/page"}],"author":[{"embeddable":true,"href":"https:\/\/magvas.hu\/index.php\/wp-json\/wp\/v2\/users\/2"}],"replies":[{"embeddable":true,"href":"https:\/\/magvas.hu\/index.php\/wp-json\/wp\/v2\/comments?post=1193"}],"version-history":[{"count":2,"href":"https:\/\/magvas.hu\/index.php\/wp-json\/wp\/v2\/pages\/1193\/revisions"}],"predecessor-version":[{"id":3933,"href":"https:\/\/magvas.hu\/index.php\/wp-json\/wp\/v2\/pages\/1193\/revisions\/3933"}],"up":[{"embeddable":true,"href":"https:\/\/magvas.hu\/index.php\/wp-json\/wp\/v2\/pages\/823"}],"wp:attachment":[{"href":"https:\/\/magvas.hu\/index.php\/wp-json\/wp\/v2\/media?parent=1193"}],"curies":[{"name":"wp","href":"https:\/\/api.w.org\/{rel}","templated":true}]}}