{"id":1165,"date":"2016-03-02T11:14:44","date_gmt":"2016-03-02T11:14:44","guid":{"rendered":"http:\/\/www.magvas.hu\/?page_id=1165"},"modified":"2021-05-18T16:09:27","modified_gmt":"2021-05-18T16:09:27","slug":"zoldrozs-szakmai-informaciok","status":"publish","type":"page","link":"https:\/\/magvas.hu\/index.php\/tavaszi-vetomagok\/zold-rozs\/zoldrozs-szakmai-informaciok\/","title":{"rendered":"Z\u00f6ldrozs &#8211; szakmai inform\u00e1ci\u00f3k"},"content":{"rendered":"<p><strong>BONFIRE &#8211; z\u00f6ldrozs<\/strong><\/p>\n<p>(holland fajta)<\/p>\n<p>Hasznos\u00edthat\u00f3 t\u00f6megtakarm\u00e1nyk\u00e9nt a tejtermel\u0151 tehen\u00e9szetekben illetve biog\u00e1z el\u0151\u00e1ll\u00edt\u00e1s\u00e1ra is. Gyors n\u00f6veked\u00e9si er\u00e9llyel b\u00edr az \u0151szi \u00e9s a tavaszi veget\u00e1ci\u00f3s id\u0151szakban is. \u00d6sszehasonl\u00edtva m\u00e1s fajt\u00e1kkal a legkor\u00e1bban lehet betakar\u00edtani &#8211; \u00edgy f\u0151vet\u00e9sben lehet ut\u00e1na tavaszi \u00e1ru vagy takarm\u00e1nyn\u00f6v\u00e9nyeket illeszteni a vet\u00e9sforg\u00f3ba \u2013 ami nagy el\u0151nnyel b\u00edr a t\u00f6bbi rozsfajt\u00e1hoz k\u00e9pest. Nagy \u2013 15-30 t\/ha &#8211; z\u00f6ld hozamra k\u00e9pes, magas feh\u00e9rje, cukor \u00e9s energiatartalom jellemzi, k\u00f6nnyen em\u00e9szthet\u0151 struktur\u00e1lis rosttartalom mellett. A tavaszi veget\u00e1ci\u00f3s id\u0151szakban napi sz\u00e1razanyag hozama 85 kg\/ha.<\/p>\n<p>Lassan v\u00e9n\u00fcl, ez\u00e9rt kal\u00e1szol\u00e1s ut\u00e1n a t\u00e1pl\u00e1l\u00f3anyag tartalma csak kis m\u00e9rt\u00e9kben romlik, a magnak a termesztett rozsfajt\u00e1khoz k\u00e9pest. El\u0151nye a t\u00f6bbi rozsfajt\u00e1hoz k\u00e9pest, hogy kb. 1 h\u00e9ttel k\u00e9s\u0151bb lehet betakar\u00edtani, v\u00e1ltozatlan t\u00e1pl\u00e1l\u00f3anyag tartalom mellett \u00e9s ez kb. 2-5 t\/ha t\u00f6bblethozamot biztos\u00edt.<\/p>\n<p>Nem t\u00e1maszt k\u00fcl\u00f6nleges k\u00f6vetelm\u00e9nyeket, minden talajt\u00edpuson eredm\u00e9nyesen termeszthet\u0151.<\/p>\n<p><strong>Vet\u00e9si id\u0151:<\/strong> szeptember elej\u00e9t\u0151l okt\u00f3ber v\u00e9g\u00e9ig. Szeptemberi vet\u00e9st\u0151l magasabb hozamok v\u00e1rhat\u00f3ak az intenz\u00edvebb bokrosod\u00e1s miatt.<\/p>\n<p><strong>Vet\u00e9sm\u00e9lys\u00e9g 2-3 cm, vet\u0151mag mennyis\u00e9ge:<\/strong> szeptemberi vet\u00e9sn\u00e9l 100 kg\/ha, k\u00e9s\u0151bbi vet\u00e9sn\u00e9l emelni kell a vet\u0151magnorm\u00e1t.<\/p>\n<p><strong>Betakar\u00edt\u00e1s ideje:<\/strong> az els\u0151 kal\u00e1szok megjelen\u00e9se ut\u00e1n (\u00e1prilis k\u00f6zep\u00e9t\u0151l)<\/p>\n<p><strong>\u00c1llati takarm\u00e1nyoz\u00e1sra:<\/strong> praktikusabb 2 menetben, fonnyaszt\u00e1ssal, biog\u00e1z felhaszn\u00e1l\u00e1sra: lehet 1 menetben is, fonnyaszt\u00e1s n\u00e9lk\u00fcl<\/p>\n<p><strong>Hozam:<\/strong> r\u00f6vid, 45-60 napos tavaszi veget\u00e1ci\u00f3s id\u0151 jellemzi. A napi sz\u00e1razanyaghozam kb. 85 kg\/ha, 20-35 t\/ha v\u00e1rhat\u00f3 z\u00f6ld hozam.<\/p>\n<p><a href=\"https:\/\/magvas.hu\/index.php\/tavaszi-vetomagok\/szalas-tomegtakarmanyok\/zold-rozs\/\" target=\"_blank\">Z\u00f6ldrozs vet\u0151magk\u00edn\u00e1latunkat ide kattintva tal\u00e1lja!<\/a><\/p>\n","protected":false},"excerpt":{"rendered":"<p>BONFIRE &#8211; z\u00f6ldrozs (holland fajta) Hasznos\u00edthat\u00f3 t\u00f6megtakarm\u00e1nyk\u00e9nt a tejtermel\u0151 tehen\u00e9szetekben illetve biog\u00e1z el\u0151\u00e1ll\u00edt\u00e1s\u00e1ra is. Gyors n\u00f6veked\u00e9si er\u00e9llyel b\u00edr az \u0151szi \u00e9s a tavaszi veget\u00e1ci\u00f3s id\u0151szakban is. \u00d6sszehasonl\u00edtva m\u00e1s fajt\u00e1kkal a legkor\u00e1bban lehet betakar\u00edtani &#8211; \u00edgy f\u0151vet\u00e9sben lehet ut\u00e1na tavaszi \u00e1ru<\/p>\n","protected":false},"author":2,"featured_media":0,"parent":925,"menu_order":0,"comment_status":"closed","ping_status":"closed","template":"","meta":{"footnotes":""},"class_list":["post-1165","page","type-page","status-publish","hentry"],"post_mailing_queue_ids":[],"_links":{"self":[{"href":"https:\/\/magvas.hu\/index.php\/wp-json\/wp\/v2\/pages\/1165","targetHints":{"allow":["GET"]}}],"collection":[{"href":"https:\/\/magvas.hu\/index.php\/wp-json\/wp\/v2\/pages"}],"about":[{"href":"https:\/\/magvas.hu\/index.php\/wp-json\/wp\/v2\/types\/page"}],"author":[{"embeddable":true,"href":"https:\/\/magvas.hu\/index.php\/wp-json\/wp\/v2\/users\/2"}],"replies":[{"embeddable":true,"href":"https:\/\/magvas.hu\/index.php\/wp-json\/wp\/v2\/comments?post=1165"}],"version-history":[{"count":2,"href":"https:\/\/magvas.hu\/index.php\/wp-json\/wp\/v2\/pages\/1165\/revisions"}],"predecessor-version":[{"id":3950,"href":"https:\/\/magvas.hu\/index.php\/wp-json\/wp\/v2\/pages\/1165\/revisions\/3950"}],"up":[{"embeddable":true,"href":"https:\/\/magvas.hu\/index.php\/wp-json\/wp\/v2\/pages\/925"}],"wp:attachment":[{"href":"https:\/\/magvas.hu\/index.php\/wp-json\/wp\/v2\/media?parent=1165"}],"curies":[{"name":"wp","href":"https:\/\/api.w.org\/{rel}","templated":true}]}}