{"id":1147,"date":"2016-03-02T11:01:32","date_gmt":"2016-03-02T11:01:32","guid":{"rendered":"http:\/\/www.magvas.hu\/?page_id=1147"},"modified":"2021-05-24T16:37:14","modified_gmt":"2021-05-24T16:37:14","slug":"zoldtragya-keverek-szakmai-informaciok","status":"publish","type":"page","link":"https:\/\/magvas.hu\/index.php\/tavaszi-vetomagok\/mezelo-es-zoldtragya-novenyek\/zoldtragya-keverek\/zoldtragya-keverek-szakmai-informaciok\/","title":{"rendered":"Z\u00f6ldtr\u00e1gya kever\u00e9k &#8211; szakmai inform\u00e1ci\u00f3k"},"content":{"rendered":"<p><strong>Speci\u00e1lis 1<\/strong><\/p>\n<p>\u00d6sszet\u00e9tel:<\/p>\n<p>60 % Poh\u00e1nka<\/p>\n<p>20 % Fac\u00e9lia<\/p>\n<p>20 % B\u00edborhere<\/p>\n<p>Aj\u00e1nlott vet\u0151mag norma:\u00a0\u00a0 25 kg\/ha<\/p>\n<p>&nbsp;<\/p>\n<p><strong>Sz\u0151l\u0151fitt<\/strong><\/p>\n<p>10% feh\u00e9rhere<\/p>\n<p>18% b\u00edborhere<\/p>\n<p>3% koml\u00f3s lucerna<\/p>\n<p>3% <a href=\"https:\/\/magvas.hu\/index.php\/tavaszi-vetomagok\/mezelo-es-zoldtragya-novenyek\/facelia\/\" target=\"_blank\">fac\u00e9lia<\/a><\/p>\n<p>3% <a href=\"https:\/\/magvas.hu\/index.php\/tavaszi-vetomagok\/mezelo-es-zoldtragya-novenyek\/mustar\/\" target=\"_blank\">must\u00e1r<\/a><\/p>\n<p>63% zab<\/p>\n<p>&nbsp;<\/p>\n<p><strong>T\u00e9li z\u00f6ld<\/strong><\/p>\n<p>76%\u00a0 rozs<\/p>\n<p>4% fac\u00e9lia<\/p>\n<p>20% b\u00edborhere<\/p>\n<p>&nbsp;<\/p>\n<p><strong>Z\u00d6LD\u00cdT\u0150 P\u00c1ROS<\/strong><\/p>\n<p>\u00d6sszet\u00e9tel:<\/p>\n<p>60 % Olajretek<\/p>\n<p>40 %\u00a0\u00a0\u00a0\u00a0\u00a0\u00a0\u00a0\u00a0\u00a0 Must\u00e1r<\/p>\n<p>Aj\u00e1nlott vet\u0151mag norma:\u00a0\u00a0\u00a0\u00a0\u00a0\u00a0 25 kg\/ha<\/p>\n<p>&nbsp;<\/p>\n<p><strong>Z\u00d6LD TRI\u00d3<\/strong><\/p>\n<p>64% poh\u00e1nka<\/p>\n<p>12% fac\u00e9lia<\/p>\n<p>24% b\u00edborhere<\/p>\n<p>&nbsp;<\/p>\n<p><strong>Z\u00d6LDUGAR 1<\/strong><\/p>\n<p>45% lucerna<\/p>\n<p>30% n\u00e1dk\u00e9p\u0171 csenkesz<\/p>\n<p>20% angol perje<\/p>\n<p>5% b\u00edborhere<\/p>\n<p>&nbsp;<\/p>\n<p><strong>Z\u00d6LDUGAR 2<\/strong><\/p>\n<p>45% lucerna<\/p>\n<p>50% olaszperje<\/p>\n<p>5% b\u00edborhere<\/p>\n<p>&nbsp;<\/p>\n<p><strong>Z\u00dcMM\u00d6G\u0150 Z\u00d6LD<\/strong><\/p>\n<p>40% b\u00fckk\u00f6ny<\/p>\n<p>16% fac\u00e9lia<\/p>\n<p>44% poh\u00e1nka<\/p>\n<p><a href=\"https:\/\/magvas.hu\/index.php\/tavaszi-vetomagok\/mezelo-es-zoldtragya-novenyek\/zoldtragya-keverek\/\" target=\"_blank\">Z\u00f6ldtr\u00e1gya kever\u00e9keinket ide kattintva tal\u00e1lja!<\/a><\/p>\n","protected":false},"excerpt":{"rendered":"<p>Speci\u00e1lis 1 \u00d6sszet\u00e9tel: 60 % Poh\u00e1nka 20 % Fac\u00e9lia 20 % B\u00edborhere Aj\u00e1nlott vet\u0151mag norma:\u00a0\u00a0 25 kg\/ha &nbsp; Sz\u0151l\u0151fitt 10% feh\u00e9rhere 18% b\u00edborhere 3% koml\u00f3s lucerna 3% fac\u00e9lia 3% must\u00e1r 63% zab &nbsp; T\u00e9li z\u00f6ld 76%\u00a0 rozs 4% fac\u00e9lia 20%<\/p>\n","protected":false},"author":2,"featured_media":0,"parent":673,"menu_order":0,"comment_status":"closed","ping_status":"closed","template":"","meta":{"footnotes":""},"class_list":["post-1147","page","type-page","status-publish","hentry"],"post_mailing_queue_ids":[],"_links":{"self":[{"href":"https:\/\/magvas.hu\/index.php\/wp-json\/wp\/v2\/pages\/1147","targetHints":{"allow":["GET"]}}],"collection":[{"href":"https:\/\/magvas.hu\/index.php\/wp-json\/wp\/v2\/pages"}],"about":[{"href":"https:\/\/magvas.hu\/index.php\/wp-json\/wp\/v2\/types\/page"}],"author":[{"embeddable":true,"href":"https:\/\/magvas.hu\/index.php\/wp-json\/wp\/v2\/users\/2"}],"replies":[{"embeddable":true,"href":"https:\/\/magvas.hu\/index.php\/wp-json\/wp\/v2\/comments?post=1147"}],"version-history":[{"count":4,"href":"https:\/\/magvas.hu\/index.php\/wp-json\/wp\/v2\/pages\/1147\/revisions"}],"predecessor-version":[{"id":4046,"href":"https:\/\/magvas.hu\/index.php\/wp-json\/wp\/v2\/pages\/1147\/revisions\/4046"}],"up":[{"embeddable":true,"href":"https:\/\/magvas.hu\/index.php\/wp-json\/wp\/v2\/pages\/673"}],"wp:attachment":[{"href":"https:\/\/magvas.hu\/index.php\/wp-json\/wp\/v2\/media?parent=1147"}],"curies":[{"name":"wp","href":"https:\/\/api.w.org\/{rel}","templated":true}]}}