{"id":1137,"date":"2016-03-02T10:54:30","date_gmt":"2016-03-02T10:54:30","guid":{"rendered":"http:\/\/www.magvas.hu\/?page_id=1137"},"modified":"2021-05-24T16:41:16","modified_gmt":"2021-05-24T16:41:16","slug":"takarmanyrepce-szakmai-informaciok","status":"publish","type":"page","link":"https:\/\/magvas.hu\/index.php\/tavaszi-vetomagok\/mezelo-es-zoldtragya-novenyek\/takarmanyrepce\/takarmanyrepce-szakmai-informaciok\/","title":{"rendered":"Takarm\u00e1nyrepce &#8211; szakmai inform\u00e1ci\u00f3k"},"content":{"rendered":"<p>K\u00e1posztarepc\u00e9nek vagy repcek\u00e1poszt\u00e1nak nevezik.<\/p>\n<p><strong>Sz\u00e1ra<\/strong>\u00a0vastag (1\u20131,5 cm) hengeres, dudv\u00e1s, alul f\u00e1sod\u00f3. B\u0151 v\u00edzell\u00e1t\u00e1s eset\u00e9n v\u00e9gig leveles. A magva majdnem g\u00f6mb\u00f6ly\u0171, s\u00f6t\u00e9tbarna, fekete. Ezermagt\u00f6mege: 4\u20136 g.<\/p>\n<p><strong>Z\u00f6ldt\u00f6mege\u00a0<\/strong>sz\u00e1nt\u00f3f\u00f6ldi term\u0151helyenk\u00e9nt er\u0151sen v\u00e1ltoz\u00f3: 10 \u2013 30 tonna\/ha<\/p>\n<p><strong>Talajig\u00e9ny:\u00a0<\/strong>a k\u00f6z\u00e9pk\u00f6t\u00f6tt \u00e9s az ann\u00e1l laz\u00e1bb talajok kedvez\u0151ek sz\u00e1m\u00e1ra. J\u00f3, ha a talaj enyh\u00e9n l\u00fagos, de ha m\u00e9sz van a talajban, akkor a 6-os pH-\u00e9rt\u00e9ket is elviseli.<\/p>\n<p><strong>\u00c9ghajlatig\u00e9ny:\u00a0<\/strong>a h\u0171v\u00f6sebb, m\u00e9rs\u00e9kelten meleg, nagyobb fagyokt\u00f3l mentes term\u0151helyeket kedveli. Mind\u00f6ssze \u20133 \u00b0C-os talajmenti fagyot k\u00e9pes elviselni. Enyhe teleken \u00e1ttelelhet \u00e9s tavasszal \u00e1prilisban egy kasz\u00e1l\u00e1st is ad. Ez esetben el\u00e9gg\u00e9 kisz\u00e1r\u00edtja a talajt.<\/p>\n<p>Alkalmazkod\u00f3k\u00e9pess\u00e9ge j\u00f3, az intenz\u00edvt\u0151l az extenz\u00edv gazd\u00e1lkod\u00e1s felt\u00e9telei k\u00f6z\u00f6tt is j\u00f3l meg\u00e9l. Talaja legal\u00e1bb k\u00f6zepes kult\u00far\u00e1llapot\u00fa legyen.<\/p>\n<p>J\u00f3 el\u0151vetem\u00e9nyei az \u0151szi \u00e9s tavaszi kal\u00e1szosok, megfelel\u0151ek a kukorica, a napraforg\u00f3, a burgonya, az <a href=\"https:\/\/magvas.hu\/index.php\/tavaszi-vetomagok\/egyeb-szemes-takarmanyok\/olajlen\/\" target=\"_blank\">olajlen<\/a>, a gy\u00f3gy- \u00e9s f\u0171szern\u00f6v\u00e9nyek. Cukorr\u00e9pa, keresztesvir\u00e1g\u00faak, pillang\u00f3sok, valamint z\u00f6lds\u00e9gf\u00e9l\u00e9k a betegs\u00e9gek terjeszt\u00e9se miatt ne legyenek el\u0151vetem\u00e9nyei. \u00d6nmaga ut\u00e1n 3\u20134 \u00e9vre ker\u00fclhet vissza. Ut\u00e1na valamennyi keresztes vir\u00e1g\u00fa n\u00f6v\u00e9nyen k\u00edv\u00fcl a legt\u00f6bb n\u00f6v\u00e9ny k\u00f6vetkezhet.<\/p>\n<p>Tavasszal, m\u00e1rcius elej\u00e9n apr\u00f3morzs\u00e1s, laza, de \u00fclepedett, \u00fcregmentes mag\u00e1gyat kell k\u00e9sz\u00edteni, amely 5 cm alatt kiss\u00e9 t\u00f6m\u00f6r\u00edtett legyen. A m\u00e1sodvet\u00e9s\u0171 takarm\u00e1nyrepc\u00e9nek hasonl\u00f3 mag\u00e1gy kell.<\/p>\n<p>A kivetend\u0151 cs\u00edr\u00e1z\u00f3 mag 2\u20132,2 milli\u00f3\/ha. El\u00e9rend\u0151 n\u00f6v\u00e9nysz\u00e1m jelent\u0151s ritkul\u00e1s ut\u00e1n legal\u00e1bb 1,2 milli\u00f3\/ha legyen. T\u00f6bbnyire tiszt\u00e1n vetik, de takarm\u00e1nybors\u00f3val keverve is vethet\u0151 jobb term\u0151helyeken.<\/p>\n<table border=\"1\" width=\"250\">\n<tbody>\n<tr>\n<td style=\"text-align: left; background-color: #ededed;\"><strong>Megnevez\u00e9s<\/strong><\/td>\n<td style=\"text-align: left; background-color: #ededed;\" width=\"156\"><strong>Adatok<\/strong><\/td>\n<\/tr>\n<tr>\n<td style=\"text-align: left;\">\u2013 f\u0151vet\u00e9s\u0171<\/td>\n<td style=\"text-align: left;\" width=\"156\">III. 10\u2013IV. 15.<\/td>\n<\/tr>\n<tr>\n<td style=\"text-align: left;\">\u2013 m\u00e1sodvet\u00e9s\u0171<\/td>\n<td style=\"text-align: left;\" width=\"156\">VII. 10\u2013VIII. 10.<\/td>\n<\/tr>\n<tr>\n<td style=\"text-align: left;\">Sort\u00e1vols\u00e1g<\/td>\n<td style=\"text-align: left;\" width=\"156\">12 cm<\/td>\n<\/tr>\n<tr>\n<td style=\"text-align: left;\">Vet\u00e9sm\u00e9lys\u00e9g<\/td>\n<td style=\"text-align: left;\" width=\"156\">1\u20132 cm<\/td>\n<\/tr>\n<tr>\n<td style=\"text-align: left;\">Cs\u00edrasz\u00e1m<\/td>\n<td style=\"text-align: left;\" width=\"156\">220 db\/m<sup>2\u00a0<\/sup>30 db\/fm<\/td>\n<\/tr>\n<tr>\n<td style=\"text-align: left;\">Term\u0151n\u00f6v\u00e9ny<\/td>\n<td style=\"text-align: left;\" width=\"156\">120 db\/m<sup>2<\/sup><\/td>\n<\/tr>\n<tr>\n<td style=\"text-align: left;\">Ezermagt\u00f6meg<\/td>\n<td style=\"text-align: left;\" width=\"156\">4\u20136 g<\/td>\n<\/tr>\n<\/tbody>\n<\/table>\n<p>A tavaszi repce legfontosabb betegs\u00e9gei a fodros mozaikosod\u00e1s, a lisztharmat, a feh\u00e9rpen\u00e9szes t\u0151sz\u00e1rad\u00e1s, valamint a bakt\u00e9riumos feketeer\u0171s\u00e9g. Betegs\u00e9gek ellen takarm\u00e1nynak vetett repc\u00e9ben csak szakszer\u0171 termeszt\u00e9si m\u00f3dszerekkel lehet v\u00e9dekezni.<\/p>\n<p>Sz\u00e1mos \u00e1llati k\u00e1rtev\u0151 k\u00f6z\u00fcl a bagolylepk\u00e9k, a lev\u00e9ltetvek, a repcebolha \u00e9s a repcedar\u00e1zs a legfontosabbak. Ellen\u00fck is els\u0151sorban termeszt\u00e9si m\u00f3dszerekkel (el\u0151vetem\u00e9ny stb.) lehet csak v\u00e9dekezni.<\/p>\n<p>A tavaszi takarm\u00e1nyrepce kasz\u00e1lva z\u00f6lden etethet\u0151, de sil\u00f3zva is kiv\u00e1l\u00f3 takarm\u00e1nyt ad. Zsenge \u00e1llapot\u00e1ban lehets\u00e9ges a legeltet\u00e9se is.<\/p>\n<p><a href=\"https:\/\/magvas.hu\/index.php\/tavaszi-vetomagok\/mezelo-es-zoldtragya-novenyek\/takarmanyrepce\/\" target=\"_blank\">Takarm\u00e1nyrepce vet\u0151magk\u00edn\u00e1latunkat ide kattintva tal\u00e1lja!<\/a><\/p>\n","protected":false},"excerpt":{"rendered":"<p>K\u00e1posztarepc\u00e9nek vagy repcek\u00e1poszt\u00e1nak nevezik. Sz\u00e1ra\u00a0vastag (1\u20131,5 cm) hengeres, dudv\u00e1s, alul f\u00e1sod\u00f3. B\u0151 v\u00edzell\u00e1t\u00e1s eset\u00e9n v\u00e9gig leveles. A magva majdnem g\u00f6mb\u00f6ly\u0171, s\u00f6t\u00e9tbarna, fekete. Ezermagt\u00f6mege: 4\u20136 g. Z\u00f6ldt\u00f6mege\u00a0sz\u00e1nt\u00f3f\u00f6ldi term\u0151helyenk\u00e9nt er\u0151sen v\u00e1ltoz\u00f3: 10 \u2013 30 tonna\/ha Talajig\u00e9ny:\u00a0a k\u00f6z\u00e9pk\u00f6t\u00f6tt \u00e9s az ann\u00e1l laz\u00e1bb talajok<\/p>\n","protected":false},"author":2,"featured_media":0,"parent":869,"menu_order":0,"comment_status":"closed","ping_status":"closed","template":"","meta":{"footnotes":""},"class_list":["post-1137","page","type-page","status-publish","hentry"],"post_mailing_queue_ids":[],"_links":{"self":[{"href":"https:\/\/magvas.hu\/index.php\/wp-json\/wp\/v2\/pages\/1137","targetHints":{"allow":["GET"]}}],"collection":[{"href":"https:\/\/magvas.hu\/index.php\/wp-json\/wp\/v2\/pages"}],"about":[{"href":"https:\/\/magvas.hu\/index.php\/wp-json\/wp\/v2\/types\/page"}],"author":[{"embeddable":true,"href":"https:\/\/magvas.hu\/index.php\/wp-json\/wp\/v2\/users\/2"}],"replies":[{"embeddable":true,"href":"https:\/\/magvas.hu\/index.php\/wp-json\/wp\/v2\/comments?post=1137"}],"version-history":[{"count":3,"href":"https:\/\/magvas.hu\/index.php\/wp-json\/wp\/v2\/pages\/1137\/revisions"}],"predecessor-version":[{"id":4049,"href":"https:\/\/magvas.hu\/index.php\/wp-json\/wp\/v2\/pages\/1137\/revisions\/4049"}],"up":[{"embeddable":true,"href":"https:\/\/magvas.hu\/index.php\/wp-json\/wp\/v2\/pages\/869"}],"wp:attachment":[{"href":"https:\/\/magvas.hu\/index.php\/wp-json\/wp\/v2\/media?parent=1137"}],"curies":[{"name":"wp","href":"https:\/\/api.w.org\/{rel}","templated":true}]}}