{"id":1131,"date":"2016-03-02T10:52:28","date_gmt":"2016-03-02T10:52:28","guid":{"rendered":"http:\/\/www.magvas.hu\/?page_id=1131"},"modified":"2021-08-05T14:07:18","modified_gmt":"2021-08-05T14:07:18","slug":"olajretek-szakmai-informaciok","status":"publish","type":"page","link":"https:\/\/magvas.hu\/index.php\/tavaszi-vetomagok\/mezelo-es-zoldtragya-novenyek\/olajretek\/olajretek-szakmai-informaciok\/","title":{"rendered":"Olajretek &#8211; szakmai inform\u00e1ci\u00f3k"},"content":{"rendered":"<h4><span style=\"color: #993300;\">OLAJRETEK FAJT\u00c1K<\/span><\/h4>\n<p><strong>Litinia<\/strong><\/p>\n<p>(1975. DE ATC Ny\u00edregyh\u00e1za)<\/p>\n<p>Tavaszi vet\u00e9ssel a mag be\u00e9r\u00e9s\u00e9ig a teny\u00e9szideje 90-100 nap. Augusztusban vetve vegetat\u00edv t\u00edpus\u00fa marad, 6-7 h\u00e9tre legt\u00f6bbsz\u00f6r 80 cm-t meghalad\u00f3 sz\u00e1rat nevel. Vir\u00e1gz\u00e1snak\u00a0 szeptember v\u00e9g\u00e9n okt\u00f3ber elej\u00e9n indul \u00e9s magot nem \u00e9rlel.<\/p>\n<p>Keresztes vir\u00e1gj\u00e1nak vir\u00e1gsz\u00edne k\u00e9k \u00e9s feh\u00e9r k\u00f6z\u00f6tt v\u00e1ltoz\u00f3. A bec\u0151term\u00e9se 4-6 cm hossz\u00fa, hengeres v\u00e9ge hegyes, \u00e9r\u00e9s el\u0151tt z\u00f6ld, \u00e9retten homoksz\u00fcrke, a bec\u0151ben 5-10 mag van. \u00c9retten sem ny\u00edlik fel, magja vil\u00e1gos barna sz\u00edn\u0171, de lehet t\u00e9glav\u00f6r\u00f6s is. Ezermagt\u00f6mege 8-11 g. A mag alakja kiss\u00e9 \u00f6sszenyomott ov\u00e1lis. Magja 35-40 % olajat tartalmaz.<\/p>\n<p>Nagy term\u0151k\u00e9pess\u00e9g\u0171, magas olajtartalm\u00fa, a kedvez\u0151tlen talajadotts\u00e1got is elvisel\u0151, j\u00f3 alkalmazkod\u00f3 k\u00e9pess\u00e9ggel rendelkez\u0151, m\u00e1sodvet\u00e9sre is alkalmas olajretekfajta. J\u00f3 a fagyt\u0171r\u0151 k\u00e9pess\u00e9ge. M\u00e1sodvet\u00e9sben, k\u00e9s\u0151 \u0151sszel a -5, -7 \u00b0C-ot is elviseli. Term\u0151k\u00e9pess\u00e9ge 2-3 t\/ha.<\/p>\n","protected":false},"excerpt":{"rendered":"<p>OLAJRETEK FAJT\u00c1K Litinia (1975. DE ATC Ny\u00edregyh\u00e1za) Tavaszi vet\u00e9ssel a mag be\u00e9r\u00e9s\u00e9ig a teny\u00e9szideje 90-100 nap. Augusztusban vetve vegetat\u00edv t\u00edpus\u00fa marad, 6-7 h\u00e9tre legt\u00f6bbsz\u00f6r 80 cm-t meghalad\u00f3 sz\u00e1rat nevel. Vir\u00e1gz\u00e1snak\u00a0 szeptember v\u00e9g\u00e9n okt\u00f3ber elej\u00e9n indul \u00e9s magot nem \u00e9rlel. Keresztes<\/p>\n","protected":false},"author":2,"featured_media":0,"parent":669,"menu_order":0,"comment_status":"closed","ping_status":"closed","template":"","meta":{"footnotes":""},"class_list":["post-1131","page","type-page","status-publish","hentry"],"post_mailing_queue_ids":[],"_links":{"self":[{"href":"https:\/\/magvas.hu\/index.php\/wp-json\/wp\/v2\/pages\/1131","targetHints":{"allow":["GET"]}}],"collection":[{"href":"https:\/\/magvas.hu\/index.php\/wp-json\/wp\/v2\/pages"}],"about":[{"href":"https:\/\/magvas.hu\/index.php\/wp-json\/wp\/v2\/types\/page"}],"author":[{"embeddable":true,"href":"https:\/\/magvas.hu\/index.php\/wp-json\/wp\/v2\/users\/2"}],"replies":[{"embeddable":true,"href":"https:\/\/magvas.hu\/index.php\/wp-json\/wp\/v2\/comments?post=1131"}],"version-history":[{"count":3,"href":"https:\/\/magvas.hu\/index.php\/wp-json\/wp\/v2\/pages\/1131\/revisions"}],"predecessor-version":[{"id":4124,"href":"https:\/\/magvas.hu\/index.php\/wp-json\/wp\/v2\/pages\/1131\/revisions\/4124"}],"up":[{"embeddable":true,"href":"https:\/\/magvas.hu\/index.php\/wp-json\/wp\/v2\/pages\/669"}],"wp:attachment":[{"href":"https:\/\/magvas.hu\/index.php\/wp-json\/wp\/v2\/media?parent=1131"}],"curies":[{"name":"wp","href":"https:\/\/api.w.org\/{rel}","templated":true}]}}