{"id":1095,"date":"2016-03-02T10:39:39","date_gmt":"2016-03-02T10:39:39","guid":{"rendered":"http:\/\/www.magvas.hu\/?page_id=1095"},"modified":"2022-02-01T10:06:41","modified_gmt":"2022-02-01T10:06:41","slug":"csillagfurt","status":"publish","type":"page","link":"https:\/\/magvas.hu\/index.php\/tavaszi-vetomagok\/pillangosok\/evelo-pillangosok\/evelo-pillangosok-szakmai-informaciok\/csillagfurt\/","title":{"rendered":"Csillagf\u00fcrt &#8211; szakmai inform\u00e1ci\u00f3k"},"content":{"rendered":"<h3><span style=\"color: #993300;\">CSILLAGF\u00dcRT FAJT\u00c1K<\/span><\/h3>\n<p><strong>BALK\u00c1NYI\u00a0\u00a0 23<\/strong><\/p>\n<p>A fajtaelismer\u00e9s \u00e9ve : 2005<\/p>\n<p>keser\u0171 csillagf\u00fcrt fajta<\/p>\n<p>Feh\u00e9rje tartalma a sz\u00f3j\u00e1\u00e9hoz hasonl\u00f3, alkaloida mentes\u00edt\u00e9s \/kiold\u00e1s\/ ut\u00e1n a gazdas\u00e1gi haszon\u00e1llatok takarm\u00e1nyoz\u00e1s\u00e1ban felhaszn\u00e1lhat\u00f3.<\/p>\n<p>A hat\u00f3s\u00e1gi vizsg\u00e1latok sor\u00e1n a standardokhoz k\u00e9pest a legnagyobb z\u00f6ldhozamot adta<\/p>\n<p>N gy\u0171jt\u0151: kb. 9o kg\/ha k\u00f6t\u00f6tt nitrog\u00e9nnel gazdag\u00edtja a talajt.<\/p>\n<p>A laza szerkezet\u0171, savany\u00fa k\u00e9mhat\u00e1s\u00fa talajok nagy t\u00f6meget ad\u00f3 z\u00f6ldtr\u00e1gya n\u00f6v\u00e9nye.<\/p>\n<p>ezerszemt\u00f6mege : 370 gr.<\/p>\n<p>a vir\u00e1gok sz\u00edne : r\u00f3zsasz\u00edn<\/p>\n<p>Termeszt\u00e9se\u00a0 m\u0171tr\u00e1gy\u00e1z\u00e1s n\u00e9lk\u00fcl is megval\u00f3s\u00edthat\u00f3,szer\u00e9ny adag\u00fa makroelemek adagol\u00e1s\u00e1t megh\u00e1l\u00e1lja<\/p>\n<p>K\u00e1rtev\u0151k a gyakorlatban nem k\u00e1ros\u00edtj\u00e1k, a g\u00f6rb\u00fcl\u00e9ses sz\u00e1relhal\u00e1s k\u00f3rokoz\u00f3j\u00e1val \/ Colletotrichum sp. \/szemben eddig ellen\u00e1ll\u00f3<\/p>\n<p>A teny\u00e9szid\u0151ben &#8211; amely 160 nap \u2013 vegyszeres lombv\u00e9delmet nem ig\u00e9nyel<\/p>\n<p>Szemterm\u00e9se &#8211; korai vet\u00e9s eset\u00e9n &#8211; 20-30 q \/ ha<\/p>\n<p>Z\u00f6ldh\u00fcvelyes \u00e1llapotban bedolgozva a hekt\u00e1ronk\u00e9nti z\u00f6ldt\u00f6meg: 35-40 to<\/p>\n<p>Aj\u00e1nlott vet\u0151mag norma magtermeszt\u00e9s eset\u00e9n 100-150 kg\/ha, z\u00f6ldtr\u00e1gya vet\u00e9sre 200 kg\/ha<\/p>\n<p>Magtermeszt\u00e9skor s\u00falypontos a min\u00e9l kor\u00e1bbi vet\u00e9sid\u0151. Amint a talaj m\u0171velhet\u0151 \u00e1llapotba ker\u00fcl, vetni kell, mert a megk\u00e9sett vet\u00e9s a szemterm\u00e9st jelent\u0151sen cs\u00f6kkenti.<\/p>\n<p>Tavaszi, f\u0151vet\u00e9s\u0171 z\u00f6ldtr\u00e1gya vet\u00e9s \u00e9s annak bedolgoz\u00e1sa ut\u00e1n ny\u00e1ri, \u0151szi vet\u00e9s\u0171 n\u00f6v\u00e9nyek termelhet\u0151k. A m\u00e1sodvet\u00e9st csak akkor kezdj\u00fck el, amennyiben &#8211; a szalma leker\u00fcl\u00e9se ut\u00e1n &#8211; 8-12 mm csapad\u00e9kot kapunk. A n\u00f6v\u00e9ny bedolgoz\u00e1s\u00e1val meg kell v\u00e1rni az un. z\u00f6ldh\u00fcvelyes \u00e1llapotot.<\/p>\n<p>Az agr\u00e1r-k\u00f6rnyezetgazd\u00e1lkod\u00e1sban r\u00e9sztvev\u0151k, valamint a biotermel\u0151k sz\u00e1m\u00e1ra nagy jelent\u0151s\u00e9g\u0171, de a hosszabb t\u00e1vra gondolkod\u00f3 termel\u0151knek is aj\u00e1nlott a keser\u0171 csillagf\u00fcrt\u00f6k haszn\u00e1lata.<\/p>\n<p><strong>NELLY<\/strong><\/p>\n<p>Elismer\u00e9s\u00e9nek \u00e9ve: 1985<\/p>\n<p>(Debreceni Egyetem)<\/p>\n<p>Finom jelleg\u0171, el\u00e1gaz\u00f3 sz\u00e1r\u00fa 70-100 cm magas (el\u0151fordulnak magasabb, kiugr\u00f3 egyedek).<\/p>\n<p>A vir\u00e1gok sz\u00edne k\u00e9kesfeh\u00e9r. Az id\u0151j\u00e1r\u00e1st\u00f3l \u00e9s a termeszt\u00e9s k\u00f6r\u00fclm\u00e9nyeit\u0151l f\u00fcgg\u0151en a m\u00e1sod- illetve harmadrend\u0171 oldalhajt\u00e1sokon is hozhat term\u00e9st. A mag ezermagt\u00f6mege: 280-340 g, nyersfeh\u00e9rje-tartalma: 34-36 %, \u00f6sszalkaloid-tartalma: 0,1 % alatti.<\/p>\n<p>Kett\u0151s hasznos\u00edt\u00e1s\u00fa fajta. Nagy feh\u00e9rjetartalm\u00fa abrak- illetve z\u00f6ldtakarm\u00e1nyn\u00f6v\u00e9ny.<\/p>\n<p>Els\u0151dlegesen a savany\u00fa talaj\u00fa, kedvez\u0151tlen adotts\u00e1g\u00fa agro\u00f6kol\u00f3giai k\u00f6rzetek n\u00f6v\u00e9nye, ahol m\u00e1s nagymagv\u00fa h\u00fcvelyes termeszt\u00e9s\u00e9t a k\u00f6rnyezeti adotts\u00e1gok nem teszik lehet\u0151v\u00e9.<\/p>\n<p>A barna lev\u00e9l- \u00e9s h\u00fcvelyfoltoss\u00e1gra kiss\u00e9 \u00e9rz\u00e9keny. G\u00e9pi betakar\u00edt\u00e1sra kiv\u00e1l\u00f3an alkalmas. Kiv\u00e1l\u00f3 el\u0151vetem\u00e9ny, n\u00f6v\u00e9nyi sorrendbe, vet\u00e9sforg\u00f3ba k\u00f6nnyen beilleszthet\u0151. Hekt\u00e1ronk\u00e9nti l\u00e9gk\u00f6ri N gy\u0171jt\u00e9se 120-180 kg.<\/p>\n<p>Teny\u00e9szideje: 130-150 nap. Potenci\u00e1lis term\u0151k\u00e9pess\u00e9ge: 4-5 t\/ha mag, illetve 30-40 t\/ha z\u00f6ldt\u00f6meg.<\/p>\n<p>A savany\u00fa k\u00e9mhat\u00e1s\u00fa talajok n\u00f6v\u00e9nye, az 1-2 %-n\u00e1l magasabb m\u00e9sztartalom m\u00e1r klor\u00f3zist okoz.<\/p>\n<p>Optim\u00e1lis vet\u00e9sideje: magra kor\u00e1n a kitavaszod\u00e1st\u00f3l f\u00fcgg\u0151en m\u00e1rcius-\u00e1prilis els\u0151 hete, z\u00f6ldt\u00f6megre \u00e1prilis m\u00e1sodik fel\u00e9t\u0151l m\u00e1jus 10., m\u00e1sodvet\u00e9s j\u00falius 10. \u00e9s augusztus 20. k\u00f6z\u00f6tt. Javasolt cs\u00edrasz\u00e1m: magra 450-500 ezer db\/ha 24-36 cm-es sort\u00e1vols\u00e1gra, z\u00f6ldt\u00f6megre 600-700 ezer db\/ha 12 cm-es sort\u00e1vols\u00e1gra. Vet\u00e9sm\u00e9lys\u00e9g: 2-3 cm-n\u00e9l ne legyen t\u00f6bb k\u00fcl\u00f6n\u00f6sen k\u00f6t\u00f6ttebb talajon. Vegyszeres gyomirt\u00e1ssal a termeszt\u00e9s teljesen g\u00e9pes\u00edthet\u0151.<\/p>\n<p><a href=\"https:\/\/magvas.hu\/index.php\/tavaszi-vetomagok\/pillangosok\/\" target=\"_blank\" rel=\"noopener\">Csillagf\u00fcrt vet\u0151magk\u00edn\u00e1latunkat pillang\u00f3s vet\u0151magok k\u00f6z\u00f6tt erre a linkre kattintva tal\u00e1lja!<\/a><\/p>\n","protected":false},"excerpt":{"rendered":"<p>CSILLAGF\u00dcRT FAJT\u00c1K BALK\u00c1NYI\u00a0\u00a0 23 A fajtaelismer\u00e9s \u00e9ve : 2005 keser\u0171 csillagf\u00fcrt fajta Feh\u00e9rje tartalma a sz\u00f3j\u00e1\u00e9hoz hasonl\u00f3, alkaloida mentes\u00edt\u00e9s \/kiold\u00e1s\/ ut\u00e1n a gazdas\u00e1gi haszon\u00e1llatok takarm\u00e1nyoz\u00e1s\u00e1ban felhaszn\u00e1lhat\u00f3. A hat\u00f3s\u00e1gi vizsg\u00e1latok sor\u00e1n a standardokhoz k\u00e9pest a legnagyobb z\u00f6ldhozamot adta N gy\u0171jt\u0151: kb.<\/p>\n","protected":false},"author":2,"featured_media":0,"parent":1207,"menu_order":0,"comment_status":"closed","ping_status":"closed","template":"","meta":{"footnotes":""},"class_list":["post-1095","page","type-page","status-publish","hentry"],"post_mailing_queue_ids":[],"_links":{"self":[{"href":"https:\/\/magvas.hu\/index.php\/wp-json\/wp\/v2\/pages\/1095","targetHints":{"allow":["GET"]}}],"collection":[{"href":"https:\/\/magvas.hu\/index.php\/wp-json\/wp\/v2\/pages"}],"about":[{"href":"https:\/\/magvas.hu\/index.php\/wp-json\/wp\/v2\/types\/page"}],"author":[{"embeddable":true,"href":"https:\/\/magvas.hu\/index.php\/wp-json\/wp\/v2\/users\/2"}],"replies":[{"embeddable":true,"href":"https:\/\/magvas.hu\/index.php\/wp-json\/wp\/v2\/comments?post=1095"}],"version-history":[{"count":4,"href":"https:\/\/magvas.hu\/index.php\/wp-json\/wp\/v2\/pages\/1095\/revisions"}],"predecessor-version":[{"id":4377,"href":"https:\/\/magvas.hu\/index.php\/wp-json\/wp\/v2\/pages\/1095\/revisions\/4377"}],"up":[{"embeddable":true,"href":"https:\/\/magvas.hu\/index.php\/wp-json\/wp\/v2\/pages\/1207"}],"wp:attachment":[{"href":"https:\/\/magvas.hu\/index.php\/wp-json\/wp\/v2\/media?parent=1095"}],"curies":[{"name":"wp","href":"https:\/\/api.w.org\/{rel}","templated":true}]}}